{"id":945,"date":"2025-10-03T14:33:45","date_gmt":"2025-10-03T12:33:45","guid":{"rendered":"https:\/\/voksar.pl\/?post_type=product&#038;p=945"},"modified":"2026-04-16T12:32:33","modified_gmt":"2026-04-16T10:32:33","slug":"bezprzewodowy-odkurzacz-voksar-a11-led-5w1","status":"publish","type":"product","link":"https:\/\/voksar.pl\/en\/product\/bezprzewodowy-odkurzacz-voksar-a11-led-5w1\/","title":{"rendered":"Cordless hoover VOKSAR A11 LED 5in1"},"content":{"rendered":"<div data-box-name=\"Description\" data-box-id=\"LUo64bt1RQOuwIphdVaomw==sx2lrxHNQUG4Wa7QQbUK8g==gbrCZxJ_RBSlSji1w8NOmA==\" data-prototype-id=\"allegro.showoffer.description\" data-prototype-version=\"0.8\" data-civ=\"009\" data-analytics-enabled=\"\" data-analytics-category=\"allegro.showoffer.description\" data-analytics-groups=\"%5B%22allegro.oferta.base%22%2C%22showproduct.content%22%5D\" data-tsnafhwufvtf=\"\">\n<div class=\"app-container\">\n<div class=\"mgn2_14 mp0t_0a mqu1_21 mli8_k4 mgmw_wo msts_pt _0d3bd_K6Qpj\" style=\"gap: 40px; display: flex; flex-direction: column;\">\n<div class=\"mpof_ki myre_zn myre_8v_l m389_6m_l\">\n<div class=\"mp4t_16_s mryx_16_s mr3m_1 mli2_1 mh85_56 mh85_0_l\">\n<div class=\"mgn2_16 _0d3bd_am0a-\">\n<p><b>Cordless hoover Voksar A11<\/b>\u00a0- is the solution to absolutely all the problems of a clean home. It's top-of-the-range branded equipment for very good money - you pay once and you're a big step closer to an always clean home. The appliance weighs just over 2 kilograms. On top of that, no more lugging around a pipe, heavy body and tugging on cables, because you can hang the whole thing on the wall in a moment. And how does it work? Just like your cordless hoover: it sucks up anything you throw at it.<\/p>\n<p>It really is unbelievable, but with the A11 hoover you will love vacuuming. It's always at hand and you don't have to dig it out, you just pick it up and you can clean. You press a button and it's done. With the wider and sleeker electric brush, the hoover literally guides itself across the floor. Powerful suction, reasonable volume and no suffocating dust blowing through the filter. Thanks to the extendable tube, you can easily adjust the length to suit your current needs. It takes about 3 minutes to vacuum a large room. Don't believe it? See for yourself. Taking care of the cleanliness will really become a pleasure.<\/p>\n<\/div>\n<\/div>\n<div class=\"mp4t_16_s mryx_16_s mr3m_1 mli2_1 mh85_56 mh85_0_l\">\n<div class=\"mg9e_8 mj7a_8 mg9e_0_s mvrt_0_s mj7a_0_s mh36_0_s mzmg_6m munh_16_l m3h2_16_l\">\n<div class=\"mp4t_0 mryx_0 munh_56 m3h2_56\">\n<div class=\"mp7g_oh\"><img decoding=\"async\" class=\"msub_k4 mupj_5k mjru_k4 mse2_k4 mp7g_f6 mq1m_0 mj7u_0 m7er_k4 mqen_m6 m31c_d8 m0ux_fp lazyloaded\" src=\"https:\/\/a.allegroimg.com\/original\/11f5cd\/dc8ac43042ae829707ff2f3c5ccd\/Bezprzewodowy-Odkurzacz-Pionowy-VOKSAR-A11-LED-5w1-HEPA-reczny-cyklonowy\" sizes=\"(min-width: 1200px) 560px, (min-width: 992px) 50vw, 100vw\" srcset=\"https:\/\/a.allegroimg.com\/s360\/11f5cd\/dc8ac43042ae829707ff2f3c5ccd\/Bezprzewodowy-Odkurzacz-Pionowy-VOKSAR-A11-LED-5w1-HEPA-reczny-cyklonowy 360w,https:\/\/a.allegroimg.com\/s720\/11f5cd\/dc8ac43042ae829707ff2f3c5ccd\/Bezprzewodowy-Odkurzacz-Pionowy-VOKSAR-A11-LED-5w1-HEPA-reczny-cyklonowy 720w,https:\/\/a.allegroimg.com\/s1024\/11f5cd\/dc8ac43042ae829707ff2f3c5ccd\/Bezprzewodowy-Odkurzacz-Pionowy-VOKSAR-A11-LED-5w1-HEPA-reczny-cyklonowy 1024w,https:\/\/a.allegroimg.com\/s1440\/11f5cd\/dc8ac43042ae829707ff2f3c5ccd\/Bezprzewodowy-Odkurzacz-Pionowy-VOKSAR-A11-LED-5w1-HEPA-reczny-cyklonowy 1440w,https:\/\/a.allegroimg.com\/original\/11f5cd\/dc8ac43042ae829707ff2f3c5ccd\/Bezprzewodowy-Odkurzacz-Pionowy-VOKSAR-A11-LED-5w1-HEPA-reczny-cyklonowy 2329w\" alt=\"Bezprzewodowy Odkurzacz Pionowy VOKSAR A11 LED 5w1 HEPA r\u0119czny cyklonowy\" width=\"2329px\" \/><\/div>\n<\/div>\n<\/div>\n<\/div>\n<\/div>\n<div class=\"mpof_ki myre_zn myre_8v_l m389_6m_l\">\n<div class=\"mp4t_16_s mryx_16_s mr3m_1 mli2_1 mh85_56 mh85_0_l\">\n<div class=\"mgn2_16 _0d3bd_am0a-\">\n<p><b>MODES OF OPERATION:<\/b><\/p>\n<p><b>ECO MODE:<\/b>\u00a0Economy mode works well for standard cleaning, mainly of hard surfaces, and will allow 45 minutes of operation on a single charge<\/p>\n<p><b>MAX MODE:<\/b>\u00a0The maximum power mode (20 000 Pa) is suitable for more advanced dirt and surfaces such as carpets. The enormous power means that the hoover can cope with even the most difficult situations.<\/p>\n<\/div>\n<\/div>\n<div class=\"mp4t_16_s mryx_16_s mr3m_1 mli2_1 mh85_56 mh85_0_l\">\n<div class=\"mg9e_8 mj7a_8 mg9e_0_s mvrt_0_s mj7a_0_s mh36_0_s mzmg_6m munh_16_l m3h2_16_l\">\n<div class=\"mp4t_0 mryx_0 munh_56 m3h2_56\">\n<div class=\"mp7g_oh\"><img decoding=\"async\" class=\"msub_k4 mupj_5k mjru_k4 mse2_k4 mp7g_f6 mq1m_0 mj7u_0 m7er_k4 mqen_m6 m31c_d8 m0ux_fp lazyloaded\" src=\"https:\/\/a.allegroimg.com\/original\/11a8eb\/637f8bbe4dcaa73f091ce56bc088\/Bezprzewodowy-Odkurzacz-Pionowy-VOKSAR-A11-LED-5w1-HEPA-reczny-cyklonowy-EAN-GTIN-5907274454605\" sizes=\"(min-width: 1200px) 560px, (min-width: 992px) 50vw, 100vw\" srcset=\"https:\/\/a.allegroimg.com\/s360\/11a8eb\/637f8bbe4dcaa73f091ce56bc088\/Bezprzewodowy-Odkurzacz-Pionowy-VOKSAR-A11-LED-5w1-HEPA-reczny-cyklonowy-EAN-GTIN-5907274454605 360w,https:\/\/a.allegroimg.com\/s720\/11a8eb\/637f8bbe4dcaa73f091ce56bc088\/Bezprzewodowy-Odkurzacz-Pionowy-VOKSAR-A11-LED-5w1-HEPA-reczny-cyklonowy-EAN-GTIN-5907274454605 720w,https:\/\/a.allegroimg.com\/s1024\/11a8eb\/637f8bbe4dcaa73f091ce56bc088\/Bezprzewodowy-Odkurzacz-Pionowy-VOKSAR-A11-LED-5w1-HEPA-reczny-cyklonowy-EAN-GTIN-5907274454605 1024w,https:\/\/a.allegroimg.com\/s1440\/11a8eb\/637f8bbe4dcaa73f091ce56bc088\/Bezprzewodowy-Odkurzacz-Pionowy-VOKSAR-A11-LED-5w1-HEPA-reczny-cyklonowy-EAN-GTIN-5907274454605 1440w,https:\/\/a.allegroimg.com\/original\/11a8eb\/637f8bbe4dcaa73f091ce56bc088\/Bezprzewodowy-Odkurzacz-Pionowy-VOKSAR-A11-LED-5w1-HEPA-reczny-cyklonowy-EAN-GTIN-5907274454605 2560w\" alt=\"Bezprzewodowy Odkurzacz Pionowy VOKSAR A11 LED 5w1 HEPA r\u0119czny cyklonowy EAN (GTIN) 5907274454605\" width=\"2560px\" \/><\/div>\n<\/div>\n<\/div>\n<\/div>\n<\/div>\n<div class=\"mpof_ki myre_zn myre_8v_l m389_6m_l\">\n<div class=\"mp4t_16_s mryx_16_s mr3m_1 mli2_1 mh85_56 mh85_0_l\">\n<div class=\"mgn2_16 _0d3bd_am0a-\">\n<p><b>WALL STATION:<\/b><\/p>\n<p>The hoover is equipped with a wall-mounted station on which you can also charge the hoover, so that it is always at hand and continuously ready to work again.<\/p>\n<p><b>3 CHARGING METHODS:<\/b><\/p>\n<p>The A11 allows the battery to be charged in 3 ways:<\/p>\n<ul>\n<li>The first is, of course, that it can be charged at the wall station, which is the most convenient option - just put it down in the station and wait for it to charge,<\/li>\n<li>The hoover can be charged by connecting the charging cable directly to the body of the hoover,<\/li>\n<li>It is possible to charge the hoover by connecting the charging cable directly to the battery.<\/li>\n<\/ul>\n<\/div>\n<\/div>\n<div class=\"mp4t_16_s mryx_16_s mr3m_1 mli2_1 mh85_56 mh85_0_l\">\n<div class=\"mg9e_8 mj7a_8 mg9e_0_s mvrt_0_s mj7a_0_s mh36_0_s mzmg_6m munh_16_l m3h2_16_l\">\n<div class=\"mp4t_0 mryx_0 munh_56 m3h2_56\">\n<div class=\"mp7g_oh\"><img decoding=\"async\" class=\"msub_k4 mupj_5k mjru_k4 mse2_k4 mp7g_f6 mq1m_0 mj7u_0 m7er_k4 mqen_m6 m31c_d8 m0ux_fp lazyloaded\" src=\"https:\/\/a.allegroimg.com\/original\/116972\/e86fe90749a99389eb034ea3a0a4\/Bezprzewodowy-Odkurzacz-Pionowy-VOKSAR-A11-LED-5w1-HEPA-reczny-cyklonowy-Kod-producenta-A11\" sizes=\"(min-width: 1200px) 560px, (min-width: 992px) 50vw, 100vw\" srcset=\"https:\/\/a.allegroimg.com\/s360\/116972\/e86fe90749a99389eb034ea3a0a4\/Bezprzewodowy-Odkurzacz-Pionowy-VOKSAR-A11-LED-5w1-HEPA-reczny-cyklonowy-Kod-producenta-A11 360w,https:\/\/a.allegroimg.com\/s720\/116972\/e86fe90749a99389eb034ea3a0a4\/Bezprzewodowy-Odkurzacz-Pionowy-VOKSAR-A11-LED-5w1-HEPA-reczny-cyklonowy-Kod-producenta-A11 720w,https:\/\/a.allegroimg.com\/s1024\/116972\/e86fe90749a99389eb034ea3a0a4\/Bezprzewodowy-Odkurzacz-Pionowy-VOKSAR-A11-LED-5w1-HEPA-reczny-cyklonowy-Kod-producenta-A11 1024w,https:\/\/a.allegroimg.com\/s1440\/116972\/e86fe90749a99389eb034ea3a0a4\/Bezprzewodowy-Odkurzacz-Pionowy-VOKSAR-A11-LED-5w1-HEPA-reczny-cyklonowy-Kod-producenta-A11 1440w,https:\/\/a.allegroimg.com\/original\/116972\/e86fe90749a99389eb034ea3a0a4\/Bezprzewodowy-Odkurzacz-Pionowy-VOKSAR-A11-LED-5w1-HEPA-reczny-cyklonowy-Kod-producenta-A11 2560w\" alt=\"Bezprzewodowy Odkurzacz Pionowy VOKSAR A11 LED 5w1 HEPA r\u0119czny cyklonowy Kod producenta A11\" width=\"2560px\" \/><\/div>\n<\/div>\n<\/div>\n<\/div>\n<\/div>\n<div class=\"mpof_ki myre_zn myre_8v_l m389_6m_l\">\n<div class=\"mp4t_16_s mryx_16_s mr3m_1 mli2_1 mh85_56 mh85_0_l\">\n<div class=\"mgn2_16 _0d3bd_am0a-\">\n<p><b>IMPROVED FILTRATION METHOD:<\/b><\/p>\n<p>The improved technology and filters capture and trap 99.99% particles as small as 0.3 microns, including dust, allergens and other microscopic pollutants, keeping them out of the air you breathe.<\/p>\n<\/div>\n<\/div>\n<div class=\"mp4t_16_s mryx_16_s mr3m_1 mli2_1 mh85_56 mh85_0_l\">\n<div class=\"mg9e_8 mj7a_8 mg9e_0_s mvrt_0_s mj7a_0_s mh36_0_s mzmg_6m munh_16_l m3h2_16_l\">\n<div class=\"mp4t_0 mryx_0 munh_56 m3h2_56\">\n<div class=\"mp7g_oh\"><img decoding=\"async\" class=\"msub_k4 mupj_5k mjru_k4 mse2_k4 mp7g_f6 mq1m_0 mj7u_0 m7er_k4 mqen_m6 m31c_d8 m0ux_fp lazyloaded\" src=\"https:\/\/a.allegroimg.com\/original\/1130ea\/46340b024aedad3a60cc6fe71b0b\/Bezprzewodowy-Odkurzacz-Pionowy-VOKSAR-A11-LED-5w1-HEPA-reczny-cyklonowy-Kolor-dominujacy-niebieski\" sizes=\"(min-width: 1200px) 560px, (min-width: 992px) 50vw, 100vw\" srcset=\"https:\/\/a.allegroimg.com\/s360\/1130ea\/46340b024aedad3a60cc6fe71b0b\/Bezprzewodowy-Odkurzacz-Pionowy-VOKSAR-A11-LED-5w1-HEPA-reczny-cyklonowy-Kolor-dominujacy-niebieski 360w,https:\/\/a.allegroimg.com\/s720\/1130ea\/46340b024aedad3a60cc6fe71b0b\/Bezprzewodowy-Odkurzacz-Pionowy-VOKSAR-A11-LED-5w1-HEPA-reczny-cyklonowy-Kolor-dominujacy-niebieski 720w,https:\/\/a.allegroimg.com\/s1024\/1130ea\/46340b024aedad3a60cc6fe71b0b\/Bezprzewodowy-Odkurzacz-Pionowy-VOKSAR-A11-LED-5w1-HEPA-reczny-cyklonowy-Kolor-dominujacy-niebieski 1024w,https:\/\/a.allegroimg.com\/s1440\/1130ea\/46340b024aedad3a60cc6fe71b0b\/Bezprzewodowy-Odkurzacz-Pionowy-VOKSAR-A11-LED-5w1-HEPA-reczny-cyklonowy-Kolor-dominujacy-niebieski 1440w,https:\/\/a.allegroimg.com\/original\/1130ea\/46340b024aedad3a60cc6fe71b0b\/Bezprzewodowy-Odkurzacz-Pionowy-VOKSAR-A11-LED-5w1-HEPA-reczny-cyklonowy-Kolor-dominujacy-niebieski 2560w\" alt=\"Bezprzewodowy Odkurzacz Pionowy VOKSAR A11 LED 5w1 HEPA r\u0119czny cyklonowy Kolor dominuj\u0105cy niebieski\" width=\"2560px\" \/><\/div>\n<\/div>\n<\/div>\n<\/div>\n<\/div>\n<div class=\"mpof_ki myre_zn myre_8v_l m389_6m_l\">\n<div class=\"mp4t_16_s mryx_16_s mr3m_1 mli2_1 mh85_56 mh85_0_l\">\n<div class=\"mgn2_16 _0d3bd_am0a-\">\n<p><b>ELECTRIC BRUSH ILLUMINATION:<\/b><\/p>\n<p>The extremely mobile brush has been equipped with LED lights, which will effectively help in harder to reach and darker areas. You will not miss any dirt.<\/p>\n<p><b>PREVENTION OF HAIR ENTANGLEMENT:<\/b><\/p>\n<p>Anti-tangle technology effectively prevents hair from tangling around the brush shaft and ensures that the brush performs well. The gears on the main brush cut through the hair so that the problem of tangling is visibly reduced.<\/p>\n<\/div>\n<\/div>\n<div class=\"mp4t_16_s mryx_16_s mr3m_1 mli2_1 mh85_56 mh85_0_l\">\n<div class=\"mg9e_8 mj7a_8 mg9e_0_s mvrt_0_s mj7a_0_s mh36_0_s mzmg_6m munh_16_l m3h2_16_l\">\n<div class=\"mp4t_0 mryx_0 munh_56 m3h2_56\">\n<div class=\"mp7g_oh\"><img decoding=\"async\" class=\"msub_k4 mupj_5k mjru_k4 mse2_k4 mp7g_f6 mq1m_0 mj7u_0 m7er_k4 mqen_m6 m31c_d8 m0ux_fp lazyloaded\" src=\"https:\/\/a.allegroimg.com\/original\/11285d\/766f8ca2470e8f640eb9c8da15ce\/Bezprzewodowy-Odkurzacz-Pionowy-VOKSAR-A11-LED-5w1-HEPA-reczny-cyklonowy-Zasilanie-akumulatorowe\" sizes=\"(min-width: 1200px) 560px, (min-width: 992px) 50vw, 100vw\" srcset=\"https:\/\/a.allegroimg.com\/s360\/11285d\/766f8ca2470e8f640eb9c8da15ce\/Bezprzewodowy-Odkurzacz-Pionowy-VOKSAR-A11-LED-5w1-HEPA-reczny-cyklonowy-Zasilanie-akumulatorowe 360w,https:\/\/a.allegroimg.com\/s720\/11285d\/766f8ca2470e8f640eb9c8da15ce\/Bezprzewodowy-Odkurzacz-Pionowy-VOKSAR-A11-LED-5w1-HEPA-reczny-cyklonowy-Zasilanie-akumulatorowe 720w,https:\/\/a.allegroimg.com\/s1024\/11285d\/766f8ca2470e8f640eb9c8da15ce\/Bezprzewodowy-Odkurzacz-Pionowy-VOKSAR-A11-LED-5w1-HEPA-reczny-cyklonowy-Zasilanie-akumulatorowe 1024w,https:\/\/a.allegroimg.com\/s1440\/11285d\/766f8ca2470e8f640eb9c8da15ce\/Bezprzewodowy-Odkurzacz-Pionowy-VOKSAR-A11-LED-5w1-HEPA-reczny-cyklonowy-Zasilanie-akumulatorowe 1440w,https:\/\/a.allegroimg.com\/original\/11285d\/766f8ca2470e8f640eb9c8da15ce\/Bezprzewodowy-Odkurzacz-Pionowy-VOKSAR-A11-LED-5w1-HEPA-reczny-cyklonowy-Zasilanie-akumulatorowe 2560w\" alt=\"Bezprzewodowy Odkurzacz Pionowy VOKSAR A11 LED 5w1 HEPA r\u0119czny cyklonowy Zasilanie akumulatorowe\" width=\"2560px\" \/><\/div>\n<\/div>\n<\/div>\n<\/div>\n<\/div>\n<div class=\"mpof_ki myre_zn myre_8v_l m389_6m_l\">\n<div class=\"mp4t_16_s mryx_16_s mr3m_1 mli2_1 mh85_56 mh85_0_l\">\n<div class=\"mgn2_16 _0d3bd_am0a-\">\n<p><b>LARGE DUST CONTAINER:<\/b><\/p>\n<p>The large container allows for uninterrupted vacuuming and does not force frequent emptying of the container, which is trivial anyway. Simply press a button and the lid of the dust container opens by itself, the debris falls out, leaving you without any contact with it.<\/p>\n<\/div>\n<\/div>\n<div class=\"mp4t_16_s mryx_16_s mr3m_1 mli2_1 mh85_56 mh85_0_l\">\n<div class=\"mg9e_8 mj7a_8 mg9e_0_s mvrt_0_s mj7a_0_s mh36_0_s mzmg_6m munh_16_l m3h2_16_l\">\n<div class=\"mp4t_0 mryx_0 munh_56 m3h2_56\">\n<div class=\"mp7g_oh\"><img decoding=\"async\" class=\"msub_k4 mupj_5k mjru_k4 mse2_k4 mp7g_f6 mq1m_0 mj7u_0 m7er_k4 mqen_m6 m31c_d8 m0ux_fp lazyloaded\" src=\"https:\/\/a.allegroimg.com\/original\/1172d5\/52dbabde472ba3316be7188db7d7\/Bezprzewodowy-Odkurzacz-Pionowy-VOKSAR-A11-LED-5w1-HEPA-reczny-cyklonowy-Pojemnosc-zbiornika-na-kurz-1-l\" sizes=\"(min-width: 1200px) 560px, (min-width: 992px) 50vw, 100vw\" srcset=\"https:\/\/a.allegroimg.com\/s360\/1172d5\/52dbabde472ba3316be7188db7d7\/Bezprzewodowy-Odkurzacz-Pionowy-VOKSAR-A11-LED-5w1-HEPA-reczny-cyklonowy-Pojemnosc-zbiornika-na-kurz-1-l 360w,https:\/\/a.allegroimg.com\/s720\/1172d5\/52dbabde472ba3316be7188db7d7\/Bezprzewodowy-Odkurzacz-Pionowy-VOKSAR-A11-LED-5w1-HEPA-reczny-cyklonowy-Pojemnosc-zbiornika-na-kurz-1-l 720w,https:\/\/a.allegroimg.com\/s1024\/1172d5\/52dbabde472ba3316be7188db7d7\/Bezprzewodowy-Odkurzacz-Pionowy-VOKSAR-A11-LED-5w1-HEPA-reczny-cyklonowy-Pojemnosc-zbiornika-na-kurz-1-l 1024w,https:\/\/a.allegroimg.com\/s1440\/1172d5\/52dbabde472ba3316be7188db7d7\/Bezprzewodowy-Odkurzacz-Pionowy-VOKSAR-A11-LED-5w1-HEPA-reczny-cyklonowy-Pojemnosc-zbiornika-na-kurz-1-l 1440w,https:\/\/a.allegroimg.com\/original\/1172d5\/52dbabde472ba3316be7188db7d7\/Bezprzewodowy-Odkurzacz-Pionowy-VOKSAR-A11-LED-5w1-HEPA-reczny-cyklonowy-Pojemnosc-zbiornika-na-kurz-1-l 2560w\" alt=\"Bezprzewodowy Odkurzacz Pionowy VOKSAR A11 LED 5w1 HEPA r\u0119czny cyklonowy Pojemno\u015b\u0107 zbiornika na kurz 1 l\" width=\"2560px\" \/><\/div>\n<\/div>\n<\/div>\n<\/div>\n<\/div>\n<div class=\"mpof_ki myre_zn myre_8v_l m389_6m_l\">\n<div class=\"mp4t_16_s mryx_16_s mr3m_1 mli2_1 mh85_56 mh85_0_l\">\n<div class=\"mgn2_16 _0d3bd_am0a-\">\n<p><b>SELF-STANDING DESIGN:<\/b><\/p>\n<p>The hoover is equipped with a self-standing function so that you can easily put the hoover down anywhere at any time, without having to lean it against other items - the hoover will hold itself upright.<\/p>\n<\/div>\n<\/div>\n<div class=\"mp4t_16_s mryx_16_s mr3m_1 mli2_1 mh85_56 mh85_0_l\">\n<div class=\"mg9e_8 mj7a_8 mg9e_0_s mvrt_0_s mj7a_0_s mh36_0_s mzmg_6m munh_16_l m3h2_16_l\">\n<div class=\"mp4t_0 mryx_0 munh_56 m3h2_56\">\n<div class=\"mp7g_oh\"><img decoding=\"async\" class=\"msub_k4 mupj_5k mjru_k4 mse2_k4 mp7g_f6 mq1m_0 mj7u_0 m7er_k4 mqen_m6 m31c_d8 m0ux_fp lazyloaded\" src=\"https:\/\/a.allegroimg.com\/original\/11c0cc\/6d0f9d194a37b332902e9257088d\/Bezprzewodowy-Odkurzacz-Pionowy-VOKSAR-A11-LED-5w1-HEPA-reczny-cyklonowy-Marka-VOKSAR\" sizes=\"(min-width: 1200px) 560px, (min-width: 992px) 50vw, 100vw\" srcset=\"https:\/\/a.allegroimg.com\/s360\/11c0cc\/6d0f9d194a37b332902e9257088d\/Bezprzewodowy-Odkurzacz-Pionowy-VOKSAR-A11-LED-5w1-HEPA-reczny-cyklonowy-Marka-VOKSAR 360w,https:\/\/a.allegroimg.com\/s720\/11c0cc\/6d0f9d194a37b332902e9257088d\/Bezprzewodowy-Odkurzacz-Pionowy-VOKSAR-A11-LED-5w1-HEPA-reczny-cyklonowy-Marka-VOKSAR 720w,https:\/\/a.allegroimg.com\/s1024\/11c0cc\/6d0f9d194a37b332902e9257088d\/Bezprzewodowy-Odkurzacz-Pionowy-VOKSAR-A11-LED-5w1-HEPA-reczny-cyklonowy-Marka-VOKSAR 1024w,https:\/\/a.allegroimg.com\/s1440\/11c0cc\/6d0f9d194a37b332902e9257088d\/Bezprzewodowy-Odkurzacz-Pionowy-VOKSAR-A11-LED-5w1-HEPA-reczny-cyklonowy-Marka-VOKSAR 1440w,https:\/\/a.allegroimg.com\/original\/11c0cc\/6d0f9d194a37b332902e9257088d\/Bezprzewodowy-Odkurzacz-Pionowy-VOKSAR-A11-LED-5w1-HEPA-reczny-cyklonowy-Marka-VOKSAR 2560w\" alt=\"Bezprzewodowy Odkurzacz Pionowy VOKSAR A11 LED 5w1 HEPA r\u0119czny cyklonowy Marka VOKSAR\" width=\"2560px\" \/><\/div>\n<\/div>\n<\/div>\n<\/div>\n<\/div>\n<div class=\"mpof_ki myre_zn myre_8v_l m389_6m_l\">\n<div class=\"mp4t_16_s mryx_16_s mr3m_1 mli2_1 mh85_56 mh85_0_l\">\n<div class=\"mgn2_16 _0d3bd_am0a-\">\n<p><b>REPLACEABLE BATTERY:<\/b><\/p>\n<p>The hoover is equipped with a replaceable battery which, in basic mode, allows the hoover to run for 45 minutes continuously.<\/p>\n<\/div>\n<\/div>\n<div class=\"mp4t_16_s mryx_16_s mr3m_1 mli2_1 mh85_56 mh85_0_l\">\n<div class=\"mg9e_8 mj7a_8 mg9e_0_s mvrt_0_s mj7a_0_s mh36_0_s mzmg_6m munh_16_l m3h2_16_l\">\n<div class=\"mp4t_0 mryx_0 munh_56 m3h2_56\">\n<div class=\"mp7g_oh\"><img decoding=\"async\" class=\"msub_k4 mupj_5k mjru_k4 mse2_k4 mp7g_f6 mq1m_0 mj7u_0 m7er_k4 mqen_m6 m31c_d8 m0ux_fp lazyloaded\" src=\"https:\/\/a.allegroimg.com\/original\/111ca3\/adb784f04470bc9b4df6962bf356\/Bezprzewodowy-Odkurzacz-Pionowy-VOKSAR-A11-LED-5w1-HEPA-reczny-cyklonowy-Model-A11\" sizes=\"(min-width: 1200px) 560px, (min-width: 992px) 50vw, 100vw\" srcset=\"https:\/\/a.allegroimg.com\/s360\/111ca3\/adb784f04470bc9b4df6962bf356\/Bezprzewodowy-Odkurzacz-Pionowy-VOKSAR-A11-LED-5w1-HEPA-reczny-cyklonowy-Model-A11 360w,https:\/\/a.allegroimg.com\/s720\/111ca3\/adb784f04470bc9b4df6962bf356\/Bezprzewodowy-Odkurzacz-Pionowy-VOKSAR-A11-LED-5w1-HEPA-reczny-cyklonowy-Model-A11 720w,https:\/\/a.allegroimg.com\/s1024\/111ca3\/adb784f04470bc9b4df6962bf356\/Bezprzewodowy-Odkurzacz-Pionowy-VOKSAR-A11-LED-5w1-HEPA-reczny-cyklonowy-Model-A11 1024w,https:\/\/a.allegroimg.com\/s1440\/111ca3\/adb784f04470bc9b4df6962bf356\/Bezprzewodowy-Odkurzacz-Pionowy-VOKSAR-A11-LED-5w1-HEPA-reczny-cyklonowy-Model-A11 1440w,https:\/\/a.allegroimg.com\/original\/111ca3\/adb784f04470bc9b4df6962bf356\/Bezprzewodowy-Odkurzacz-Pionowy-VOKSAR-A11-LED-5w1-HEPA-reczny-cyklonowy-Model-A11 2560w\" alt=\"Bezprzewodowy Odkurzacz Pionowy VOKSAR A11 LED 5w1 HEPA r\u0119czny cyklonowy Model A11\" width=\"2560px\" \/><\/div>\n<\/div>\n<\/div>\n<\/div>\n<\/div>\n<div class=\"mpof_ki myre_zn myre_8v_l m389_6m_l\">\n<div class=\"mp4t_16_s mryx_16_s mr3m_1 mli2_1 mh85_56 mh85_0_l\">\n<div class=\"mgn2_16 _0d3bd_am0a-\">\n<p><b>VERSATILITY:<\/b><\/p>\n<p>Thanks to the design of the A11s, you can easily change the hoover into a handheld version for quick vacuuming of higher surfaces and for use in any location. The multifunctional nozzles are designed for cleaning sofas, tables, ceilings, etc. and the crevice nozzle is designed for cleaning cars, narrow crevices, etc.<\/p>\n<\/div>\n<\/div>\n<div class=\"mp4t_16_s mryx_16_s mr3m_1 mli2_1 mh85_56 mh85_0_l\">\n<div class=\"mg9e_8 mj7a_8 mg9e_0_s mvrt_0_s mj7a_0_s mh36_0_s mzmg_6m munh_16_l m3h2_16_l\">\n<div class=\"mp4t_0 mryx_0 munh_56 m3h2_56\">\n<div class=\"mp7g_oh\"><img decoding=\"async\" class=\"msub_k4 mupj_5k mjru_k4 mse2_k4 mp7g_f6 mq1m_0 mj7u_0 m7er_k4 mqen_m6 m31c_d8 m0ux_fp lazyloaded\" src=\"https:\/\/a.allegroimg.com\/original\/110030\/e25e733449ddaef941cb2e5c3282\/Bezprzewodowy-Odkurzacz-Pionowy-VOKSAR-A11-LED-5w1-HEPA-reczny-cyklonowy-Praca-na-mokro-nie\" sizes=\"(min-width: 1200px) 560px, (min-width: 992px) 50vw, 100vw\" srcset=\"https:\/\/a.allegroimg.com\/s360\/110030\/e25e733449ddaef941cb2e5c3282\/Bezprzewodowy-Odkurzacz-Pionowy-VOKSAR-A11-LED-5w1-HEPA-reczny-cyklonowy-Praca-na-mokro-nie 360w,https:\/\/a.allegroimg.com\/s720\/110030\/e25e733449ddaef941cb2e5c3282\/Bezprzewodowy-Odkurzacz-Pionowy-VOKSAR-A11-LED-5w1-HEPA-reczny-cyklonowy-Praca-na-mokro-nie 720w,https:\/\/a.allegroimg.com\/s1024\/110030\/e25e733449ddaef941cb2e5c3282\/Bezprzewodowy-Odkurzacz-Pionowy-VOKSAR-A11-LED-5w1-HEPA-reczny-cyklonowy-Praca-na-mokro-nie 1024w,https:\/\/a.allegroimg.com\/s1440\/110030\/e25e733449ddaef941cb2e5c3282\/Bezprzewodowy-Odkurzacz-Pionowy-VOKSAR-A11-LED-5w1-HEPA-reczny-cyklonowy-Praca-na-mokro-nie 1440w,https:\/\/a.allegroimg.com\/original\/110030\/e25e733449ddaef941cb2e5c3282\/Bezprzewodowy-Odkurzacz-Pionowy-VOKSAR-A11-LED-5w1-HEPA-reczny-cyklonowy-Praca-na-mokro-nie 2560w\" alt=\"Bezprzewodowy Odkurzacz Pionowy VOKSAR A11 LED 5w1 HEPA r\u0119czny cyklonowy Praca na mokro nie\" width=\"2560px\" \/><\/div>\n<\/div>\n<\/div>\n<\/div>\n<\/div>\n<div class=\"mpof_ki myre_zn myre_8v_l m389_6m_l\">\n<div class=\"mp4t_16_s mryx_16_s mr3m_1 mli2_1 mh85_56 mh85_0_l\">\n<div class=\"mgn2_16 _0d3bd_am0a-\">\n<p><b>Highlights:<\/b><\/p>\n<ul>\n<li>Condition: New<\/li>\n<li>Suction power: 20 000Pa<\/li>\n<li>Working time: 45 minutes<\/li>\n<li>Charging time: 180 minutes<\/li>\n<li>Filter: HEPA<\/li>\n<li>Tank capacity: 1L<\/li>\n<li>Power supply: rechargeable<\/li>\n<\/ul>\n<p><b>Included:<\/b><\/p>\n<ul>\n<li>body including battery<\/li>\n<li>tube<\/li>\n<li>charging station<\/li>\n<li>charging cable<\/li>\n<li>electro-brush<\/li>\n<li>slotted tip<\/li>\n<li>2in1 tip<\/li>\n<li>additional filter<\/li>\n<\/ul>\n<\/div>\n<\/div>\n<div class=\"mp4t_16_s mryx_16_s mr3m_1 mli2_1 mh85_56 mh85_0_l\">\n<div class=\"mg9e_8 mj7a_8 mg9e_0_s mvrt_0_s mj7a_0_s mh36_0_s mzmg_6m munh_16_l m3h2_16_l\">\n<div class=\"mp4t_0 mryx_0 munh_56 m3h2_56\">\n<div class=\"mp7g_oh\"><img decoding=\"async\" class=\"msub_k4 mupj_5k mjru_k4 mse2_k4 mp7g_f6 mq1m_0 mj7u_0 m7er_k4 mqen_m6 m31c_d8 m0ux_fp lazyloaded\" src=\"https:\/\/a.allegroimg.com\/original\/110367\/e4af40a4408982decc9b6c90f2c4\/Bezprzewodowy-Odkurzacz-Pionowy-VOKSAR-A11-LED-5w1-HEPA-reczny-cyklonowy-Stan-opakowania-oryginalne\" sizes=\"(min-width: 1200px) 560px, (min-width: 992px) 50vw, 100vw\" srcset=\"https:\/\/a.allegroimg.com\/s360\/110367\/e4af40a4408982decc9b6c90f2c4\/Bezprzewodowy-Odkurzacz-Pionowy-VOKSAR-A11-LED-5w1-HEPA-reczny-cyklonowy-Stan-opakowania-oryginalne 360w,https:\/\/a.allegroimg.com\/s720\/110367\/e4af40a4408982decc9b6c90f2c4\/Bezprzewodowy-Odkurzacz-Pionowy-VOKSAR-A11-LED-5w1-HEPA-reczny-cyklonowy-Stan-opakowania-oryginalne 720w,https:\/\/a.allegroimg.com\/s1024\/110367\/e4af40a4408982decc9b6c90f2c4\/Bezprzewodowy-Odkurzacz-Pionowy-VOKSAR-A11-LED-5w1-HEPA-reczny-cyklonowy-Stan-opakowania-oryginalne 1024w,https:\/\/a.allegroimg.com\/s1440\/110367\/e4af40a4408982decc9b6c90f2c4\/Bezprzewodowy-Odkurzacz-Pionowy-VOKSAR-A11-LED-5w1-HEPA-reczny-cyklonowy-Stan-opakowania-oryginalne 1440w,https:\/\/a.allegroimg.com\/original\/110367\/e4af40a4408982decc9b6c90f2c4\/Bezprzewodowy-Odkurzacz-Pionowy-VOKSAR-A11-LED-5w1-HEPA-reczny-cyklonowy-Stan-opakowania-oryginalne 2560w\" alt=\"Bezprzewodowy Odkurzacz Pionowy VOKSAR A11 LED 5w1 HEPA r\u0119czny cyklonowy Stan opakowania oryginalne\" width=\"2560px\" \/><\/div>\n<\/div>\n<\/div>\n<\/div>\n<\/div>\n<\/div>\n<\/div>\n<\/div>\n<div data-box-name=\"links divider\" data-box-id=\"LUo64bt1RQOuwIphdVaomw==sx2lrxHNQUG4Wa7QQbUK8g==Wg1Mx-nWR2-fEiRkuhNZdA==\" data-prototype-id=\"allegro.divider\" data-prototype-version=\"1.0\" data-civ=\"ac9\" data-analytics-enabled=\"\" data-analytics-category=\"allegro.divider\" data-analytics-groups=\"%5B%22allegro.oferta.base%22%2C%22showproduct.content%22%5D\" data-fyyvasigtsna=\"\"><\/div>","protected":false},"excerpt":{"rendered":"<p>VOKSAR A11: A revolution in cleaning. Featuring 20,000Pa of power and 45 minutes of battery life, this 5-in-1 cordless upright hoover will give you unprecedented freedom. Equipped with a practical wall station, self-standing function, illuminated electro-brush with Anti-tangle technology and an advanced HEPA filter, it will make your daily cleaning fast, efficient and comfortable.<\/p>","protected":false},"featured_media":954,"comment_status":"open","ping_status":"closed","template":"","meta":{"_bst_post_transparent":"default","_bst_post_title":"","_bst_post_layout":"default","_bst_post_sidebar_id":"","_bst_post_content_style":"default","_bst_post_vertical_padding":"default","_bst_post_feature":"","_bst_post_feature_position":"","_bst_post_header":false,"_bst_post_footer":false},"product_brand":[],"product_cat":[87],"product_tag":[],"class_list":{"0":"post-945","1":"product","2":"type-product","3":"status-publish","4":"has-post-thumbnail","6":"product_cat-odkurzacze-bezprzewodowe","8":"first","9":"instock","10":"shipping-taxable","11":"purchasable","12":"product-type-simple","13":"entry","14":"content-bg","15":"loop-entry"},"_links":{"self":[{"href":"https:\/\/voksar.pl\/en\/wp-json\/wp\/v2\/product\/945","targetHints":{"allow":["GET"]}}],"collection":[{"href":"https:\/\/voksar.pl\/en\/wp-json\/wp\/v2\/product"}],"about":[{"href":"https:\/\/voksar.pl\/en\/wp-json\/wp\/v2\/types\/product"}],"replies":[{"embeddable":true,"href":"https:\/\/voksar.pl\/en\/wp-json\/wp\/v2\/comments?post=945"}],"wp:featuredmedia":[{"embeddable":true,"href":"https:\/\/voksar.pl\/en\/wp-json\/wp\/v2\/media\/954"}],"wp:attachment":[{"href":"https:\/\/voksar.pl\/en\/wp-json\/wp\/v2\/media?parent=945"}],"wp:term":[{"taxonomy":"product_brand","embeddable":true,"href":"https:\/\/voksar.pl\/en\/wp-json\/wp\/v2\/product_brand?post=945"},{"taxonomy":"product_cat","embeddable":true,"href":"https:\/\/voksar.pl\/en\/wp-json\/wp\/v2\/product_cat?post=945"},{"taxonomy":"product_tag","embeddable":true,"href":"https:\/\/voksar.pl\/en\/wp-json\/wp\/v2\/product_tag?post=945"}],"curies":[{"name":"wp","href":"https:\/\/api.w.org\/{rel}","templated":true}]}}