{"id":912,"date":"2025-09-19T04:15:25","date_gmt":"2025-09-19T02:15:25","guid":{"rendered":"https:\/\/voksar.pl\/?post_type=product&#038;p=912"},"modified":"2026-04-01T02:18:16","modified_gmt":"2026-04-01T00:18:16","slug":"bezprzewodowy-odkurzacz-voksar-s11-led-5w1","status":"publish","type":"product","link":"https:\/\/voksar.pl\/en\/product\/bezprzewodowy-odkurzacz-voksar-s11-led-5w1\/","title":{"rendered":"Cordless hoover VOKSAR S11 LED 5in1"},"content":{"rendered":"<div class=\"mgn2_14 mp0t_0a mqu1_21 mli8_k4 mgmw_wo msts_pt _0d3bd_K6Qpj\">\n<div class=\"mpof_ki myre_zn myre_8v_l m389_6m_l\">\n<div class=\"mp4t_16_s mryx_16_s mr3m_1 mli2_1 mh85_56 mh85_0_l\">\n<div class=\"mgn2_16 _0d3bd_am0a-\">\n<p><b>Cordless Upright Vacuum Cleaner VOKSAR S11 LED 5in1 35000Pa 90min<\/b><\/p>\n<p><b>VOKSAR S11\u00a0<\/b>is an innovative and ultra-light upright hoover that makes it convenient to clean your entire home in even less time. Handy and lightweight, this hoover allows you to clean efficiently yet comfortably. The S11 is equipped with a 2-in-1 brush, so cleaning will be as thorough as possible regardless of the type of surface being vacuumed. The device is distinguished by its high\u00a0<b>suction power 35,000Pa\u00a0<\/b>and a working time of\u00a0<b>90 minutes<\/b>\u00a0- check out what else will surprise you.<\/p>\n<p><b>Touchscreen display<\/b><\/p>\n<p>The screen located on the battery allows intuitive management of the hoover and free adjustment of the suction power in 3 levels. The panel also shows information such as the operating mode, the time remaining until the battery is discharged, the brush lock indicator and the dirty filter indicator.<\/p>\n<\/div>\n<\/div>\n<div class=\"mp4t_16_s mryx_16_s mr3m_1 mli2_1 mh85_56 mh85_0_l\">\n<div class=\"mg9e_8 mj7a_8 mg9e_0_s mvrt_0_s mj7a_0_s mh36_0_s mzmg_6m munh_16_l m3h2_16_l\">\n<div class=\"mp4t_0 mryx_0 munh_56 m3h2_56\">\n<div class=\"mp7g_oh\"><img decoding=\"async\" class=\"msub_k4 mupj_5k mjru_k4 mse2_k4 mp7g_f6 mq1m_0 mj7u_0 m7er_k4 mqen_m6 m31c_d8 m0ux_fp lazyloaded\" src=\"https:\/\/a.allegroimg.com\/original\/110944\/0a1e553b4065ae4f7db5ce8c50fb\/Bezprzewodowy-Odkurzacz-Pionowy-reczny-VOKSAR-S11-LED-5w1-35000Pa-90min\" sizes=\"(min-width: 1200px) 560px, (min-width: 992px) 50vw, 100vw\" srcset=\"https:\/\/a.allegroimg.com\/s360\/110944\/0a1e553b4065ae4f7db5ce8c50fb\/Bezprzewodowy-Odkurzacz-Pionowy-reczny-VOKSAR-S11-LED-5w1-35000Pa-90min 337w,https:\/\/a.allegroimg.com\/s720\/110944\/0a1e553b4065ae4f7db5ce8c50fb\/Bezprzewodowy-Odkurzacz-Pionowy-reczny-VOKSAR-S11-LED-5w1-35000Pa-90min 675w,https:\/\/a.allegroimg.com\/s1024\/110944\/0a1e553b4065ae4f7db5ce8c50fb\/Bezprzewodowy-Odkurzacz-Pionowy-reczny-VOKSAR-S11-LED-5w1-35000Pa-90min 960w,https:\/\/a.allegroimg.com\/s1440\/110944\/0a1e553b4065ae4f7db5ce8c50fb\/Bezprzewodowy-Odkurzacz-Pionowy-reczny-VOKSAR-S11-LED-5w1-35000Pa-90min 1350w,https:\/\/a.allegroimg.com\/original\/110944\/0a1e553b4065ae4f7db5ce8c50fb\/Bezprzewodowy-Odkurzacz-Pionowy-reczny-VOKSAR-S11-LED-5w1-35000Pa-90min 2400w\" alt=\"Bezprzewodowy Odkurzacz Pionowy r\u0119czny VOKSAR S11 LED 5w1 35000Pa 90min\" width=\"2400px\" \/><\/div>\n<\/div>\n<\/div>\n<\/div>\n<\/div>\n<div class=\"mpof_ki myre_zn myre_8v_l m389_6m_l\">\n<div class=\"mp4t_16_s mryx_16_s mr3m_1 mli2_1 mh85_56 mh85_0_l\">\n<div class=\"mgn2_16 _0d3bd_am0a-\">\n<p><b>3 power modes<\/b><\/p>\n<ul>\n<li><b>basic (ECO)-\u00a0<\/b>Economy mode is suitable for standard cleaning, mainly of hard surfaces - it will allow 90 minutes of work on a single charge;<\/li>\n<li><b>automatic (AUTO)-<\/b>\u00a0the automatic mode, using sensors and sensors, automatically adjusts the suction power to the current needs. When vacuuming a carpet or when the sensors detect more dirt, the hoover will automatically increase the power, and when there is no need, the power will decrease proportionally to optimise battery consumption;<\/li>\n<li><b>maximum (MAX)-\u00a0\u00a0<\/b>The highest power mode is designed for the most advanced dirt. The enormous power of up to 35000Pa can handle any type of dirt as well as surface<\/li>\n<\/ul>\n<p><b>Impressive power<\/b><\/p>\n<p>High-performance motors provide ultra-quiet but powerful suction reaching up to\u00a0<b>35000 Pa<\/b>, which makes it several times more powerful than cordless hoovers at this price.<\/p>\n<\/div>\n<\/div>\n<div class=\"mp4t_16_s mryx_16_s mr3m_1 mli2_1 mh85_56 mh85_0_l\">\n<div class=\"mg9e_8 mj7a_8 mg9e_0_s mvrt_0_s mj7a_0_s mh36_0_s mzmg_6m munh_16_l m3h2_16_l\">\n<div class=\"mp4t_0 mryx_0 munh_56 m3h2_56\">\n<div class=\"mp7g_oh\"><img decoding=\"async\" class=\"msub_k4 mupj_5k mjru_k4 mse2_k4 mp7g_f6 mq1m_0 mj7u_0 m7er_k4 mqen_m6 m31c_d8 m0ux_fp lazyloaded\" src=\"https:\/\/a.allegroimg.com\/original\/11dd10\/a7f6e3fe482db455fc3aa73bf2c7\/Bezprzewodowy-Odkurzacz-Pionowy-reczny-VOKSAR-S11-LED-5w1-35000Pa-90min-EAN-GTIN-5906846100209\" sizes=\"(min-width: 1200px) 560px, (min-width: 992px) 50vw, 100vw\" srcset=\"https:\/\/a.allegroimg.com\/s360\/11dd10\/a7f6e3fe482db455fc3aa73bf2c7\/Bezprzewodowy-Odkurzacz-Pionowy-reczny-VOKSAR-S11-LED-5w1-35000Pa-90min-EAN-GTIN-5906846100209 360w,https:\/\/a.allegroimg.com\/s720\/11dd10\/a7f6e3fe482db455fc3aa73bf2c7\/Bezprzewodowy-Odkurzacz-Pionowy-reczny-VOKSAR-S11-LED-5w1-35000Pa-90min-EAN-GTIN-5906846100209 720w,https:\/\/a.allegroimg.com\/s1024\/11dd10\/a7f6e3fe482db455fc3aa73bf2c7\/Bezprzewodowy-Odkurzacz-Pionowy-reczny-VOKSAR-S11-LED-5w1-35000Pa-90min-EAN-GTIN-5906846100209 1024w,https:\/\/a.allegroimg.com\/s1440\/11dd10\/a7f6e3fe482db455fc3aa73bf2c7\/Bezprzewodowy-Odkurzacz-Pionowy-reczny-VOKSAR-S11-LED-5w1-35000Pa-90min-EAN-GTIN-5906846100209 1440w,https:\/\/a.allegroimg.com\/original\/11dd10\/a7f6e3fe482db455fc3aa73bf2c7\/Bezprzewodowy-Odkurzacz-Pionowy-reczny-VOKSAR-S11-LED-5w1-35000Pa-90min-EAN-GTIN-5906846100209 2560w\" alt=\"Bezprzewodowy Odkurzacz Pionowy r\u0119czny VOKSAR S11 LED 5w1 35000Pa 90min EAN (GTIN) 5906846100209\" width=\"2560px\" \/><\/div>\n<\/div>\n<\/div>\n<\/div>\n<\/div>\n<div class=\"mpof_ki myre_zn myre_8v_l m389_6m_l\">\n<div class=\"mp4t_16_s mryx_16_s mr3m_1 mli2_1 mh85_56 mh85_0_l\">\n<div class=\"mgn2_16 _0d3bd_am0a-\">\n<p><b>Efficient, replaceable battery:<\/b><\/p>\n<p>The S11 is equipped with the most advanced\u00a0<b>ADDS<\/b>\u00a0(Automatic dust detection system) +\u00a0<b>ABMS<\/b>\u00a0(Automatic Battery Management System), making possible a possible operating time of up to\u00a0<b>90 minutes<\/b>.<\/p>\n<\/div>\n<\/div>\n<div class=\"mp4t_16_s mryx_16_s mr3m_1 mli2_1 mh85_56 mh85_0_l\">\n<div class=\"mg9e_8 mj7a_8 mg9e_0_s mvrt_0_s mj7a_0_s mh36_0_s mzmg_6m munh_16_l m3h2_16_l\">\n<div class=\"mp4t_0 mryx_0 munh_56 m3h2_56\">\n<div class=\"mp7g_oh\"><img decoding=\"async\" class=\"msub_k4 mupj_5k mjru_k4 mse2_k4 mp7g_f6 mq1m_0 mj7u_0 m7er_k4 mqen_m6 m31c_d8 m0ux_fp lazyloaded\" src=\"https:\/\/a.allegroimg.com\/original\/11f095\/75d3b5ce40beb4f89498f4d9a2a8\/Bezprzewodowy-Odkurzacz-Pionowy-reczny-VOKSAR-S11-LED-5w1-35000Pa-90min-Marka-VOKSAR\" sizes=\"(min-width: 1200px) 560px, (min-width: 992px) 50vw, 100vw\" srcset=\"https:\/\/a.allegroimg.com\/s360\/11f095\/75d3b5ce40beb4f89498f4d9a2a8\/Bezprzewodowy-Odkurzacz-Pionowy-reczny-VOKSAR-S11-LED-5w1-35000Pa-90min-Marka-VOKSAR 360w,https:\/\/a.allegroimg.com\/s720\/11f095\/75d3b5ce40beb4f89498f4d9a2a8\/Bezprzewodowy-Odkurzacz-Pionowy-reczny-VOKSAR-S11-LED-5w1-35000Pa-90min-Marka-VOKSAR 720w,https:\/\/a.allegroimg.com\/s1024\/11f095\/75d3b5ce40beb4f89498f4d9a2a8\/Bezprzewodowy-Odkurzacz-Pionowy-reczny-VOKSAR-S11-LED-5w1-35000Pa-90min-Marka-VOKSAR 1024w,https:\/\/a.allegroimg.com\/s1440\/11f095\/75d3b5ce40beb4f89498f4d9a2a8\/Bezprzewodowy-Odkurzacz-Pionowy-reczny-VOKSAR-S11-LED-5w1-35000Pa-90min-Marka-VOKSAR 1440w,https:\/\/a.allegroimg.com\/original\/11f095\/75d3b5ce40beb4f89498f4d9a2a8\/Bezprzewodowy-Odkurzacz-Pionowy-reczny-VOKSAR-S11-LED-5w1-35000Pa-90min-Marka-VOKSAR 2560w\" alt=\"Bezprzewodowy Odkurzacz Pionowy r\u0119czny VOKSAR S11 LED 5w1 35000Pa 90min Marka VOKSAR\" width=\"2560px\" \/><\/div>\n<\/div>\n<\/div>\n<\/div>\n<\/div>\n<div class=\"mpof_ki myre_zn myre_8v_l m389_6m_l\">\n<div class=\"mp4t_16_s mryx_16_s mr3m_1 mli2_1 mh85_56 mh85_0_l\">\n<div class=\"mgn2_16 _0d3bd_am0a-\">\n<p><b>VOKSAR \u201eAir Force\u201d cyclonic filtration technology<\/b><\/p>\n<p>The \u201eAir Force\u201d cyclonic multi-cone technology generates a strong centrifugal force, efficiently filters out contaminants and locates 99.9% in the dust container to prevent secondary contamination. Efficiently resolved filtration enables a fully permeable air duct for longer and uninterrupted powerful suction.<\/p>\n<\/div>\n<\/div>\n<div class=\"mp4t_16_s mryx_16_s mr3m_1 mli2_1 mh85_56 mh85_0_l\">\n<div class=\"mg9e_8 mj7a_8 mg9e_0_s mvrt_0_s mj7a_0_s mh36_0_s mzmg_6m munh_16_l m3h2_16_l\">\n<div class=\"mp4t_0 mryx_0 munh_56 m3h2_56\">\n<div class=\"mp7g_oh\"><img decoding=\"async\" class=\"msub_k4 mupj_5k mjru_k4 mse2_k4 mp7g_f6 mq1m_0 mj7u_0 m7er_k4 mqen_m6 m31c_d8 m0ux_fp lazyloaded\" src=\"https:\/\/a.allegroimg.com\/original\/11aaad\/9a9d82204b86be5d808e013f2203\/Bezprzewodowy-Odkurzacz-Pionowy-reczny-VOKSAR-S11-LED-5w1-35000Pa-90min-Model-S11\" sizes=\"(min-width: 1200px) 560px, (min-width: 992px) 50vw, 100vw\" srcset=\"https:\/\/a.allegroimg.com\/s360\/11aaad\/9a9d82204b86be5d808e013f2203\/Bezprzewodowy-Odkurzacz-Pionowy-reczny-VOKSAR-S11-LED-5w1-35000Pa-90min-Model-S11 360w,https:\/\/a.allegroimg.com\/s720\/11aaad\/9a9d82204b86be5d808e013f2203\/Bezprzewodowy-Odkurzacz-Pionowy-reczny-VOKSAR-S11-LED-5w1-35000Pa-90min-Model-S11 720w,https:\/\/a.allegroimg.com\/s1024\/11aaad\/9a9d82204b86be5d808e013f2203\/Bezprzewodowy-Odkurzacz-Pionowy-reczny-VOKSAR-S11-LED-5w1-35000Pa-90min-Model-S11 1024w,https:\/\/a.allegroimg.com\/s1440\/11aaad\/9a9d82204b86be5d808e013f2203\/Bezprzewodowy-Odkurzacz-Pionowy-reczny-VOKSAR-S11-LED-5w1-35000Pa-90min-Model-S11 1440w,https:\/\/a.allegroimg.com\/original\/11aaad\/9a9d82204b86be5d808e013f2203\/Bezprzewodowy-Odkurzacz-Pionowy-reczny-VOKSAR-S11-LED-5w1-35000Pa-90min-Model-S11 2560w\" alt=\"Bezprzewodowy Odkurzacz Pionowy r\u0119czny VOKSAR S11 LED 5w1 35000Pa 90min Model S11\" width=\"2560px\" \/><\/div>\n<\/div>\n<\/div>\n<\/div>\n<\/div>\n<div class=\"mpof_ki myre_zn myre_8v_l m389_6m_l\">\n<div class=\"mp4t_16_s mryx_16_s mr3m_1 mli2_1 mh85_56 mh85_0_l\">\n<div class=\"mgn2_16 _0d3bd_am0a-\">\n<p><b>Large electric brush \u201eSpecial Force\u201d<\/b><\/p>\n<p>The extra powerful motor built into the electric brush proves its worth in vacuuming the most demanding surfaces, i.e. even high carpets. The \u201eSpecial Force\u201d technology ensures that deeply embedded dirt is pulled in as easily as from a flat and hard surface. The additional LED light located on the power brush will definitely help you locate dirt and make cleaning in darker areas easier.<\/p>\n<p><b>Protective function of the floor brush<\/b><\/p>\n<p>If the floor brush shaft becomes entangled due to excessively long bristles, the floor brush will automatically stop working and a red light will come on to indicate the problem. This will not only avoid damage to the brush motor, but will also extend the life of the brush as well as the hoover itself.<\/p>\n<\/div>\n<\/div>\n<div class=\"mp4t_16_s mryx_16_s mr3m_1 mli2_1 mh85_56 mh85_0_l\">\n<div class=\"mg9e_8 mj7a_8 mg9e_0_s mvrt_0_s mj7a_0_s mh36_0_s mzmg_6m munh_16_l m3h2_16_l\">\n<div class=\"mp4t_0 mryx_0 munh_56 m3h2_56\">\n<div class=\"mp7g_oh\"><img decoding=\"async\" class=\"msub_k4 mupj_5k mjru_k4 mse2_k4 mp7g_f6 mq1m_0 mj7u_0 m7er_k4 mqen_m6 m31c_d8 m0ux_fp lazyloaded\" src=\"https:\/\/a.allegroimg.com\/original\/11ef81\/d324196746b4850013fca49b5971\/Bezprzewodowy-Odkurzacz-Pionowy-reczny-VOKSAR-S11-LED-5w1-35000Pa-90min-Zasilanie-akumulatorowe\" sizes=\"(min-width: 1200px) 560px, (min-width: 992px) 50vw, 100vw\" srcset=\"https:\/\/a.allegroimg.com\/s360\/11ef81\/d324196746b4850013fca49b5971\/Bezprzewodowy-Odkurzacz-Pionowy-reczny-VOKSAR-S11-LED-5w1-35000Pa-90min-Zasilanie-akumulatorowe 360w,https:\/\/a.allegroimg.com\/s720\/11ef81\/d324196746b4850013fca49b5971\/Bezprzewodowy-Odkurzacz-Pionowy-reczny-VOKSAR-S11-LED-5w1-35000Pa-90min-Zasilanie-akumulatorowe 720w,https:\/\/a.allegroimg.com\/s1024\/11ef81\/d324196746b4850013fca49b5971\/Bezprzewodowy-Odkurzacz-Pionowy-reczny-VOKSAR-S11-LED-5w1-35000Pa-90min-Zasilanie-akumulatorowe 1024w,https:\/\/a.allegroimg.com\/s1440\/11ef81\/d324196746b4850013fca49b5971\/Bezprzewodowy-Odkurzacz-Pionowy-reczny-VOKSAR-S11-LED-5w1-35000Pa-90min-Zasilanie-akumulatorowe 1440w,https:\/\/a.allegroimg.com\/original\/11ef81\/d324196746b4850013fca49b5971\/Bezprzewodowy-Odkurzacz-Pionowy-reczny-VOKSAR-S11-LED-5w1-35000Pa-90min-Zasilanie-akumulatorowe 2560w\" alt=\"Bezprzewodowy Odkurzacz Pionowy r\u0119czny VOKSAR S11 LED 5w1 35000Pa 90min Zasilanie akumulatorowe\" width=\"2560px\" \/><\/div>\n<\/div>\n<\/div>\n<\/div>\n<\/div>\n<div class=\"mpof_ki myre_zn myre_8v_l m389_6m_l\">\n<div class=\"mp4t_16_s mryx_16_s mr3m_1 mli2_1 mh85_56 mh85_0_l\">\n<div class=\"mgn2_16 _0d3bd_am0a-\">\n<p><b>Intelligent charging for long-term use<\/b><\/p>\n<p>The S11 is equipped with a smart charger that automatically adjusts the charging time according to the battery capacity. Once the battery is fully charged, the charger will disconnect the power supply, protecting the battery from overcharging. With the smart charger, we can significantly extend the life of the battery, plus it saves us money on our bills.<\/p>\n<p><b>Wall-mounted station<\/b><\/p>\n<p>The hoover is equipped with a wall-mounted station on which you can also charge the hoover, so that it is always at hand and continuously ready to work again.<\/p>\n<p><b>3 charging methods:<\/b><\/p>\n<ul>\n<li>The first is, of course, that it can be charged at the wall station, which is the most convenient option - just put it down in the station and wait for it to charge,<\/li>\n<li>The hoover can be charged by connecting the charging cable directly to the body of the hoover,<\/li>\n<li>It is possible to charge the hoover by connecting the charging cable directly to the battery.<\/li>\n<\/ul>\n<\/div>\n<\/div>\n<div class=\"mp4t_16_s mryx_16_s mr3m_1 mli2_1 mh85_56 mh85_0_l\">\n<div class=\"mg9e_8 mj7a_8 mg9e_0_s mvrt_0_s mj7a_0_s mh36_0_s mzmg_6m munh_16_l m3h2_16_l\">\n<div class=\"mp4t_0 mryx_0 munh_56 m3h2_56\">\n<div class=\"mp7g_oh\"><img decoding=\"async\" class=\"msub_k4 mupj_5k mjru_k4 mse2_k4 mp7g_f6 mq1m_0 mj7u_0 m7er_k4 mqen_m6 m31c_d8 m0ux_fp lazyloaded\" src=\"https:\/\/a.allegroimg.com\/original\/112995\/5c15382c487a83276bb93919bc2d\/Bezprzewodowy-Odkurzacz-Pionowy-reczny-VOKSAR-S11-LED-5w1-35000Pa-90min-Kolor-dominujacy-fioletowy\" sizes=\"(min-width: 1200px) 560px, (min-width: 992px) 50vw, 100vw\" srcset=\"https:\/\/a.allegroimg.com\/s360\/112995\/5c15382c487a83276bb93919bc2d\/Bezprzewodowy-Odkurzacz-Pionowy-reczny-VOKSAR-S11-LED-5w1-35000Pa-90min-Kolor-dominujacy-fioletowy 360w,https:\/\/a.allegroimg.com\/s720\/112995\/5c15382c487a83276bb93919bc2d\/Bezprzewodowy-Odkurzacz-Pionowy-reczny-VOKSAR-S11-LED-5w1-35000Pa-90min-Kolor-dominujacy-fioletowy 720w,https:\/\/a.allegroimg.com\/s1024\/112995\/5c15382c487a83276bb93919bc2d\/Bezprzewodowy-Odkurzacz-Pionowy-reczny-VOKSAR-S11-LED-5w1-35000Pa-90min-Kolor-dominujacy-fioletowy 1024w,https:\/\/a.allegroimg.com\/s1440\/112995\/5c15382c487a83276bb93919bc2d\/Bezprzewodowy-Odkurzacz-Pionowy-reczny-VOKSAR-S11-LED-5w1-35000Pa-90min-Kolor-dominujacy-fioletowy 1440w,https:\/\/a.allegroimg.com\/original\/112995\/5c15382c487a83276bb93919bc2d\/Bezprzewodowy-Odkurzacz-Pionowy-reczny-VOKSAR-S11-LED-5w1-35000Pa-90min-Kolor-dominujacy-fioletowy 2560w\" alt=\"Bezprzewodowy Odkurzacz Pionowy r\u0119czny VOKSAR S11 LED 5w1 35000Pa 90min Kolor dominuj\u0105cy fioletowy\" width=\"2560px\" \/><\/div>\n<\/div>\n<\/div>\n<\/div>\n<\/div>\n<div class=\"mpof_ki myre_zn myre_8v_l m389_6m_l\">\n<div class=\"mp4t_16_s mryx_16_s mr3m_1 mli2_1 mh85_56 mh85_0_l\">\n<div class=\"mgn2_16 _0d3bd_am0a-\">\n<p><b>Self-standing design<\/b><\/p>\n<p>The hoover is equipped with a self-standing function so that you can easily put the hoover down anywhere at any time, without having to lean it against other items - the hoover will hold itself upright.<\/p>\n<p><b>Compact size and low weight<\/b><\/p>\n<p>Thanks to its compact dimensions<b>\u00a0<\/b>and low weight\u00a0\u00a0<b>1.16 kg as a handheld hoover and 2.3 kg as an upright hoover<\/b>\u00a0the equipment is easy to store and handle.<\/p>\n<\/div>\n<\/div>\n<div class=\"mp4t_16_s mryx_16_s mr3m_1 mli2_1 mh85_56 mh85_0_l\">\n<div class=\"mg9e_8 mj7a_8 mg9e_0_s mvrt_0_s mj7a_0_s mh36_0_s mzmg_6m munh_16_l m3h2_16_l\">\n<div class=\"mp4t_0 mryx_0 munh_56 m3h2_56\">\n<div class=\"mp7g_oh\"><img decoding=\"async\" class=\"msub_k4 mupj_5k mjru_k4 mse2_k4 mp7g_f6 mq1m_0 mj7u_0 m7er_k4 mqen_m6 m31c_d8 m0ux_fp lazyloaded\" src=\"https:\/\/a.allegroimg.com\/original\/11027b\/679e30224daa98aa8181e86f299f\/Bezprzewodowy-Odkurzacz-Pionowy-reczny-VOKSAR-S11-LED-5w1-35000Pa-90min-Kod-producenta-S11\" sizes=\"(min-width: 1200px) 560px, (min-width: 992px) 50vw, 100vw\" srcset=\"https:\/\/a.allegroimg.com\/s360\/11027b\/679e30224daa98aa8181e86f299f\/Bezprzewodowy-Odkurzacz-Pionowy-reczny-VOKSAR-S11-LED-5w1-35000Pa-90min-Kod-producenta-S11 360w,https:\/\/a.allegroimg.com\/s720\/11027b\/679e30224daa98aa8181e86f299f\/Bezprzewodowy-Odkurzacz-Pionowy-reczny-VOKSAR-S11-LED-5w1-35000Pa-90min-Kod-producenta-S11 720w,https:\/\/a.allegroimg.com\/s1024\/11027b\/679e30224daa98aa8181e86f299f\/Bezprzewodowy-Odkurzacz-Pionowy-reczny-VOKSAR-S11-LED-5w1-35000Pa-90min-Kod-producenta-S11 1024w,https:\/\/a.allegroimg.com\/s1440\/11027b\/679e30224daa98aa8181e86f299f\/Bezprzewodowy-Odkurzacz-Pionowy-reczny-VOKSAR-S11-LED-5w1-35000Pa-90min-Kod-producenta-S11 1440w,https:\/\/a.allegroimg.com\/original\/11027b\/679e30224daa98aa8181e86f299f\/Bezprzewodowy-Odkurzacz-Pionowy-reczny-VOKSAR-S11-LED-5w1-35000Pa-90min-Kod-producenta-S11 2560w\" alt=\"Bezprzewodowy Odkurzacz Pionowy r\u0119czny VOKSAR S11 LED 5w1 35000Pa 90min Kod producenta S11\" width=\"2560px\" \/><\/div>\n<\/div>\n<\/div>\n<\/div>\n<\/div>\n<div class=\"mpof_ki myre_zn myre_8v_l m389_6m_l\">\n<div class=\"mp4t_16_s mryx_16_s mr3m_1 mli2_1 mh85_56 mh85_0_l\">\n<div class=\"mgn2_16 _0d3bd_am0a-\">\n<p><b>Versatility<\/b><\/p>\n<p>Thanks to the design of the S11, you can easily change the hoover into a handheld version for quick vacuuming of higher surfaces and for use in any location. The multifunctional nozzles are designed for cleaning sofas, tables, ceilings, etc., and the crevice nozzle is designed for cleaning cars, narrow crevices, etc.<\/p>\n<p><b>Adjustable connecting tube length<\/b><\/p>\n<p>The telescopic tube will help to adjust the height of the hoover for everyone. You can adapt it to your needs and your current needs to make cleaning even more comfortable.<\/p>\n<\/div>\n<\/div>\n<div class=\"mp4t_16_s mryx_16_s mr3m_1 mli2_1 mh85_56 mh85_0_l\">\n<div class=\"mg9e_8 mj7a_8 mg9e_0_s mvrt_0_s mj7a_0_s mh36_0_s mzmg_6m munh_16_l m3h2_16_l\">\n<div class=\"mp4t_0 mryx_0 munh_56 m3h2_56\">\n<div class=\"mp7g_oh\"><img decoding=\"async\" class=\"msub_k4 mupj_5k mjru_k4 mse2_k4 mp7g_f6 mq1m_0 mj7u_0 m7er_k4 mqen_m6 m31c_d8 m0ux_fp lazyloaded\" src=\"https:\/\/a.allegroimg.com\/original\/11b9f0\/0ec793c64d9dad8f3c1c81383224\/Bezprzewodowy-Odkurzacz-Pionowy-reczny-VOKSAR-S11-LED-5w1-35000Pa-90min-Pojemnosc-zbiornika-na-kurz-0-5-l\" sizes=\"(min-width: 1200px) 560px, (min-width: 992px) 50vw, 100vw\" srcset=\"https:\/\/a.allegroimg.com\/s360\/11b9f0\/0ec793c64d9dad8f3c1c81383224\/Bezprzewodowy-Odkurzacz-Pionowy-reczny-VOKSAR-S11-LED-5w1-35000Pa-90min-Pojemnosc-zbiornika-na-kurz-0-5-l 360w,https:\/\/a.allegroimg.com\/s720\/11b9f0\/0ec793c64d9dad8f3c1c81383224\/Bezprzewodowy-Odkurzacz-Pionowy-reczny-VOKSAR-S11-LED-5w1-35000Pa-90min-Pojemnosc-zbiornika-na-kurz-0-5-l 720w,https:\/\/a.allegroimg.com\/s1024\/11b9f0\/0ec793c64d9dad8f3c1c81383224\/Bezprzewodowy-Odkurzacz-Pionowy-reczny-VOKSAR-S11-LED-5w1-35000Pa-90min-Pojemnosc-zbiornika-na-kurz-0-5-l 1024w,https:\/\/a.allegroimg.com\/s1440\/11b9f0\/0ec793c64d9dad8f3c1c81383224\/Bezprzewodowy-Odkurzacz-Pionowy-reczny-VOKSAR-S11-LED-5w1-35000Pa-90min-Pojemnosc-zbiornika-na-kurz-0-5-l 1440w,https:\/\/a.allegroimg.com\/original\/11b9f0\/0ec793c64d9dad8f3c1c81383224\/Bezprzewodowy-Odkurzacz-Pionowy-reczny-VOKSAR-S11-LED-5w1-35000Pa-90min-Pojemnosc-zbiornika-na-kurz-0-5-l 2560w\" alt=\"Bezprzewodowy Odkurzacz Pionowy r\u0119czny VOKSAR S11 LED 5w1 35000Pa 90min Pojemno\u015b\u0107 zbiornika na kurz 0.5 l\" width=\"2560px\" \/><\/div>\n<\/div>\n<\/div>\n<\/div>\n<\/div>\n<div class=\"mpof_ki myre_zn myre_8v_l m389_6m_l\">\n<div class=\"mp4t_16_s mryx_16_s mr3m_1 mli2_1 mh85_56 mh85_0_l\">\n<div class=\"mgn2_16 _0d3bd_am0a-\">\n<p><b>Included:<\/b><\/p>\n<ul>\n<li>body including battery<\/li>\n<li>telescopic tube<\/li>\n<li>charging station<\/li>\n<li>power supply<\/li>\n<li>electro-brush<\/li>\n<li>slotted tip<\/li>\n<li>2in1 tip<\/li>\n<li>additional filter<\/li>\n<\/ul>\n<\/div>\n<\/div>\n<div class=\"mp4t_16_s mryx_16_s mr3m_1 mli2_1 mh85_56 mh85_0_l\">\n<div class=\"mg9e_8 mj7a_8 mg9e_0_s mvrt_0_s mj7a_0_s mh36_0_s mzmg_6m munh_16_l m3h2_16_l\">\n<div class=\"mp4t_0 mryx_0 munh_56 m3h2_56\">\n<div class=\"mp7g_oh\"><img decoding=\"async\" class=\"msub_k4 mupj_5k mjru_k4 mse2_k4 mp7g_f6 mq1m_0 mj7u_0 m7er_k4 mqen_m6 m31c_d8 m0ux_fp lazyloaded\" src=\"https:\/\/a.allegroimg.com\/original\/11689e\/209823be4abba4204e06cadf997f\/Bezprzewodowy-Odkurzacz-Pionowy-reczny-VOKSAR-S11-LED-5w1-35000Pa-90min-Praca-na-mokro-nie\" sizes=\"(min-width: 1200px) 560px, (min-width: 992px) 50vw, 100vw\" srcset=\"https:\/\/a.allegroimg.com\/s360\/11689e\/209823be4abba4204e06cadf997f\/Bezprzewodowy-Odkurzacz-Pionowy-reczny-VOKSAR-S11-LED-5w1-35000Pa-90min-Praca-na-mokro-nie 360w,https:\/\/a.allegroimg.com\/s720\/11689e\/209823be4abba4204e06cadf997f\/Bezprzewodowy-Odkurzacz-Pionowy-reczny-VOKSAR-S11-LED-5w1-35000Pa-90min-Praca-na-mokro-nie 720w,https:\/\/a.allegroimg.com\/s1024\/11689e\/209823be4abba4204e06cadf997f\/Bezprzewodowy-Odkurzacz-Pionowy-reczny-VOKSAR-S11-LED-5w1-35000Pa-90min-Praca-na-mokro-nie 1024w,https:\/\/a.allegroimg.com\/s1440\/11689e\/209823be4abba4204e06cadf997f\/Bezprzewodowy-Odkurzacz-Pionowy-reczny-VOKSAR-S11-LED-5w1-35000Pa-90min-Praca-na-mokro-nie 1440w,https:\/\/a.allegroimg.com\/original\/11689e\/209823be4abba4204e06cadf997f\/Bezprzewodowy-Odkurzacz-Pionowy-reczny-VOKSAR-S11-LED-5w1-35000Pa-90min-Praca-na-mokro-nie 2560w\" alt=\"Bezprzewodowy Odkurzacz Pionowy r\u0119czny VOKSAR S11 LED 5w1 35000Pa 90min Praca na mokro nie\" width=\"2560px\" \/><\/div>\n<\/div>\n<\/div>\n<\/div>\n<\/div>\n<\/div>","protected":false},"excerpt":{"rendered":"<p>VOKSAR S11: Experience hassle-free cleaning with this ultra-lightweight upright hoover. It delivers an impressive suction power of 35,000Pa and up to 90 minutes of operation on a single charge. The intuitive touchscreen display, 2-in-1 brush for all surfaces and compact design make it the ideal tool for fast and thorough cleaning throughout the home.<\/p>","protected":false},"featured_media":935,"comment_status":"open","ping_status":"closed","template":"","meta":{"_bst_post_transparent":"default","_bst_post_title":"","_bst_post_layout":"default","_bst_post_sidebar_id":"","_bst_post_content_style":"default","_bst_post_vertical_padding":"default","_bst_post_feature":"","_bst_post_feature_position":"","_bst_post_header":false,"_bst_post_footer":false},"product_brand":[],"product_cat":[87],"product_tag":[],"class_list":{"0":"post-912","1":"product","2":"type-product","3":"status-publish","4":"has-post-thumbnail","6":"product_cat-odkurzacze-bezprzewodowe","8":"first","9":"instock","10":"shipping-taxable","11":"purchasable","12":"product-type-simple","13":"entry","14":"content-bg","15":"loop-entry"},"_links":{"self":[{"href":"https:\/\/voksar.pl\/en\/wp-json\/wp\/v2\/product\/912","targetHints":{"allow":["GET"]}}],"collection":[{"href":"https:\/\/voksar.pl\/en\/wp-json\/wp\/v2\/product"}],"about":[{"href":"https:\/\/voksar.pl\/en\/wp-json\/wp\/v2\/types\/product"}],"replies":[{"embeddable":true,"href":"https:\/\/voksar.pl\/en\/wp-json\/wp\/v2\/comments?post=912"}],"wp:featuredmedia":[{"embeddable":true,"href":"https:\/\/voksar.pl\/en\/wp-json\/wp\/v2\/media\/935"}],"wp:attachment":[{"href":"https:\/\/voksar.pl\/en\/wp-json\/wp\/v2\/media?parent=912"}],"wp:term":[{"taxonomy":"product_brand","embeddable":true,"href":"https:\/\/voksar.pl\/en\/wp-json\/wp\/v2\/product_brand?post=912"},{"taxonomy":"product_cat","embeddable":true,"href":"https:\/\/voksar.pl\/en\/wp-json\/wp\/v2\/product_cat?post=912"},{"taxonomy":"product_tag","embeddable":true,"href":"https:\/\/voksar.pl\/en\/wp-json\/wp\/v2\/product_tag?post=912"}],"curies":[{"name":"wp","href":"https:\/\/api.w.org\/{rel}","templated":true}]}}