{"id":1401,"date":"2026-01-14T17:27:07","date_gmt":"2026-01-14T16:27:07","guid":{"rendered":"https:\/\/voksar.pl\/?post_type=product&#038;p=1401"},"modified":"2026-04-01T02:26:49","modified_gmt":"2026-04-01T00:26:49","slug":"akumulator-bateria-oryginalna-do-odkurzacza-pionowego-voksar-s11","status":"publish","type":"product","link":"https:\/\/voksar.pl\/en\/product\/akumulator-bateria-oryginalna-do-odkurzacza-pionowego-voksar-s11\/","title":{"rendered":"Akumulator Bateria Oryginalna Do Odkurzacza Pionowego VOKSAR S11"},"content":{"rendered":"<div class=\"mpof_ki myre_zn myre_8v_l m389_6m_l\">\n<div class=\"mp4t_16_s mryx_16_s mr3m_1 mli2_1 mh85_56 mh85_0_l\">\n<div class=\"mgn2_16 _0d3bd_am0a-\">\n<p><b>Akumulator Bateria Oryginalna Do Odkurzacza VOKSAR\/ FOKSIER S11<\/b><\/p>\n<p>Akumulator przeznaczony dla odkurzacza VOKSAR S11S. Zapewnia <b>d\u0142ugi<\/b> czas pracy, istnieje te\u017c mo\u017cliwo\u015b\u0107 \u0142adowania go <b>niezale\u017cnie<\/b> od urz\u0105dzenia. Jego monta\u017c nie sprawi Ci \u017cadnego problemu. Ju\u017c nie musisz kupowa\u0107 nowego odkurzacza, gdy akumulator si\u0119 zu\u017cyje &#8211; teraz mo\u017cesz po prostu go wymieni\u0107.<\/p>\n<\/div>\n<\/div>\n<div class=\"mp4t_16_s mryx_16_s mr3m_1 mli2_1 mh85_56 mh85_0_l\">\n<div class=\"mg9e_8 mj7a_8 mg9e_0_s mvrt_0_s mj7a_0_s mh36_0_s mzmg_6m munh_16_l m3h2_16_l\">\n<div class=\"mp4t_0 mryx_0 munh_56 m3h2_56\">\n<div class=\"mp7g_oh\"><img decoding=\"async\" class=\"msub_k4 mupj_5k mjru_k4 mse2_k4 mp7g_f6 mq1m_0 mj7u_0 m7er_k4 mqen_m6 m31c_d8 m0ux_fp lazyloaded\" src=\"https:\/\/a.allegroimg.com\/original\/117afb\/5d5c475346259c86a7e9702d7a8e\/Akumulator-Bateria-Oryginalna-Do-Odkurzacza-Pionowego-VOKSAR-S11-foksier\" sizes=\"(min-width: 1200px) 560px, (min-width: 992px) 50vw, 100vw\" srcset=\"https:\/\/a.allegroimg.com\/s360\/117afb\/5d5c475346259c86a7e9702d7a8e\/Akumulator-Bateria-Oryginalna-Do-Odkurzacza-Pionowego-VOKSAR-S11-foksier 290w,https:\/\/a.allegroimg.com\/s720\/117afb\/5d5c475346259c86a7e9702d7a8e\/Akumulator-Bateria-Oryginalna-Do-Odkurzacza-Pionowego-VOKSAR-S11-foksier 580w,https:\/\/a.allegroimg.com\/s1024\/117afb\/5d5c475346259c86a7e9702d7a8e\/Akumulator-Bateria-Oryginalna-Do-Odkurzacza-Pionowego-VOKSAR-S11-foksier 825w,https:\/\/a.allegroimg.com\/s1440\/117afb\/5d5c475346259c86a7e9702d7a8e\/Akumulator-Bateria-Oryginalna-Do-Odkurzacza-Pionowego-VOKSAR-S11-foksier 1066w,https:\/\/a.allegroimg.com\/original\/117afb\/5d5c475346259c86a7e9702d7a8e\/Akumulator-Bateria-Oryginalna-Do-Odkurzacza-Pionowego-VOKSAR-S11-foksier 1066w\" alt=\"Akumulator Bateria Oryginalna Do Odkurzacza Pionowego VOKSAR S11 foksier\" width=\"1066px\" \/><\/div>\n<\/div>\n<\/div>\n<\/div>\n<\/div>\n<div class=\"mpof_ki myre_zn myre_8v_l m389_6m_l\">\n<div class=\"mp4t_16_s mryx_16_s mr3m_1 mli2_1 mh85_56 mh85_0_l\">\n<div class=\"mgn2_16 _0d3bd_am0a-\">\n<p><b>Zalety:<\/b><\/p>\n<ul>\n<li><b>Zwi\u0119kszenie \u017bywotno\u015bci Odkurzacza:<\/b> Mo\u017cliwo\u015b\u0107 wymiany akumulatora pozwala na zwi\u0119kszenie \u017cywotno\u015bci ca\u0142ego odkurzacza, poniewa\u017c u\u017cytkownik mo\u017ce go u\u017cytkowa\u0107 d\u0142u\u017cej, wymieniaj\u0105c jedynie zu\u017cyty akumulator.<\/li>\n<li><b>\u0141atwa Wymiana:<\/b> Monta\u017c akumulatora jest prosty i intuicyjny, co sprawia, \u017ce wymiana akumulatora nie sprawi u\u017cytkownikowi \u017cadnego problemu.<\/li>\n<li><b>Wymienny akumulator:<\/b> Mo\u017cliwo\u015b\u0107 korzystania z dw\u00f3ch wymiennych akumulator\u00f3w podczas sprz\u0105tania w celu wyd\u0142u\u017cenia czasu pracy.<\/li>\n<\/ul>\n<\/div>\n<\/div>\n<div class=\"mp4t_16_s mryx_16_s mr3m_1 mli2_1 mh85_56 mh85_0_l\">\n<div class=\"mg9e_8 mj7a_8 mg9e_0_s mvrt_0_s mj7a_0_s mh36_0_s mzmg_6m munh_16_l m3h2_16_l\">\n<div class=\"mp4t_0 mryx_0 munh_56 m3h2_56\">\n<div class=\"mp7g_oh\"><img decoding=\"async\" class=\"msub_k4 mupj_5k mjru_k4 mse2_k4 mp7g_f6 mq1m_0 mj7u_0 m7er_k4 mqen_m6 m31c_d8 m0ux_fp lazyloaded\" src=\"https:\/\/a.allegroimg.com\/original\/1137e8\/2a0e77594962b525cd0029e336fb\/Akumulator-Bateria-Oryginalna-Do-Odkurzacza-Pionowego-VOKSAR-S11-foksier-EAN-GTIN-5902601407026\" sizes=\"(min-width: 1200px) 560px, (min-width: 992px) 50vw, 100vw\" srcset=\"https:\/\/a.allegroimg.com\/s360\/1137e8\/2a0e77594962b525cd0029e336fb\/Akumulator-Bateria-Oryginalna-Do-Odkurzacza-Pionowego-VOKSAR-S11-foksier-EAN-GTIN-5902601407026 360w,https:\/\/a.allegroimg.com\/s720\/1137e8\/2a0e77594962b525cd0029e336fb\/Akumulator-Bateria-Oryginalna-Do-Odkurzacza-Pionowego-VOKSAR-S11-foksier-EAN-GTIN-5902601407026 720w,https:\/\/a.allegroimg.com\/s1024\/1137e8\/2a0e77594962b525cd0029e336fb\/Akumulator-Bateria-Oryginalna-Do-Odkurzacza-Pionowego-VOKSAR-S11-foksier-EAN-GTIN-5902601407026 1024w,https:\/\/a.allegroimg.com\/s1440\/1137e8\/2a0e77594962b525cd0029e336fb\/Akumulator-Bateria-Oryginalna-Do-Odkurzacza-Pionowego-VOKSAR-S11-foksier-EAN-GTIN-5902601407026 1440w,https:\/\/a.allegroimg.com\/original\/1137e8\/2a0e77594962b525cd0029e336fb\/Akumulator-Bateria-Oryginalna-Do-Odkurzacza-Pionowego-VOKSAR-S11-foksier-EAN-GTIN-5902601407026 1488w\" alt=\"Akumulator Bateria Oryginalna Do Odkurzacza Pionowego VOKSAR S11 foksier EAN (GTIN) 5902601407026\" width=\"1488px\" \/><\/div>\n<\/div>\n<\/div>\n<\/div>\n<\/div>\n<div class=\"mpof_ki myre_zn myre_8v_l m389_6m_l\">\n<div class=\"mp4t_16_s mryx_16_s mr3m_1 mli2_1 mh85_56 mh85_0_l\">\n<div class=\"mgn2_16 _0d3bd_am0a-\">\n<h2>Specyfikacja:<\/h2>\n<ul>\n<li><b>Nazwa:<\/b> Akumulator do odkurzacza VOKSAR<\/li>\n<li><b>Kompatybilno\u015b\u0107:<\/b> Odkurzacz pionowy VOKSAR \/ FOKSIER S11<\/li>\n<\/ul>\n<\/div>\n<\/div>\n<div class=\"mp4t_16_s mryx_16_s mr3m_1 mli2_1 mh85_56 mh85_0_l\">\n<div class=\"mg9e_8 mj7a_8 mg9e_0_s mvrt_0_s mj7a_0_s mh36_0_s mzmg_6m munh_16_l m3h2_16_l\">\n<div class=\"mp4t_0 mryx_0 munh_56 m3h2_56\">\n<div class=\"mp7g_oh\"><img decoding=\"async\" class=\"msub_k4 mupj_5k mjru_k4 mse2_k4 mp7g_f6 mq1m_0 mj7u_0 m7er_k4 mqen_m6 m31c_d8 m0ux_fp lazyloaded\" src=\"https:\/\/a.allegroimg.com\/original\/11b88a\/9141e74045aa8cf425fa167d36a7\/Akumulator-Bateria-Oryginalna-Do-Odkurzacza-Pionowego-VOKSAR-S11-foksier-Producent-nieznany-producent\" sizes=\"(min-width: 1200px) 560px, (min-width: 992px) 50vw, 100vw\" srcset=\"https:\/\/a.allegroimg.com\/s360\/11b88a\/9141e74045aa8cf425fa167d36a7\/Akumulator-Bateria-Oryginalna-Do-Odkurzacza-Pionowego-VOKSAR-S11-foksier-Producent-nieznany-producent 237w,https:\/\/a.allegroimg.com\/s720\/11b88a\/9141e74045aa8cf425fa167d36a7\/Akumulator-Bateria-Oryginalna-Do-Odkurzacza-Pionowego-VOKSAR-S11-foksier-Producent-nieznany-producent 474w,https:\/\/a.allegroimg.com\/s1024\/11b88a\/9141e74045aa8cf425fa167d36a7\/Akumulator-Bateria-Oryginalna-Do-Odkurzacza-Pionowego-VOKSAR-S11-foksier-Producent-nieznany-producent 675w,https:\/\/a.allegroimg.com\/s1440\/11b88a\/9141e74045aa8cf425fa167d36a7\/Akumulator-Bateria-Oryginalna-Do-Odkurzacza-Pionowego-VOKSAR-S11-foksier-Producent-nieznany-producent 949w,https:\/\/a.allegroimg.com\/original\/11b88a\/9141e74045aa8cf425fa167d36a7\/Akumulator-Bateria-Oryginalna-Do-Odkurzacza-Pionowego-VOKSAR-S11-foksier-Producent-nieznany-producent 1039w\" alt=\"Akumulator Bateria Oryginalna Do Odkurzacza Pionowego VOKSAR S11 foksier Producent nieznany producent\" width=\"1039px\" \/><\/div>\n<\/div>\n<\/div>\n<\/div>\n<\/div>","protected":false},"excerpt":{"rendered":"<p>Akumulator Bateria Oryginalna Do Odkurzacza VOKSAR\/ FOKSIER S11 Akumulator przeznaczony dla odkurzacza VOKSAR S11S. Zapewnia d\u0142ugi czas pracy, istnieje te\u017c mo\u017cliwo\u015b\u0107 \u0142adowania go niezale\u017cnie od urz\u0105dzenia. Jego monta\u017c nie sprawi Ci \u017cadnego problemu. Ju\u017c nie musisz kupowa\u0107 nowego odkurzacza, gdy akumulator si\u0119 zu\u017cyje &#8211; teraz mo\u017cesz po prostu go wymieni\u0107. Zalety: Zwi\u0119kszenie \u017bywotno\u015bci Odkurzacza: Mo\u017cliwo\u015b\u0107&#8230;<\/p>","protected":false},"featured_media":1404,"comment_status":"open","ping_status":"closed","template":"","meta":{"_bst_post_transparent":"default","_bst_post_title":"","_bst_post_layout":"default","_bst_post_sidebar_id":"","_bst_post_content_style":"default","_bst_post_vertical_padding":"default","_bst_post_feature":"","_bst_post_feature_position":"","_bst_post_header":false,"_bst_post_footer":false},"product_brand":[],"product_cat":[125],"product_tag":[],"class_list":{"0":"post-1401","1":"product","2":"type-product","3":"status-publish","4":"has-post-thumbnail","6":"product_cat-akcesoria-odkurzacze","8":"first","9":"instock","10":"shipping-taxable","11":"purchasable","12":"product-type-simple","13":"entry","14":"content-bg","15":"loop-entry"},"_links":{"self":[{"href":"https:\/\/voksar.pl\/en\/wp-json\/wp\/v2\/product\/1401","targetHints":{"allow":["GET"]}}],"collection":[{"href":"https:\/\/voksar.pl\/en\/wp-json\/wp\/v2\/product"}],"about":[{"href":"https:\/\/voksar.pl\/en\/wp-json\/wp\/v2\/types\/product"}],"replies":[{"embeddable":true,"href":"https:\/\/voksar.pl\/en\/wp-json\/wp\/v2\/comments?post=1401"}],"wp:featuredmedia":[{"embeddable":true,"href":"https:\/\/voksar.pl\/en\/wp-json\/wp\/v2\/media\/1404"}],"wp:attachment":[{"href":"https:\/\/voksar.pl\/en\/wp-json\/wp\/v2\/media?parent=1401"}],"wp:term":[{"taxonomy":"product_brand","embeddable":true,"href":"https:\/\/voksar.pl\/en\/wp-json\/wp\/v2\/product_brand?post=1401"},{"taxonomy":"product_cat","embeddable":true,"href":"https:\/\/voksar.pl\/en\/wp-json\/wp\/v2\/product_cat?post=1401"},{"taxonomy":"product_tag","embeddable":true,"href":"https:\/\/voksar.pl\/en\/wp-json\/wp\/v2\/product_tag?post=1401"}],"curies":[{"name":"wp","href":"https:\/\/api.w.org\/{rel}","templated":true}]}}