{"id":1366,"date":"2026-01-14T15:59:06","date_gmt":"2026-01-14T14:59:06","guid":{"rendered":"https:\/\/voksar.pl\/?post_type=product&#038;p=1366"},"modified":"2026-04-01T02:15:57","modified_gmt":"2026-04-01T00:15:57","slug":"frytkownica-beztluszczowa-airfryer-voksar-k11-xxl-8l-12w1-1800w","status":"publish","type":"product","link":"https:\/\/voksar.pl\/en\/product\/frytkownica-beztluszczowa-airfryer-voksar-k11-xxl-8l-12w1-1800w\/","title":{"rendered":"Frytkownica Bezt\u0142uszczowa AirFryer VOKSAR K11 XXL 8L 12w1 1800W"},"content":{"rendered":"<div class=\"mpof_ki myre_zn myre_8v_l m389_6m_l\">\n<div class=\"mp4t_16_s mryx_16_s mr3m_1 mli2_1 mh85_56 mh85_0_l\">\n<div class=\"mgn2_16 _0d3bd_am0a-\">\n<p><b>Bezt\u0142uszczowa Frytkownica VOKSAR K11 AirFryer XXL 8L 12w1 1800W DU\u017bA<\/b><\/p>\n<ul>\n<li><b>Innovative hot air circulation technology<\/b> w frytkownicy bezt\u0142uszczowej Voksar K11 pozwala na przygotowanie potraw praktycznie bez oleju. Teraz mo\u017cesz rozkoszowa\u0107 si\u0119 ulubionymi frytkami, soczystym kurczakiem i innymi przysmakami, bez zb\u0119dnych t\u0142uszcz\u00f3w i kalorii, co jest korzystne dla Twojego zdrowia.<\/li>\n<li><b>Speed and economy<\/b> to kluczowe zalety frytkownicy Voksar K11 w por\u00f3wnaniu do tradycyjnych piekarnik\u00f3w. Dzi\u0119ki r\u00f3wnomiernemu rozprowadzaniu gor\u0105cego powietrza, Twoje potrawy b\u0119d\u0105 gotowe w mgnieniu oka, idealne na szybki obiad.<\/li>\n<li><b>Easy handling and cleaning<\/b> to atuty frytkownicy Voksar K11. Wyjmowany kosz na potrawy mo\u017cna \u0142atwo umy\u0107, co sprawia, \u017ce utrzymanie urz\u0105dzenia w czysto\u015bci jest banalnie proste. Pami\u0119taj, aby zawsze my\u0107 ostudzone cz\u0119\u015bci urz\u0105dzenia i unika\u0107 mycia nagrzanych element\u00f3w.<\/li>\n<li><b>AIR FRYER<\/b> to prawdziwie wszechstronne urz\u0105dzenie kuchenne, oferuj\u0105ce funkcje takie jak grillowanie, pieczenie czy podgrzewanie. Z 12 r\u00f3\u017cnymi programami, masz mo\u017cliwo\u015b\u0107 przygotowywania r\u00f3\u017cnorodnych potraw, nie tylko frytek, co czyni go nieocenionym narz\u0119dziem w Twojej kuchni.<\/li>\n<\/ul>\n<\/div>\n<\/div>\n<div class=\"mp4t_16_s mryx_16_s mr3m_1 mli2_1 mh85_56 mh85_0_l\">\n<div class=\"mg9e_8 mj7a_8 mg9e_0_s mvrt_0_s mj7a_0_s mh36_0_s mzmg_6m munh_16_l m3h2_16_l\">\n<div class=\"mp4t_0 mryx_0 munh_56 m3h2_56\">\n<div class=\"mp7g_oh\"><img decoding=\"async\" class=\"msub_k4 mupj_5k mjru_k4 mse2_k4 mp7g_f6 mq1m_0 mj7u_0 m7er_k4 mqen_m6 m31c_d8 m0ux_fp lazyloaded\" src=\"https:\/\/a.allegroimg.com\/original\/11639d\/1f5360e64920967821ed25b77f30\/Frytkownica-Beztluszczowa-AirFryer-VOKSAR-K11-XXL-8L-12w1-1800W-PRZEPISY-Kod-producenta-k11\" sizes=\"(min-width: 1200px) 560px, (min-width: 992px) 50vw, 100vw\" srcset=\"https:\/\/a.allegroimg.com\/s360\/11639d\/1f5360e64920967821ed25b77f30\/Frytkownica-Beztluszczowa-AirFryer-VOKSAR-K11-XXL-8L-12w1-1800W-PRZEPISY-Kod-producenta-k11 360w,https:\/\/a.allegroimg.com\/s720\/11639d\/1f5360e64920967821ed25b77f30\/Frytkownica-Beztluszczowa-AirFryer-VOKSAR-K11-XXL-8L-12w1-1800W-PRZEPISY-Kod-producenta-k11 720w,https:\/\/a.allegroimg.com\/s1024\/11639d\/1f5360e64920967821ed25b77f30\/Frytkownica-Beztluszczowa-AirFryer-VOKSAR-K11-XXL-8L-12w1-1800W-PRZEPISY-Kod-producenta-k11 1024w,https:\/\/a.allegroimg.com\/s1440\/11639d\/1f5360e64920967821ed25b77f30\/Frytkownica-Beztluszczowa-AirFryer-VOKSAR-K11-XXL-8L-12w1-1800W-PRZEPISY-Kod-producenta-k11 1440w,https:\/\/a.allegroimg.com\/original\/11639d\/1f5360e64920967821ed25b77f30\/Frytkownica-Beztluszczowa-AirFryer-VOKSAR-K11-XXL-8L-12w1-1800W-PRZEPISY-Kod-producenta-k11 2560w\" alt=\"Frytkownica Bezt\u0142uszczowa AirFryer VOKSAR K11 XXL 8L 12w1 1800W + PRZEPISY Kod producenta k11\" width=\"2560px\" \/><\/div>\n<\/div>\n<\/div>\n<\/div>\n<\/div>\n<div class=\"mpof_ki myre_zn myre_8v_l m389_6m_l\">\n<div class=\"mp4t_16_s mryx_16_s mr3m_1 mli2_1 mh85_56 mh85_0_l\">\n<div class=\"mgn2_16 _0d3bd_am0a-\">\n<p><b>12 GOTOWYCH PROGRAM\u00d3W NA WY\u015aWIETLACZU LCD<\/b><\/p>\n<p>Automatic fryer cooking programmes<b> K11<\/b> enable a wide range of dishes to be prepared:<\/p>\n<ul>\n<li>Chips<\/li>\n<li>Fish<\/li>\n<li>Prawns<\/li>\n<li>Steak<\/li>\n<li>Chicken<\/li>\n<li>Chops<\/li>\n<li>Pizza<\/li>\n<li>Cake<\/li>\n<\/ul>\n<p><b>The selected programme reduces energy consumption by up to 80%<\/b>, while retaining more nutritional value.<\/p>\n<p><b>Built-in Timer<\/b><\/p>\n<ul>\n<li><b>You always know when the meal is ready:<\/b> When the set time has elapsed, the fryer automatically switches off and informs you with a beep that the cooking process is complete. Set the temperature according to the table in the instructions, add the time in minutes (up to an hour) and you're done!<\/li>\n<li><b>Without the need for constant checking:<\/b> You only have to set it once and you don't have to check every now and then if the dish is ready. Enjoy the convenience and save time!<\/li>\n<\/ul>\n<\/div>\n<\/div>\n<div class=\"mp4t_16_s mryx_16_s mr3m_1 mli2_1 mh85_56 mh85_0_l\">\n<div class=\"mg9e_8 mj7a_8 mg9e_0_s mvrt_0_s mj7a_0_s mh36_0_s mzmg_6m munh_16_l m3h2_16_l\">\n<div class=\"mp4t_0 mryx_0 munh_56 m3h2_56\">\n<div class=\"mp7g_oh\"><img decoding=\"async\" class=\"msub_k4 mupj_5k mjru_k4 mse2_k4 mp7g_f6 mq1m_0 mj7u_0 m7er_k4 mqen_m6 m31c_d8 m0ux_fp lazyloaded\" src=\"https:\/\/a.allegroimg.com\/original\/11ec70\/56c8e2b649ccadc8748cabd103bf\/Frytkownica-Beztluszczowa-AirFryer-VOKSAR-K11-XXL-8L-12w1-1800W-PRZEPISY-Marka-VOKSAR\" sizes=\"(min-width: 1200px) 560px, (min-width: 992px) 50vw, 100vw\" srcset=\"https:\/\/a.allegroimg.com\/s360\/11ec70\/56c8e2b649ccadc8748cabd103bf\/Frytkownica-Beztluszczowa-AirFryer-VOKSAR-K11-XXL-8L-12w1-1800W-PRZEPISY-Marka-VOKSAR 360w,https:\/\/a.allegroimg.com\/s720\/11ec70\/56c8e2b649ccadc8748cabd103bf\/Frytkownica-Beztluszczowa-AirFryer-VOKSAR-K11-XXL-8L-12w1-1800W-PRZEPISY-Marka-VOKSAR 720w,https:\/\/a.allegroimg.com\/s1024\/11ec70\/56c8e2b649ccadc8748cabd103bf\/Frytkownica-Beztluszczowa-AirFryer-VOKSAR-K11-XXL-8L-12w1-1800W-PRZEPISY-Marka-VOKSAR 1024w,https:\/\/a.allegroimg.com\/s1440\/11ec70\/56c8e2b649ccadc8748cabd103bf\/Frytkownica-Beztluszczowa-AirFryer-VOKSAR-K11-XXL-8L-12w1-1800W-PRZEPISY-Marka-VOKSAR 1440w,https:\/\/a.allegroimg.com\/original\/11ec70\/56c8e2b649ccadc8748cabd103bf\/Frytkownica-Beztluszczowa-AirFryer-VOKSAR-K11-XXL-8L-12w1-1800W-PRZEPISY-Marka-VOKSAR 2560w\" alt=\"Frytkownica Bezt\u0142uszczowa AirFryer VOKSAR K11 XXL 8L 12w1 1800W + PRZEPISY Marka VOKSAR\" width=\"2560px\" \/><\/div>\n<\/div>\n<\/div>\n<\/div>\n<\/div>\n<div class=\"mpof_ki myre_zn myre_8v_l m389_6m_l\">\n<div class=\"mp4t_16_s mryx_16_s mr3m_1 mli2_1 mh85_56 mh85_0_l\">\n<div class=\"mgn2_16 _0d3bd_am0a-\">\n<p><b>Smoke and odour free<\/b><\/p>\n<ul>\n<li><b>Clean air after snack preparation:<\/b> Dzi\u0119ki zaawansowanej technologii, frytkownica Voksar K11 nie wytwarza nieprzyjemnych zapach\u00f3w podczas pracy, jak to ma miejsce przy tradycyjnym sma\u017ceniu na patelni. Mo\u017cesz cieszy\u0107 si\u0119 smacznymi daniami bez konieczno\u015bci w\u0142\u0105czania okapu lub wietrzenia pomieszczenia.<\/li>\n<li><b>Perfectly crispy dishes:<\/b> The fryer uses a top heating element and optimised hot air flow to ensure that food is always crispy on the outside, despite minimal or no oil.<\/li>\n<\/ul>\n<\/div>\n<\/div>\n<div class=\"mp4t_16_s mryx_16_s mr3m_1 mli2_1 mh85_56 mh85_0_l\">\n<div class=\"mg9e_8 mj7a_8 mg9e_0_s mvrt_0_s mj7a_0_s mh36_0_s mzmg_6m munh_16_l m3h2_16_l\">\n<div class=\"mp4t_0 mryx_0 munh_56 m3h2_56\">\n<div class=\"mp7g_oh\"><img decoding=\"async\" class=\"msub_k4 mupj_5k mjru_k4 mse2_k4 mp7g_f6 mq1m_0 mj7u_0 m7er_k4 mqen_m6 m31c_d8 m0ux_fp lazyloaded\" src=\"https:\/\/a.allegroimg.com\/original\/11be66\/4ca09fc446e18698f61fa1453576\/Frytkownica-Beztluszczowa-AirFryer-VOKSAR-K11-XXL-8L-12w1-1800W-PRZEPISY-Model-K11\" sizes=\"(min-width: 1200px) 560px, (min-width: 992px) 50vw, 100vw\" srcset=\"https:\/\/a.allegroimg.com\/s360\/11be66\/4ca09fc446e18698f61fa1453576\/Frytkownica-Beztluszczowa-AirFryer-VOKSAR-K11-XXL-8L-12w1-1800W-PRZEPISY-Model-K11 360w,https:\/\/a.allegroimg.com\/s720\/11be66\/4ca09fc446e18698f61fa1453576\/Frytkownica-Beztluszczowa-AirFryer-VOKSAR-K11-XXL-8L-12w1-1800W-PRZEPISY-Model-K11 720w,https:\/\/a.allegroimg.com\/s1024\/11be66\/4ca09fc446e18698f61fa1453576\/Frytkownica-Beztluszczowa-AirFryer-VOKSAR-K11-XXL-8L-12w1-1800W-PRZEPISY-Model-K11 1024w,https:\/\/a.allegroimg.com\/s1440\/11be66\/4ca09fc446e18698f61fa1453576\/Frytkownica-Beztluszczowa-AirFryer-VOKSAR-K11-XXL-8L-12w1-1800W-PRZEPISY-Model-K11 1440w,https:\/\/a.allegroimg.com\/original\/11be66\/4ca09fc446e18698f61fa1453576\/Frytkownica-Beztluszczowa-AirFryer-VOKSAR-K11-XXL-8L-12w1-1800W-PRZEPISY-Model-K11 2560w\" alt=\"Frytkownica Bezt\u0142uszczowa AirFryer VOKSAR K11 XXL 8L 12w1 1800W + PRZEPISY Model K11\" width=\"2560px\" \/><\/div>\n<\/div>\n<\/div>\n<\/div>\n<\/div>\n<div class=\"mpof_ki myre_zn myre_8v_l m389_6m_l\">\n<div class=\"mp4t_16_s mryx_16_s mr3m_1 mli2_1 mh85_56 mh85_0_l\">\n<div class=\"mgn2_16 _0d3bd_am0a-\">\n<p><b>Wide Temperature Range: 76-200\u00b0C<\/b><\/p>\n<ul>\n<li>Frytkownica Voksar K11 pozwala na przygotowanie r\u00f3\u017cnorodnych potraw w zakresie temperatur od 76 do 200\u00b0C. Dzi\u0119ki tak szerokiemu zakresowi temperatur masz mo\u017cliwo\u015b\u0107 przygotowania niemal ka\u017cdego dania, jakie tylko przyjdzie Ci do g\u0142owy.<\/li>\n<\/ul>\n<ul>\n<li>Preparing roast potatoes is now a matter of moments. Simply place the sliced potatoes in the appliance chamber, add your favourite spices for a unique flavour, slide the chamber in, set the time and temperature. And that's it! You no longer have to wait 20 minutes for the oven to heat up.<\/li>\n<\/ul>\n<\/div>\n<\/div>\n<div class=\"mp4t_16_s mryx_16_s mr3m_1 mli2_1 mh85_56 mh85_0_l\">\n<div class=\"mg9e_8 mj7a_8 mg9e_0_s mvrt_0_s mj7a_0_s mh36_0_s mzmg_6m munh_16_l m3h2_16_l\">\n<div class=\"mp4t_0 mryx_0 munh_56 m3h2_56\">\n<div class=\"mp7g_oh\"><img decoding=\"async\" class=\"msub_k4 mupj_5k mjru_k4 mse2_k4 mp7g_f6 mq1m_0 mj7u_0 m7er_k4 mqen_m6 m31c_d8 m0ux_fp lazyloaded\" src=\"https:\/\/a.allegroimg.com\/original\/117a61\/32a40d524d20bac4b09e2b6b4a08\/Frytkownica-Beztluszczowa-AirFryer-VOKSAR-K11-XXL-8L-12w1-1800W-PRZEPISY-Pojemnosc-misy-8-l\" sizes=\"(min-width: 1200px) 560px, (min-width: 992px) 50vw, 100vw\" srcset=\"https:\/\/a.allegroimg.com\/s360\/117a61\/32a40d524d20bac4b09e2b6b4a08\/Frytkownica-Beztluszczowa-AirFryer-VOKSAR-K11-XXL-8L-12w1-1800W-PRZEPISY-Pojemnosc-misy-8-l 360w,https:\/\/a.allegroimg.com\/s720\/117a61\/32a40d524d20bac4b09e2b6b4a08\/Frytkownica-Beztluszczowa-AirFryer-VOKSAR-K11-XXL-8L-12w1-1800W-PRZEPISY-Pojemnosc-misy-8-l 720w,https:\/\/a.allegroimg.com\/s1024\/117a61\/32a40d524d20bac4b09e2b6b4a08\/Frytkownica-Beztluszczowa-AirFryer-VOKSAR-K11-XXL-8L-12w1-1800W-PRZEPISY-Pojemnosc-misy-8-l 1024w,https:\/\/a.allegroimg.com\/s1440\/117a61\/32a40d524d20bac4b09e2b6b4a08\/Frytkownica-Beztluszczowa-AirFryer-VOKSAR-K11-XXL-8L-12w1-1800W-PRZEPISY-Pojemnosc-misy-8-l 1440w,https:\/\/a.allegroimg.com\/original\/117a61\/32a40d524d20bac4b09e2b6b4a08\/Frytkownica-Beztluszczowa-AirFryer-VOKSAR-K11-XXL-8L-12w1-1800W-PRZEPISY-Pojemnosc-misy-8-l 2560w\" alt=\"Frytkownica Bezt\u0142uszczowa AirFryer VOKSAR K11 XXL 8L 12w1 1800W + PRZEPISY Pojemno\u015b\u0107 misy 8 l\" width=\"2560px\" \/><\/div>\n<\/div>\n<\/div>\n<\/div>\n<\/div>\n<div class=\"mpof_ki myre_zn myre_8v_l m389_6m_l\">\n<div class=\"mp4t_16_s mryx_16_s mr3m_1 mli2_1 mh85_56 mh85_0_l\">\n<div class=\"mgn2_16 _0d3bd_am0a-\">\n<p><b>Kosz o Pojemno\u015bci a\u017c 8 L<\/b><br \/>\n<b>Wymiary szuflady:<\/b> 25,4 x 25,4 x 14 cm<\/p>\n<ul>\n<li><b>Ideal for preparing meals for the whole family!<\/b> Foksier K11 to frytkownica, kt\u00f3ra sprosta wymaganiom najbardziej wymagaj\u0105cych u\u017cytkownik\u00f3w!<\/li>\n<\/ul>\n<ul>\n<li><b>Delicious food with low fat content:<\/b> Fat reduction of up to 80%! Healthy and tasty meals without compromise.<\/li>\n<\/ul>\n<ul>\n<li><b>Perfect taste and aroma of food:<\/b> Without the unpleasant smell of burnt fat! Enjoy aromatic dishes that will make your kitchen always smell special.<\/li>\n<\/ul>\n<ul>\n<li><b>A cost-effective solution:<\/b> No need to use hectolitres of oil! Save money and enjoy healthy meals.<\/li>\n<\/ul>\n<ul>\n<li><b>Easy to use and multifunctional:<\/b> An easy and intuitive-to-use appliance that offers a multitude of food preparation options.<\/li>\n<\/ul>\n<ul>\n<li><b>Rapid preparation:<\/b> Extremely short cooking times save you valuable time.<\/li>\n<\/ul>\n<ul>\n<li><b>Healthier than traditional deep fryers:<\/b> Enjoy healthy and tasty dishes without excess fat and calories.<\/li>\n<\/ul>\n<\/div>\n<\/div>\n<div class=\"mp4t_16_s mryx_16_s mr3m_1 mli2_1 mh85_56 mh85_0_l\">\n<div class=\"mg9e_8 mj7a_8 mg9e_0_s mvrt_0_s mj7a_0_s mh36_0_s mzmg_6m munh_16_l m3h2_16_l\">\n<div class=\"mp4t_0 mryx_0 munh_56 m3h2_56\">\n<div class=\"mp7g_oh\"><img decoding=\"async\" class=\"msub_k4 mupj_5k mjru_k4 mse2_k4 mp7g_f6 mq1m_0 mj7u_0 m7er_k4 mqen_m6 m31c_d8 m0ux_fp lazyloaded\" src=\"https:\/\/a.allegroimg.com\/original\/113e28\/62a4cb6548069d106ac72aaab8a6\/Frytkownica-Beztluszczowa-AirFryer-VOKSAR-K11-XXL-8L-12w1-1800W-PRZEPISY-Kolor-dominujacy-srebrny-szary\" sizes=\"(min-width: 1200px) 560px, (min-width: 992px) 50vw, 100vw\" srcset=\"https:\/\/a.allegroimg.com\/s360\/113e28\/62a4cb6548069d106ac72aaab8a6\/Frytkownica-Beztluszczowa-AirFryer-VOKSAR-K11-XXL-8L-12w1-1800W-PRZEPISY-Kolor-dominujacy-srebrny-szary 360w,https:\/\/a.allegroimg.com\/s720\/113e28\/62a4cb6548069d106ac72aaab8a6\/Frytkownica-Beztluszczowa-AirFryer-VOKSAR-K11-XXL-8L-12w1-1800W-PRZEPISY-Kolor-dominujacy-srebrny-szary 720w,https:\/\/a.allegroimg.com\/s1024\/113e28\/62a4cb6548069d106ac72aaab8a6\/Frytkownica-Beztluszczowa-AirFryer-VOKSAR-K11-XXL-8L-12w1-1800W-PRZEPISY-Kolor-dominujacy-srebrny-szary 1024w,https:\/\/a.allegroimg.com\/s1440\/113e28\/62a4cb6548069d106ac72aaab8a6\/Frytkownica-Beztluszczowa-AirFryer-VOKSAR-K11-XXL-8L-12w1-1800W-PRZEPISY-Kolor-dominujacy-srebrny-szary 1440w,https:\/\/a.allegroimg.com\/original\/113e28\/62a4cb6548069d106ac72aaab8a6\/Frytkownica-Beztluszczowa-AirFryer-VOKSAR-K11-XXL-8L-12w1-1800W-PRZEPISY-Kolor-dominujacy-srebrny-szary 2560w\" alt=\"Frytkownica Bezt\u0142uszczowa AirFryer VOKSAR K11 XXL 8L 12w1 1800W + PRZEPISY Kolor dominuj\u0105cy srebrny\/szary\" width=\"2560px\" \/><\/div>\n<\/div>\n<\/div>\n<\/div>\n<\/div>\n<div class=\"mpof_ki myre_zn myre_8v_l m389_6m_l\">\n<div class=\"mp4t_16_s mryx_16_s mr3m_1 mli2_1 mh85_56 mh85_0_l\">\n<div class=\"mgn2_16 _0d3bd_am0a-\">\n<p><b>Easy to clean<\/b><\/p>\n<ul>\n<li><b>Simple and quick cleaning:<\/b> When you're done, you can easily remove the tray and wash it under running water. In a few moments after dinner, you can have everything clean and start thinking about your next phenomenal dish. How about some crispy chicken this time?<\/li>\n<\/ul>\n<ul>\n<li><b>Dishwasher safe:<\/b> Components, such as the tray, can be safely washed in the dishwasher, making it even easier to keep the fryer perfectly clean.<\/li>\n<\/ul>\n<\/div>\n<\/div>\n<div class=\"mp4t_16_s mryx_16_s mr3m_1 mli2_1 mh85_56 mh85_0_l\">\n<div class=\"mg9e_8 mj7a_8 mg9e_0_s mvrt_0_s mj7a_0_s mh36_0_s mzmg_6m munh_16_l m3h2_16_l\">\n<div class=\"mp4t_0 mryx_0 munh_56 m3h2_56\">\n<div class=\"mp7g_oh\"><img decoding=\"async\" class=\"msub_k4 mupj_5k mjru_k4 mse2_k4 mp7g_f6 mq1m_0 mj7u_0 m7er_k4 mqen_m6 m31c_d8 m0ux_fp lazyloaded\" src=\"https:\/\/a.allegroimg.com\/original\/11e9e7\/24f6a13c4f0aa7128e9a24b07dc6\/Frytkownica-Beztluszczowa-AirFryer-VOKSAR-K11-XXL-8L-12w1-1800W-PRZEPISY-Wysokosc-produktu-31-cm\" sizes=\"(min-width: 1200px) 560px, (min-width: 992px) 50vw, 100vw\" srcset=\"https:\/\/a.allegroimg.com\/s360\/11e9e7\/24f6a13c4f0aa7128e9a24b07dc6\/Frytkownica-Beztluszczowa-AirFryer-VOKSAR-K11-XXL-8L-12w1-1800W-PRZEPISY-Wysokosc-produktu-31-cm 360w,https:\/\/a.allegroimg.com\/s720\/11e9e7\/24f6a13c4f0aa7128e9a24b07dc6\/Frytkownica-Beztluszczowa-AirFryer-VOKSAR-K11-XXL-8L-12w1-1800W-PRZEPISY-Wysokosc-produktu-31-cm 720w,https:\/\/a.allegroimg.com\/s1024\/11e9e7\/24f6a13c4f0aa7128e9a24b07dc6\/Frytkownica-Beztluszczowa-AirFryer-VOKSAR-K11-XXL-8L-12w1-1800W-PRZEPISY-Wysokosc-produktu-31-cm 1024w,https:\/\/a.allegroimg.com\/original\/11e9e7\/24f6a13c4f0aa7128e9a24b07dc6\/Frytkownica-Beztluszczowa-AirFryer-VOKSAR-K11-XXL-8L-12w1-1800W-PRZEPISY-Wysokosc-produktu-31-cm 1024w\" alt=\"Frytkownica Bezt\u0142uszczowa AirFryer VOKSAR K11 XXL 8L 12w1 1800W + PRZEPISY Wysoko\u015b\u0107 produktu 31 cm\" width=\"1024px\" \/><\/div>\n<\/div>\n<\/div>\n<\/div>\n<\/div>\n<div class=\"mpof_ki myre_zn myre_8v_l m389_6m_l\">\n<div class=\"mp4t_16_s mryx_16_s mr3m_1 mli2_1 mh85_56 mh85_0_l\">\n<div class=\"mgn2_16 _0d3bd_am0a-\">\n<p><b>Piecz bez t\u0142uszczu, wybierz frytkownic\u0119 Voksar K11 ju\u017c teraz!<\/b><\/p>\n<p><b>Healthier and crunchier dishes:<\/b> In the heating process <b>Voksar K11<\/b> Only hot air is used. This ensures that your dishes are healthier, crispy and retain their full flavour, without any unnecessary fat. You will not only prepare fries, but discover new culinary adventures!<\/p>\n<p><b>Innovative design:<\/b> Rapid heating, increased airflow and efficient heat transfer all combine to create a state-of-the-art solution that improves the user experience and raises the standards for preparing tasty, healthy food.<\/p>\n<\/div>\n<\/div>\n<div class=\"mp4t_16_s mryx_16_s mr3m_1 mli2_1 mh85_56 mh85_0_l\">\n<div class=\"mg9e_8 mj7a_8 mg9e_0_s mvrt_0_s mj7a_0_s mh36_0_s mzmg_6m munh_16_l m3h2_16_l\">\n<div class=\"mp4t_0 mryx_0 munh_56 m3h2_56\">\n<div class=\"mp7g_oh\"><img decoding=\"async\" class=\"msub_k4 mupj_5k mjru_k4 mse2_k4 mp7g_f6 mq1m_0 mj7u_0 m7er_k4 mqen_m6 m31c_d8 m0ux_fp lazyloaded\" src=\"https:\/\/a.allegroimg.com\/original\/11bdaf\/86aaee4b4ea6868cbc333ad6baf2\/Frytkownica-Beztluszczowa-AirFryer-VOKSAR-K11-XXL-8L-12w1-1800W-PRZEPISY\" sizes=\"(min-width: 1200px) 560px, (min-width: 992px) 50vw, 100vw\" srcset=\"https:\/\/a.allegroimg.com\/s360\/11bdaf\/86aaee4b4ea6868cbc333ad6baf2\/Frytkownica-Beztluszczowa-AirFryer-VOKSAR-K11-XXL-8L-12w1-1800W-PRZEPISY 360w,https:\/\/a.allegroimg.com\/s720\/11bdaf\/86aaee4b4ea6868cbc333ad6baf2\/Frytkownica-Beztluszczowa-AirFryer-VOKSAR-K11-XXL-8L-12w1-1800W-PRZEPISY 720w,https:\/\/a.allegroimg.com\/s1024\/11bdaf\/86aaee4b4ea6868cbc333ad6baf2\/Frytkownica-Beztluszczowa-AirFryer-VOKSAR-K11-XXL-8L-12w1-1800W-PRZEPISY 1024w,https:\/\/a.allegroimg.com\/s1440\/11bdaf\/86aaee4b4ea6868cbc333ad6baf2\/Frytkownica-Beztluszczowa-AirFryer-VOKSAR-K11-XXL-8L-12w1-1800W-PRZEPISY 1440w,https:\/\/a.allegroimg.com\/original\/11bdaf\/86aaee4b4ea6868cbc333ad6baf2\/Frytkownica-Beztluszczowa-AirFryer-VOKSAR-K11-XXL-8L-12w1-1800W-PRZEPISY 2560w\" alt=\"Frytkownica Bezt\u0142uszczowa AirFryer VOKSAR K11 XXL 8L 12w1 1800W + PRZEPISY\" width=\"2560px\" \/><\/div>\n<\/div>\n<\/div>\n<\/div>\n<\/div>\n<div class=\"mpof_ki myre_zn myre_8v_l m389_6m_l\">\n<div class=\"mp4t_16_s mryx_16_s mr3m_1 mli2_1 mh85_56 mh85_0_l\">\n<div class=\"mgn2_16 _0d3bd_am0a-\">\n<p><b>Wygoda i bezpiecze\u0144stwo z frytkownic\u0105 Voksar K11<\/b><\/p>\n<ul>\n<li><b>LCD display with touch screen:<\/b> It provides a comprehensive and extremely intuitive service.<\/li>\n<li><b>Protection against overheating:<\/b> Maximum safety and comfort.<\/li>\n<li><b>Non-stick coating:<\/b> Perfect cooking results - no more burnt food!<\/li>\n<li><b>Powerful motor with low energy consumption:<\/b> Oszcz\u0119dzaj energi\u0119 dzi\u0119ki silnikowi o mocy 1800 W i szybkiemu nagrzewaniu.<\/li>\n<li><b>Easy to keep clean:<\/b> The special coating allows the grease to be easily washed under running water.<\/li>\n<li><b>Non-slip rubber feet:<\/b> They prevent the unit from sliding on the countertop.<\/li>\n<li><b>Non-heating handle:<\/b> Complete safety when working with the device.<\/li>\n<li><b>Wyjmowany kosz z r\u0105czk\u0105:<\/b> It makes it easier to apply the food and to clean the appliance without worrying about burning.<\/li>\n<li><b>Fries tray:<\/b> It facilitates the distribution of the fries in the centre of the unit and even cooking.<\/li>\n<\/ul>\n<\/div>\n<\/div>\n<div class=\"mp4t_16_s mryx_16_s mr3m_1 mli2_1 mh85_56 mh85_0_l\">\n<div class=\"mg9e_8 mj7a_8 mg9e_0_s mvrt_0_s mj7a_0_s mh36_0_s mzmg_6m munh_16_l m3h2_16_l\">\n<div class=\"mp4t_0 mryx_0 munh_56 m3h2_56\">\n<div class=\"mp7g_oh\"><img decoding=\"async\" class=\"msub_k4 mupj_5k mjru_k4 mse2_k4 mp7g_f6 mq1m_0 mj7u_0 m7er_k4 mqen_m6 m31c_d8 m0ux_fp lazyloaded\" src=\"https:\/\/a.allegroimg.com\/original\/112601\/db9238e24d66b914973f87bb09cc\/Frytkownica-Beztluszczowa-AirFryer-VOKSAR-K11-XXL-8L-12w1-1800W-PRZEPISY-Szerokosc-produktu-27-cm\" sizes=\"(min-width: 1200px) 560px, (min-width: 992px) 50vw, 100vw\" srcset=\"https:\/\/a.allegroimg.com\/s360\/112601\/db9238e24d66b914973f87bb09cc\/Frytkownica-Beztluszczowa-AirFryer-VOKSAR-K11-XXL-8L-12w1-1800W-PRZEPISY-Szerokosc-produktu-27-cm 360w,https:\/\/a.allegroimg.com\/s720\/112601\/db9238e24d66b914973f87bb09cc\/Frytkownica-Beztluszczowa-AirFryer-VOKSAR-K11-XXL-8L-12w1-1800W-PRZEPISY-Szerokosc-produktu-27-cm 720w,https:\/\/a.allegroimg.com\/s1024\/112601\/db9238e24d66b914973f87bb09cc\/Frytkownica-Beztluszczowa-AirFryer-VOKSAR-K11-XXL-8L-12w1-1800W-PRZEPISY-Szerokosc-produktu-27-cm 1024w,https:\/\/a.allegroimg.com\/s1440\/112601\/db9238e24d66b914973f87bb09cc\/Frytkownica-Beztluszczowa-AirFryer-VOKSAR-K11-XXL-8L-12w1-1800W-PRZEPISY-Szerokosc-produktu-27-cm 1440w,https:\/\/a.allegroimg.com\/original\/112601\/db9238e24d66b914973f87bb09cc\/Frytkownica-Beztluszczowa-AirFryer-VOKSAR-K11-XXL-8L-12w1-1800W-PRZEPISY-Szerokosc-produktu-27-cm 2560w\" alt=\"Frytkownica Bezt\u0142uszczowa AirFryer VOKSAR K11 XXL 8L 12w1 1800W + PRZEPISY Szeroko\u015b\u0107 produktu 27 cm\" width=\"2560px\" \/><\/div>\n<\/div>\n<\/div>\n<\/div>\n<\/div>\n<div class=\"mpof_ki myre_zn myre_8v_l m389_6m_l\">\n<div class=\"mp4t_16_s mryx_16_s mr3m_1 mli2_1 mh85_56 mh85_0_l\">\n<div class=\"mgn2_16 _0d3bd_am0a-\">\n<h2>Specyfikacja:<\/h2>\n<ul>\n<li><b>Maksymalna moc grzewcza ca\u0142kowita:<\/b> 1800W<\/li>\n<li><b>Zakres temperatury:<\/b> 76\u00b0-200\u00b0<\/li>\n<li><b>Maksymalny czas timera:<\/b> 60 min<\/li>\n<li><b>Minimalny czas timera:<\/b> 1 min<\/li>\n<li><b>D\u0142ugo\u015b\u0107 przewodu:<\/b> 1m<\/li>\n<li><b>Programator:<\/b> 12 program\u00f3w<\/li>\n<li><b>Elektroniczny termostat<\/b>: tak<\/li>\n<li><b>Programy automatyczne:<\/b> tak<\/li>\n<li><b>Sygna\u0142 d\u017awi\u0119kowy:<\/b> tak<\/li>\n<li><b>Typ wy\u015bwietlacza:<\/b> dotykowy<\/li>\n<li><b>Materia\u0142 wykonania tacki:<\/b> pokryte silikonow\u0105 warstw\u0105 nieprzywieraj\u0105c\u0105<\/li>\n<li><b>Wymiary:<\/b> 40,2 x 35,5 x 37,6<\/li>\n<li><b>Wymiary szuflady: <\/b>25,4&#215;25,4x14cm<\/li>\n<li><b>Waga:<\/b> 5,8 kg<\/li>\n<li><b>Taca<\/b><\/li>\n<li><b>Pojemno\u015b\u0107 misy:<\/b> 8 l<\/li>\n<li><b>Wy\u015bwietlacz:<\/b> LCD<\/li>\n<li><b>Pow\u0142oka zbiornika:<\/b> zapobiegaj\u0105ca przywieraniu<\/li>\n<li><b>Wymiary u\u017cytkowe kosza (d\u0142. x szer. x g\u0142.)<\/b>: 250 x 250 x 120 mm<\/li>\n<\/ul>\n<\/div>\n<\/div>\n<div class=\"mp4t_16_s mryx_16_s mr3m_1 mli2_1 mh85_56 mh85_0_l\">\n<div class=\"mg9e_8 mj7a_8 mg9e_0_s mvrt_0_s mj7a_0_s mh36_0_s mzmg_6m munh_16_l m3h2_16_l\">\n<div class=\"mp4t_0 mryx_0 munh_56 m3h2_56\">\n<div class=\"mp7g_oh\"><img decoding=\"async\" class=\"msub_k4 mupj_5k mjru_k4 mse2_k4 mp7g_f6 mq1m_0 mj7u_0 m7er_k4 mqen_m6 m31c_d8 m0ux_fp lazyloaded\" src=\"https:\/\/a.allegroimg.com\/original\/1184d0\/65fdb35c4325a165023057761450\/Frytkownica-Beztluszczowa-AirFryer-VOKSAR-K11-XXL-8L-12w1-1800W-PRZEPISY-Moc-1800-W\" sizes=\"(min-width: 1200px) 560px, (min-width: 992px) 50vw, 100vw\" srcset=\"https:\/\/a.allegroimg.com\/s360\/1184d0\/65fdb35c4325a165023057761450\/Frytkownica-Beztluszczowa-AirFryer-VOKSAR-K11-XXL-8L-12w1-1800W-PRZEPISY-Moc-1800-W 360w,https:\/\/a.allegroimg.com\/s720\/1184d0\/65fdb35c4325a165023057761450\/Frytkownica-Beztluszczowa-AirFryer-VOKSAR-K11-XXL-8L-12w1-1800W-PRZEPISY-Moc-1800-W 720w,https:\/\/a.allegroimg.com\/s1024\/1184d0\/65fdb35c4325a165023057761450\/Frytkownica-Beztluszczowa-AirFryer-VOKSAR-K11-XXL-8L-12w1-1800W-PRZEPISY-Moc-1800-W 1024w,https:\/\/a.allegroimg.com\/s1440\/1184d0\/65fdb35c4325a165023057761450\/Frytkownica-Beztluszczowa-AirFryer-VOKSAR-K11-XXL-8L-12w1-1800W-PRZEPISY-Moc-1800-W 1440w,https:\/\/a.allegroimg.com\/original\/1184d0\/65fdb35c4325a165023057761450\/Frytkownica-Beztluszczowa-AirFryer-VOKSAR-K11-XXL-8L-12w1-1800W-PRZEPISY-Moc-1800-W 2560w\" alt=\"Frytkownica Bezt\u0142uszczowa AirFryer VOKSAR K11 XXL 8L 12w1 1800W + PRZEPISY Moc 1800 W\" width=\"2560px\" \/><\/div>\n<\/div>\n<\/div>\n<\/div>\n<\/div>","protected":false},"excerpt":{"rendered":"<p>VOKSAR K11 AirFryer XXL: Odkryj zdrowsz\u0105 stron\u0119 sma\u017cenia bez zb\u0119dnego t\u0142uszczu! Ta frytkownica bezt\u0142uszczowa o du\u017cej mocy 1800W i pojemno\u015bci 8L, wyposa\u017cona w 12 automatycznych program\u00f3w, timer oraz precyzyjn\u0105 regulacj\u0119 temperatury, sprawdzi si\u0119 w ka\u017cdej kuchni. Dzi\u0119ki intuicyjnej obs\u0142udze i \u0142atwemu czyszczeniu przygotujesz pyszne, chrupi\u0105ce posi\u0142ki szybko i bez nieprzyjemnych zapach\u00f3w.<\/p>","protected":false},"featured_media":1368,"comment_status":"open","ping_status":"closed","template":"","meta":{"_bst_post_transparent":"default","_bst_post_title":"","_bst_post_layout":"default","_bst_post_sidebar_id":"","_bst_post_content_style":"default","_bst_post_vertical_padding":"default","_bst_post_feature":"","_bst_post_feature_position":"","_bst_post_header":false,"_bst_post_footer":false},"product_brand":[],"product_cat":[88],"product_tag":[],"class_list":{"0":"post-1366","1":"product","2":"type-product","3":"status-publish","4":"has-post-thumbnail","6":"product_cat-frytkownice","8":"first","9":"instock","10":"sale","11":"shipping-taxable","12":"purchasable","13":"product-type-simple","14":"entry","15":"content-bg","16":"loop-entry"},"_links":{"self":[{"href":"https:\/\/voksar.pl\/en\/wp-json\/wp\/v2\/product\/1366","targetHints":{"allow":["GET"]}}],"collection":[{"href":"https:\/\/voksar.pl\/en\/wp-json\/wp\/v2\/product"}],"about":[{"href":"https:\/\/voksar.pl\/en\/wp-json\/wp\/v2\/types\/product"}],"replies":[{"embeddable":true,"href":"https:\/\/voksar.pl\/en\/wp-json\/wp\/v2\/comments?post=1366"}],"wp:featuredmedia":[{"embeddable":true,"href":"https:\/\/voksar.pl\/en\/wp-json\/wp\/v2\/media\/1368"}],"wp:attachment":[{"href":"https:\/\/voksar.pl\/en\/wp-json\/wp\/v2\/media?parent=1366"}],"wp:term":[{"taxonomy":"product_brand","embeddable":true,"href":"https:\/\/voksar.pl\/en\/wp-json\/wp\/v2\/product_brand?post=1366"},{"taxonomy":"product_cat","embeddable":true,"href":"https:\/\/voksar.pl\/en\/wp-json\/wp\/v2\/product_cat?post=1366"},{"taxonomy":"product_tag","embeddable":true,"href":"https:\/\/voksar.pl\/en\/wp-json\/wp\/v2\/product_tag?post=1366"}],"curies":[{"name":"wp","href":"https:\/\/api.w.org\/{rel}","templated":true}]}}