{"id":945,"date":"2025-10-03T14:33:45","date_gmt":"2025-10-03T12:33:45","guid":{"rendered":"https:\/\/voksar.pl\/?post_type=product&#038;p=945"},"modified":"2026-04-16T12:32:33","modified_gmt":"2026-04-16T10:32:33","slug":"bezprzewodowy-odkurzacz-voksar-a11-led-5w1","status":"publish","type":"product","link":"https:\/\/voksar.pl\/de\/produkt\/bezprzewodowy-odkurzacz-voksar-a11-led-5w1\/","title":{"rendered":"Kabelloser Staubsauger VOKSAR A11 LED 5in1"},"content":{"rendered":"<div data-box-name=\"Description\" data-box-id=\"LUo64bt1RQOuwIphdVaomw==sx2lrxHNQUG4Wa7QQbUK8g==gbrCZxJ_RBSlSji1w8NOmA==\" data-prototype-id=\"allegro.showoffer.description\" data-prototype-version=\"0.8\" data-civ=\"009\" data-analytics-enabled=\"\" data-analytics-category=\"allegro.showoffer.description\" data-analytics-groups=\"%5B%22allegro.oferta.base%22%2C%22showproduct.content%22%5D\" data-tsnafhwufvtf=\"\">\n<div class=\"app-container\">\n<div class=\"mgn2_14 mp0t_0a mqu1_21 mli8_k4 mgmw_wo msts_pt _0d3bd_K6Qpj\" style=\"gap: 40px; display: flex; flex-direction: column;\">\n<div class=\"mpof_ki myre_zn myre_8v_l m389_6m_l\">\n<div class=\"mp4t_16_s mryx_16_s mr3m_1 mli2_1 mh85_56 mh85_0_l\">\n<div class=\"mgn2_16 _0d3bd_am0a-\">\n<p><b>Kabelloser Staubsauger Voksar A11<\/b>\u00a0- ist die L\u00f6sung f\u00fcr absolut alle Probleme, die ein sauberes Zuhause mit sich bringt. Es ist ein Markenger\u00e4t der Spitzenklasse f\u00fcr sehr gutes Geld - Sie zahlen einmal und sind einem stets sauberen Zuhause einen gro\u00dfen Schritt n\u00e4her. Das Ger\u00e4t wiegt nur etwas mehr als 2 Kilogramm. Au\u00dferdem m\u00fcssen Sie kein schweres Rohr und keine Kabel mehr mit sich herumschleppen, denn Sie k\u00f6nnen das Ger\u00e4t im Handumdrehen an die Wand h\u00e4ngen. Und wie funktioniert er? Genau wie Ihr kabelloser Staubsauger: Er saugt alles auf, was Sie ihm hinwerfen.<\/p>\n<p>Es ist wirklich unglaublich, aber mit dem A11 Staubsauger werden Sie das Staubsaugen lieben. Er ist immer zur Hand und man muss ihn nicht ausgraben, man nimmt ihn einfach in die Hand und schon kann man saugen. Sie dr\u00fccken einen Knopf und sind fertig. Mit der breiteren und schlankeren Elektrob\u00fcrste f\u00fchrt sich der Staubsauger buchst\u00e4blich selbst \u00fcber den Boden. Starke Saugkraft, angemessene Lautst\u00e4rke und kein erstickender Staub, der durch den Filter geblasen wird. Dank des ausziehbaren Rohrs k\u00f6nnen Sie die L\u00e4nge leicht an Ihre aktuellen Bed\u00fcrfnisse anpassen. Das Saugen eines gro\u00dfen Raums dauert etwa 3 Minuten. Sie glauben es nicht? \u00dcberzeugen Sie sich selbst. So wird das Saubermachen wirklich zum Vergn\u00fcgen.<\/p>\n<\/div>\n<\/div>\n<div class=\"mp4t_16_s mryx_16_s mr3m_1 mli2_1 mh85_56 mh85_0_l\">\n<div class=\"mg9e_8 mj7a_8 mg9e_0_s mvrt_0_s mj7a_0_s mh36_0_s mzmg_6m munh_16_l m3h2_16_l\">\n<div class=\"mp4t_0 mryx_0 munh_56 m3h2_56\">\n<div class=\"mp7g_oh\"><img decoding=\"async\" class=\"msub_k4 mupj_5k mjru_k4 mse2_k4 mp7g_f6 mq1m_0 mj7u_0 m7er_k4 mqen_m6 m31c_d8 m0ux_fp lazyloaded\" src=\"https:\/\/a.allegroimg.com\/original\/11f5cd\/dc8ac43042ae829707ff2f3c5ccd\/Bezprzewodowy-Odkurzacz-Pionowy-VOKSAR-A11-LED-5w1-HEPA-reczny-cyklonowy\" sizes=\"(min-width: 1200px) 560px, (min-width: 992px) 50vw, 100vw\" srcset=\"https:\/\/a.allegroimg.com\/s360\/11f5cd\/dc8ac43042ae829707ff2f3c5ccd\/Bezprzewodowy-Odkurzacz-Pionowy-VOKSAR-A11-LED-5w1-HEPA-reczny-cyklonowy 360w,https:\/\/a.allegroimg.com\/s720\/11f5cd\/dc8ac43042ae829707ff2f3c5ccd\/Bezprzewodowy-Odkurzacz-Pionowy-VOKSAR-A11-LED-5w1-HEPA-reczny-cyklonowy 720w,https:\/\/a.allegroimg.com\/s1024\/11f5cd\/dc8ac43042ae829707ff2f3c5ccd\/Bezprzewodowy-Odkurzacz-Pionowy-VOKSAR-A11-LED-5w1-HEPA-reczny-cyklonowy 1024w,https:\/\/a.allegroimg.com\/s1440\/11f5cd\/dc8ac43042ae829707ff2f3c5ccd\/Bezprzewodowy-Odkurzacz-Pionowy-VOKSAR-A11-LED-5w1-HEPA-reczny-cyklonowy 1440w,https:\/\/a.allegroimg.com\/original\/11f5cd\/dc8ac43042ae829707ff2f3c5ccd\/Bezprzewodowy-Odkurzacz-Pionowy-VOKSAR-A11-LED-5w1-HEPA-reczny-cyklonowy 2329w\" alt=\"Bezprzewodowy Odkurzacz Pionowy VOKSAR A11 LED 5w1 HEPA r\u0119czny cyklonowy\" width=\"2329px\" \/><\/div>\n<\/div>\n<\/div>\n<\/div>\n<\/div>\n<div class=\"mpof_ki myre_zn myre_8v_l m389_6m_l\">\n<div class=\"mp4t_16_s mryx_16_s mr3m_1 mli2_1 mh85_56 mh85_0_l\">\n<div class=\"mgn2_16 _0d3bd_am0a-\">\n<p><b>BETRIEBSARTEN:<\/b><\/p>\n<p><b>ECO-MODUS:<\/b>\u00a0Der Sparmodus eignet sich gut f\u00fcr die Standardreinigung, haupts\u00e4chlich von harten Oberfl\u00e4chen, und erm\u00f6glicht 45 Minuten Betrieb mit einer einzigen Ladung.<\/p>\n<p><b>MAX-MODUS:<\/b>\u00a0Der Modus mit maximaler Leistung (20 000 Pa) ist f\u00fcr st\u00e4rkere Verschmutzungen und Oberfl\u00e4chen wie Teppiche geeignet. Die enorme Leistung bedeutet, dass der Staubsauger auch mit den schwierigsten Situationen fertig wird.<\/p>\n<\/div>\n<\/div>\n<div class=\"mp4t_16_s mryx_16_s mr3m_1 mli2_1 mh85_56 mh85_0_l\">\n<div class=\"mg9e_8 mj7a_8 mg9e_0_s mvrt_0_s mj7a_0_s mh36_0_s mzmg_6m munh_16_l m3h2_16_l\">\n<div class=\"mp4t_0 mryx_0 munh_56 m3h2_56\">\n<div class=\"mp7g_oh\"><img decoding=\"async\" class=\"msub_k4 mupj_5k mjru_k4 mse2_k4 mp7g_f6 mq1m_0 mj7u_0 m7er_k4 mqen_m6 m31c_d8 m0ux_fp lazyloaded\" src=\"https:\/\/a.allegroimg.com\/original\/11a8eb\/637f8bbe4dcaa73f091ce56bc088\/Bezprzewodowy-Odkurzacz-Pionowy-VOKSAR-A11-LED-5w1-HEPA-reczny-cyklonowy-EAN-GTIN-5907274454605\" sizes=\"(min-width: 1200px) 560px, (min-width: 992px) 50vw, 100vw\" srcset=\"https:\/\/a.allegroimg.com\/s360\/11a8eb\/637f8bbe4dcaa73f091ce56bc088\/Bezprzewodowy-Odkurzacz-Pionowy-VOKSAR-A11-LED-5w1-HEPA-reczny-cyklonowy-EAN-GTIN-5907274454605 360w,https:\/\/a.allegroimg.com\/s720\/11a8eb\/637f8bbe4dcaa73f091ce56bc088\/Bezprzewodowy-Odkurzacz-Pionowy-VOKSAR-A11-LED-5w1-HEPA-reczny-cyklonowy-EAN-GTIN-5907274454605 720w,https:\/\/a.allegroimg.com\/s1024\/11a8eb\/637f8bbe4dcaa73f091ce56bc088\/Bezprzewodowy-Odkurzacz-Pionowy-VOKSAR-A11-LED-5w1-HEPA-reczny-cyklonowy-EAN-GTIN-5907274454605 1024w,https:\/\/a.allegroimg.com\/s1440\/11a8eb\/637f8bbe4dcaa73f091ce56bc088\/Bezprzewodowy-Odkurzacz-Pionowy-VOKSAR-A11-LED-5w1-HEPA-reczny-cyklonowy-EAN-GTIN-5907274454605 1440w,https:\/\/a.allegroimg.com\/original\/11a8eb\/637f8bbe4dcaa73f091ce56bc088\/Bezprzewodowy-Odkurzacz-Pionowy-VOKSAR-A11-LED-5w1-HEPA-reczny-cyklonowy-EAN-GTIN-5907274454605 2560w\" alt=\"Bezprzewodowy Odkurzacz Pionowy VOKSAR A11 LED 5w1 HEPA r\u0119czny cyklonowy EAN (GTIN) 5907274454605\" width=\"2560px\" \/><\/div>\n<\/div>\n<\/div>\n<\/div>\n<\/div>\n<div class=\"mpof_ki myre_zn myre_8v_l m389_6m_l\">\n<div class=\"mp4t_16_s mryx_16_s mr3m_1 mli2_1 mh85_56 mh85_0_l\">\n<div class=\"mgn2_16 _0d3bd_am0a-\">\n<p><b>WALL STATION:<\/b><\/p>\n<p>Der Staubsauger ist mit einer Wandstation ausgestattet, an der Sie den Staubsauger auch aufladen k\u00f6nnen, so dass er immer griffbereit und st\u00e4ndig wieder einsatzbereit ist.<\/p>\n<p><b>3 LADEMETHODEN:<\/b><\/p>\n<p>Beim A11 kann der Akku auf 3 Arten geladen werden:<\/p>\n<ul>\n<li>Die erste ist nat\u00fcrlich, dass es an der Wandstation aufgeladen werden kann, was die bequemste Option ist - einfach in die Station stellen und warten, bis es aufgeladen ist,<\/li>\n<li>Der Staubsauger kann aufgeladen werden, indem das Ladekabel direkt an das Geh\u00e4use des Staubsaugers angeschlossen wird,<\/li>\n<li>Es ist m\u00f6glich, den Staubsauger aufzuladen, indem das Ladekabel direkt an die Batterie angeschlossen wird.<\/li>\n<\/ul>\n<\/div>\n<\/div>\n<div class=\"mp4t_16_s mryx_16_s mr3m_1 mli2_1 mh85_56 mh85_0_l\">\n<div class=\"mg9e_8 mj7a_8 mg9e_0_s mvrt_0_s mj7a_0_s mh36_0_s mzmg_6m munh_16_l m3h2_16_l\">\n<div class=\"mp4t_0 mryx_0 munh_56 m3h2_56\">\n<div class=\"mp7g_oh\"><img decoding=\"async\" class=\"msub_k4 mupj_5k mjru_k4 mse2_k4 mp7g_f6 mq1m_0 mj7u_0 m7er_k4 mqen_m6 m31c_d8 m0ux_fp lazyloaded\" src=\"https:\/\/a.allegroimg.com\/original\/116972\/e86fe90749a99389eb034ea3a0a4\/Bezprzewodowy-Odkurzacz-Pionowy-VOKSAR-A11-LED-5w1-HEPA-reczny-cyklonowy-Kod-producenta-A11\" sizes=\"(min-width: 1200px) 560px, (min-width: 992px) 50vw, 100vw\" srcset=\"https:\/\/a.allegroimg.com\/s360\/116972\/e86fe90749a99389eb034ea3a0a4\/Bezprzewodowy-Odkurzacz-Pionowy-VOKSAR-A11-LED-5w1-HEPA-reczny-cyklonowy-Kod-producenta-A11 360w,https:\/\/a.allegroimg.com\/s720\/116972\/e86fe90749a99389eb034ea3a0a4\/Bezprzewodowy-Odkurzacz-Pionowy-VOKSAR-A11-LED-5w1-HEPA-reczny-cyklonowy-Kod-producenta-A11 720w,https:\/\/a.allegroimg.com\/s1024\/116972\/e86fe90749a99389eb034ea3a0a4\/Bezprzewodowy-Odkurzacz-Pionowy-VOKSAR-A11-LED-5w1-HEPA-reczny-cyklonowy-Kod-producenta-A11 1024w,https:\/\/a.allegroimg.com\/s1440\/116972\/e86fe90749a99389eb034ea3a0a4\/Bezprzewodowy-Odkurzacz-Pionowy-VOKSAR-A11-LED-5w1-HEPA-reczny-cyklonowy-Kod-producenta-A11 1440w,https:\/\/a.allegroimg.com\/original\/116972\/e86fe90749a99389eb034ea3a0a4\/Bezprzewodowy-Odkurzacz-Pionowy-VOKSAR-A11-LED-5w1-HEPA-reczny-cyklonowy-Kod-producenta-A11 2560w\" alt=\"Bezprzewodowy Odkurzacz Pionowy VOKSAR A11 LED 5w1 HEPA r\u0119czny cyklonowy Kod producenta A11\" width=\"2560px\" \/><\/div>\n<\/div>\n<\/div>\n<\/div>\n<\/div>\n<div class=\"mpof_ki myre_zn myre_8v_l m389_6m_l\">\n<div class=\"mp4t_16_s mryx_16_s mr3m_1 mli2_1 mh85_56 mh85_0_l\">\n<div class=\"mgn2_16 _0d3bd_am0a-\">\n<p><b>VERBESSERTE FILTRATIONSMETHODE:<\/b><\/p>\n<p>Die verbesserte Technologie und die Filter fangen 99,99% Partikel mit einer Gr\u00f6\u00dfe von nur 0,3 Mikrometern ein, darunter Staub, Allergene und andere mikroskopisch kleine Schadstoffe, und halten sie von der Atemluft fern.<\/p>\n<\/div>\n<\/div>\n<div class=\"mp4t_16_s mryx_16_s mr3m_1 mli2_1 mh85_56 mh85_0_l\">\n<div class=\"mg9e_8 mj7a_8 mg9e_0_s mvrt_0_s mj7a_0_s mh36_0_s mzmg_6m munh_16_l m3h2_16_l\">\n<div class=\"mp4t_0 mryx_0 munh_56 m3h2_56\">\n<div class=\"mp7g_oh\"><img decoding=\"async\" class=\"msub_k4 mupj_5k mjru_k4 mse2_k4 mp7g_f6 mq1m_0 mj7u_0 m7er_k4 mqen_m6 m31c_d8 m0ux_fp lazyloaded\" src=\"https:\/\/a.allegroimg.com\/original\/1130ea\/46340b024aedad3a60cc6fe71b0b\/Bezprzewodowy-Odkurzacz-Pionowy-VOKSAR-A11-LED-5w1-HEPA-reczny-cyklonowy-Kolor-dominujacy-niebieski\" sizes=\"(min-width: 1200px) 560px, (min-width: 992px) 50vw, 100vw\" srcset=\"https:\/\/a.allegroimg.com\/s360\/1130ea\/46340b024aedad3a60cc6fe71b0b\/Bezprzewodowy-Odkurzacz-Pionowy-VOKSAR-A11-LED-5w1-HEPA-reczny-cyklonowy-Kolor-dominujacy-niebieski 360w,https:\/\/a.allegroimg.com\/s720\/1130ea\/46340b024aedad3a60cc6fe71b0b\/Bezprzewodowy-Odkurzacz-Pionowy-VOKSAR-A11-LED-5w1-HEPA-reczny-cyklonowy-Kolor-dominujacy-niebieski 720w,https:\/\/a.allegroimg.com\/s1024\/1130ea\/46340b024aedad3a60cc6fe71b0b\/Bezprzewodowy-Odkurzacz-Pionowy-VOKSAR-A11-LED-5w1-HEPA-reczny-cyklonowy-Kolor-dominujacy-niebieski 1024w,https:\/\/a.allegroimg.com\/s1440\/1130ea\/46340b024aedad3a60cc6fe71b0b\/Bezprzewodowy-Odkurzacz-Pionowy-VOKSAR-A11-LED-5w1-HEPA-reczny-cyklonowy-Kolor-dominujacy-niebieski 1440w,https:\/\/a.allegroimg.com\/original\/1130ea\/46340b024aedad3a60cc6fe71b0b\/Bezprzewodowy-Odkurzacz-Pionowy-VOKSAR-A11-LED-5w1-HEPA-reczny-cyklonowy-Kolor-dominujacy-niebieski 2560w\" alt=\"Bezprzewodowy Odkurzacz Pionowy VOKSAR A11 LED 5w1 HEPA r\u0119czny cyklonowy Kolor dominuj\u0105cy niebieski\" width=\"2560px\" \/><\/div>\n<\/div>\n<\/div>\n<\/div>\n<\/div>\n<div class=\"mpof_ki myre_zn myre_8v_l m389_6m_l\">\n<div class=\"mp4t_16_s mryx_16_s mr3m_1 mli2_1 mh85_56 mh85_0_l\">\n<div class=\"mgn2_16 _0d3bd_am0a-\">\n<p><b>ELEKTRISCHE B\u00dcRSTENBELEUCHTUNG:<\/b><\/p>\n<p>Die extrem mobile B\u00fcrste ist mit LED-Leuchten ausgestattet, die an schwer zug\u00e4nglichen und dunklen Stellen effektiv helfen. Sie werden keinen Schmutz mehr \u00fcbersehen.<\/p>\n<p><b>VERHINDERUNG DES VERHEDDERNS DER HAARE:<\/b><\/p>\n<p>Die Anti-Tangle-Technologie verhindert wirksam, dass sich die Haare am B\u00fcrstenschaft verheddern und sorgt f\u00fcr eine gute Leistung der B\u00fcrste. Die Zahnr\u00e4der an der Hauptb\u00fcrste schneiden durch das Haar, so dass das Problem der Verfilzung sichtbar reduziert wird.<\/p>\n<\/div>\n<\/div>\n<div class=\"mp4t_16_s mryx_16_s mr3m_1 mli2_1 mh85_56 mh85_0_l\">\n<div class=\"mg9e_8 mj7a_8 mg9e_0_s mvrt_0_s mj7a_0_s mh36_0_s mzmg_6m munh_16_l m3h2_16_l\">\n<div class=\"mp4t_0 mryx_0 munh_56 m3h2_56\">\n<div class=\"mp7g_oh\"><img decoding=\"async\" class=\"msub_k4 mupj_5k mjru_k4 mse2_k4 mp7g_f6 mq1m_0 mj7u_0 m7er_k4 mqen_m6 m31c_d8 m0ux_fp lazyloaded\" src=\"https:\/\/a.allegroimg.com\/original\/11285d\/766f8ca2470e8f640eb9c8da15ce\/Bezprzewodowy-Odkurzacz-Pionowy-VOKSAR-A11-LED-5w1-HEPA-reczny-cyklonowy-Zasilanie-akumulatorowe\" sizes=\"(min-width: 1200px) 560px, (min-width: 992px) 50vw, 100vw\" srcset=\"https:\/\/a.allegroimg.com\/s360\/11285d\/766f8ca2470e8f640eb9c8da15ce\/Bezprzewodowy-Odkurzacz-Pionowy-VOKSAR-A11-LED-5w1-HEPA-reczny-cyklonowy-Zasilanie-akumulatorowe 360w,https:\/\/a.allegroimg.com\/s720\/11285d\/766f8ca2470e8f640eb9c8da15ce\/Bezprzewodowy-Odkurzacz-Pionowy-VOKSAR-A11-LED-5w1-HEPA-reczny-cyklonowy-Zasilanie-akumulatorowe 720w,https:\/\/a.allegroimg.com\/s1024\/11285d\/766f8ca2470e8f640eb9c8da15ce\/Bezprzewodowy-Odkurzacz-Pionowy-VOKSAR-A11-LED-5w1-HEPA-reczny-cyklonowy-Zasilanie-akumulatorowe 1024w,https:\/\/a.allegroimg.com\/s1440\/11285d\/766f8ca2470e8f640eb9c8da15ce\/Bezprzewodowy-Odkurzacz-Pionowy-VOKSAR-A11-LED-5w1-HEPA-reczny-cyklonowy-Zasilanie-akumulatorowe 1440w,https:\/\/a.allegroimg.com\/original\/11285d\/766f8ca2470e8f640eb9c8da15ce\/Bezprzewodowy-Odkurzacz-Pionowy-VOKSAR-A11-LED-5w1-HEPA-reczny-cyklonowy-Zasilanie-akumulatorowe 2560w\" alt=\"Bezprzewodowy Odkurzacz Pionowy VOKSAR A11 LED 5w1 HEPA r\u0119czny cyklonowy Zasilanie akumulatorowe\" width=\"2560px\" \/><\/div>\n<\/div>\n<\/div>\n<\/div>\n<\/div>\n<div class=\"mpof_ki myre_zn myre_8v_l m389_6m_l\">\n<div class=\"mp4t_16_s mryx_16_s mr3m_1 mli2_1 mh85_56 mh85_0_l\">\n<div class=\"mgn2_16 _0d3bd_am0a-\">\n<p><b>GROSSER STAUBBEH\u00c4LTER:<\/b><\/p>\n<p>Der gro\u00dfe Beh\u00e4lter erm\u00f6glicht ein ununterbrochenes Saugen und erzwingt kein h\u00e4ufiges Entleeren des Beh\u00e4lters, was ohnehin trivial ist. Dr\u00fccken Sie einfach eine Taste und der Deckel des Staubbeh\u00e4lters \u00f6ffnet sich von selbst, der Schmutz f\u00e4llt heraus und Sie kommen nicht mehr damit in Ber\u00fchrung.<\/p>\n<\/div>\n<\/div>\n<div class=\"mp4t_16_s mryx_16_s mr3m_1 mli2_1 mh85_56 mh85_0_l\">\n<div class=\"mg9e_8 mj7a_8 mg9e_0_s mvrt_0_s mj7a_0_s mh36_0_s mzmg_6m munh_16_l m3h2_16_l\">\n<div class=\"mp4t_0 mryx_0 munh_56 m3h2_56\">\n<div class=\"mp7g_oh\"><img decoding=\"async\" class=\"msub_k4 mupj_5k mjru_k4 mse2_k4 mp7g_f6 mq1m_0 mj7u_0 m7er_k4 mqen_m6 m31c_d8 m0ux_fp lazyloaded\" src=\"https:\/\/a.allegroimg.com\/original\/1172d5\/52dbabde472ba3316be7188db7d7\/Bezprzewodowy-Odkurzacz-Pionowy-VOKSAR-A11-LED-5w1-HEPA-reczny-cyklonowy-Pojemnosc-zbiornika-na-kurz-1-l\" sizes=\"(min-width: 1200px) 560px, (min-width: 992px) 50vw, 100vw\" srcset=\"https:\/\/a.allegroimg.com\/s360\/1172d5\/52dbabde472ba3316be7188db7d7\/Bezprzewodowy-Odkurzacz-Pionowy-VOKSAR-A11-LED-5w1-HEPA-reczny-cyklonowy-Pojemnosc-zbiornika-na-kurz-1-l 360w,https:\/\/a.allegroimg.com\/s720\/1172d5\/52dbabde472ba3316be7188db7d7\/Bezprzewodowy-Odkurzacz-Pionowy-VOKSAR-A11-LED-5w1-HEPA-reczny-cyklonowy-Pojemnosc-zbiornika-na-kurz-1-l 720w,https:\/\/a.allegroimg.com\/s1024\/1172d5\/52dbabde472ba3316be7188db7d7\/Bezprzewodowy-Odkurzacz-Pionowy-VOKSAR-A11-LED-5w1-HEPA-reczny-cyklonowy-Pojemnosc-zbiornika-na-kurz-1-l 1024w,https:\/\/a.allegroimg.com\/s1440\/1172d5\/52dbabde472ba3316be7188db7d7\/Bezprzewodowy-Odkurzacz-Pionowy-VOKSAR-A11-LED-5w1-HEPA-reczny-cyklonowy-Pojemnosc-zbiornika-na-kurz-1-l 1440w,https:\/\/a.allegroimg.com\/original\/1172d5\/52dbabde472ba3316be7188db7d7\/Bezprzewodowy-Odkurzacz-Pionowy-VOKSAR-A11-LED-5w1-HEPA-reczny-cyklonowy-Pojemnosc-zbiornika-na-kurz-1-l 2560w\" alt=\"Bezprzewodowy Odkurzacz Pionowy VOKSAR A11 LED 5w1 HEPA r\u0119czny cyklonowy Pojemno\u015b\u0107 zbiornika na kurz 1 l\" width=\"2560px\" \/><\/div>\n<\/div>\n<\/div>\n<\/div>\n<\/div>\n<div class=\"mpof_ki myre_zn myre_8v_l m389_6m_l\">\n<div class=\"mp4t_16_s mryx_16_s mr3m_1 mli2_1 mh85_56 mh85_0_l\">\n<div class=\"mgn2_16 _0d3bd_am0a-\">\n<p><b>SELBSTSTEHENDE KONSTRUKTION:<\/b><\/p>\n<p>Der Staubsauger ist mit einer Selbstaufstellungsfunktion ausgestattet, so dass Sie den Staubsauger jederzeit einfach irgendwo abstellen k\u00f6nnen, ohne ihn an andere Gegenst\u00e4nde anlehnen zu m\u00fcssen - der Staubsauger h\u00e4lt sich selbst aufrecht.<\/p>\n<\/div>\n<\/div>\n<div class=\"mp4t_16_s mryx_16_s mr3m_1 mli2_1 mh85_56 mh85_0_l\">\n<div class=\"mg9e_8 mj7a_8 mg9e_0_s mvrt_0_s mj7a_0_s mh36_0_s mzmg_6m munh_16_l m3h2_16_l\">\n<div class=\"mp4t_0 mryx_0 munh_56 m3h2_56\">\n<div class=\"mp7g_oh\"><img decoding=\"async\" class=\"msub_k4 mupj_5k mjru_k4 mse2_k4 mp7g_f6 mq1m_0 mj7u_0 m7er_k4 mqen_m6 m31c_d8 m0ux_fp lazyloaded\" src=\"https:\/\/a.allegroimg.com\/original\/11c0cc\/6d0f9d194a37b332902e9257088d\/Bezprzewodowy-Odkurzacz-Pionowy-VOKSAR-A11-LED-5w1-HEPA-reczny-cyklonowy-Marka-VOKSAR\" sizes=\"(min-width: 1200px) 560px, (min-width: 992px) 50vw, 100vw\" srcset=\"https:\/\/a.allegroimg.com\/s360\/11c0cc\/6d0f9d194a37b332902e9257088d\/Bezprzewodowy-Odkurzacz-Pionowy-VOKSAR-A11-LED-5w1-HEPA-reczny-cyklonowy-Marka-VOKSAR 360w,https:\/\/a.allegroimg.com\/s720\/11c0cc\/6d0f9d194a37b332902e9257088d\/Bezprzewodowy-Odkurzacz-Pionowy-VOKSAR-A11-LED-5w1-HEPA-reczny-cyklonowy-Marka-VOKSAR 720w,https:\/\/a.allegroimg.com\/s1024\/11c0cc\/6d0f9d194a37b332902e9257088d\/Bezprzewodowy-Odkurzacz-Pionowy-VOKSAR-A11-LED-5w1-HEPA-reczny-cyklonowy-Marka-VOKSAR 1024w,https:\/\/a.allegroimg.com\/s1440\/11c0cc\/6d0f9d194a37b332902e9257088d\/Bezprzewodowy-Odkurzacz-Pionowy-VOKSAR-A11-LED-5w1-HEPA-reczny-cyklonowy-Marka-VOKSAR 1440w,https:\/\/a.allegroimg.com\/original\/11c0cc\/6d0f9d194a37b332902e9257088d\/Bezprzewodowy-Odkurzacz-Pionowy-VOKSAR-A11-LED-5w1-HEPA-reczny-cyklonowy-Marka-VOKSAR 2560w\" alt=\"Bezprzewodowy Odkurzacz Pionowy VOKSAR A11 LED 5w1 HEPA r\u0119czny cyklonowy Marka VOKSAR\" width=\"2560px\" \/><\/div>\n<\/div>\n<\/div>\n<\/div>\n<\/div>\n<div class=\"mpof_ki myre_zn myre_8v_l m389_6m_l\">\n<div class=\"mp4t_16_s mryx_16_s mr3m_1 mli2_1 mh85_56 mh85_0_l\">\n<div class=\"mgn2_16 _0d3bd_am0a-\">\n<p><b>AUSTAUSCHBARE BATTERIE:<\/b><\/p>\n<p>Der Staubsauger ist mit einem austauschbaren Akku ausgestattet, der im Grundmodus eine ununterbrochene Betriebszeit von 45 Minuten erm\u00f6glicht.<\/p>\n<\/div>\n<\/div>\n<div class=\"mp4t_16_s mryx_16_s mr3m_1 mli2_1 mh85_56 mh85_0_l\">\n<div class=\"mg9e_8 mj7a_8 mg9e_0_s mvrt_0_s mj7a_0_s mh36_0_s mzmg_6m munh_16_l m3h2_16_l\">\n<div class=\"mp4t_0 mryx_0 munh_56 m3h2_56\">\n<div class=\"mp7g_oh\"><img decoding=\"async\" class=\"msub_k4 mupj_5k mjru_k4 mse2_k4 mp7g_f6 mq1m_0 mj7u_0 m7er_k4 mqen_m6 m31c_d8 m0ux_fp lazyloaded\" src=\"https:\/\/a.allegroimg.com\/original\/111ca3\/adb784f04470bc9b4df6962bf356\/Bezprzewodowy-Odkurzacz-Pionowy-VOKSAR-A11-LED-5w1-HEPA-reczny-cyklonowy-Model-A11\" sizes=\"(min-width: 1200px) 560px, (min-width: 992px) 50vw, 100vw\" srcset=\"https:\/\/a.allegroimg.com\/s360\/111ca3\/adb784f04470bc9b4df6962bf356\/Bezprzewodowy-Odkurzacz-Pionowy-VOKSAR-A11-LED-5w1-HEPA-reczny-cyklonowy-Model-A11 360w,https:\/\/a.allegroimg.com\/s720\/111ca3\/adb784f04470bc9b4df6962bf356\/Bezprzewodowy-Odkurzacz-Pionowy-VOKSAR-A11-LED-5w1-HEPA-reczny-cyklonowy-Model-A11 720w,https:\/\/a.allegroimg.com\/s1024\/111ca3\/adb784f04470bc9b4df6962bf356\/Bezprzewodowy-Odkurzacz-Pionowy-VOKSAR-A11-LED-5w1-HEPA-reczny-cyklonowy-Model-A11 1024w,https:\/\/a.allegroimg.com\/s1440\/111ca3\/adb784f04470bc9b4df6962bf356\/Bezprzewodowy-Odkurzacz-Pionowy-VOKSAR-A11-LED-5w1-HEPA-reczny-cyklonowy-Model-A11 1440w,https:\/\/a.allegroimg.com\/original\/111ca3\/adb784f04470bc9b4df6962bf356\/Bezprzewodowy-Odkurzacz-Pionowy-VOKSAR-A11-LED-5w1-HEPA-reczny-cyklonowy-Model-A11 2560w\" alt=\"Bezprzewodowy Odkurzacz Pionowy VOKSAR A11 LED 5w1 HEPA r\u0119czny cyklonowy Model A11\" width=\"2560px\" \/><\/div>\n<\/div>\n<\/div>\n<\/div>\n<\/div>\n<div class=\"mpof_ki myre_zn myre_8v_l m389_6m_l\">\n<div class=\"mp4t_16_s mryx_16_s mr3m_1 mli2_1 mh85_56 mh85_0_l\">\n<div class=\"mgn2_16 _0d3bd_am0a-\">\n<p><b>VIELSEITIGKEIT:<\/b><\/p>\n<p>Dank des Designs des A11s k\u00f6nnen Sie den Staubsauger leicht in eine handgehaltene Version umwandeln, um h\u00f6here Fl\u00e4chen schnell zu saugen und ihn an jedem Ort einzusetzen. Die Multifunktionsd\u00fcsen sind f\u00fcr die Reinigung von Sofas, Tischen, Decken usw. konzipiert, und die Fugend\u00fcse ist f\u00fcr die Reinigung von Autos, engen Spalten usw. gedacht.<\/p>\n<\/div>\n<\/div>\n<div class=\"mp4t_16_s mryx_16_s mr3m_1 mli2_1 mh85_56 mh85_0_l\">\n<div class=\"mg9e_8 mj7a_8 mg9e_0_s mvrt_0_s mj7a_0_s mh36_0_s mzmg_6m munh_16_l m3h2_16_l\">\n<div class=\"mp4t_0 mryx_0 munh_56 m3h2_56\">\n<div class=\"mp7g_oh\"><img decoding=\"async\" class=\"msub_k4 mupj_5k mjru_k4 mse2_k4 mp7g_f6 mq1m_0 mj7u_0 m7er_k4 mqen_m6 m31c_d8 m0ux_fp lazyloaded\" src=\"https:\/\/a.allegroimg.com\/original\/110030\/e25e733449ddaef941cb2e5c3282\/Bezprzewodowy-Odkurzacz-Pionowy-VOKSAR-A11-LED-5w1-HEPA-reczny-cyklonowy-Praca-na-mokro-nie\" sizes=\"(min-width: 1200px) 560px, (min-width: 992px) 50vw, 100vw\" srcset=\"https:\/\/a.allegroimg.com\/s360\/110030\/e25e733449ddaef941cb2e5c3282\/Bezprzewodowy-Odkurzacz-Pionowy-VOKSAR-A11-LED-5w1-HEPA-reczny-cyklonowy-Praca-na-mokro-nie 360w,https:\/\/a.allegroimg.com\/s720\/110030\/e25e733449ddaef941cb2e5c3282\/Bezprzewodowy-Odkurzacz-Pionowy-VOKSAR-A11-LED-5w1-HEPA-reczny-cyklonowy-Praca-na-mokro-nie 720w,https:\/\/a.allegroimg.com\/s1024\/110030\/e25e733449ddaef941cb2e5c3282\/Bezprzewodowy-Odkurzacz-Pionowy-VOKSAR-A11-LED-5w1-HEPA-reczny-cyklonowy-Praca-na-mokro-nie 1024w,https:\/\/a.allegroimg.com\/s1440\/110030\/e25e733449ddaef941cb2e5c3282\/Bezprzewodowy-Odkurzacz-Pionowy-VOKSAR-A11-LED-5w1-HEPA-reczny-cyklonowy-Praca-na-mokro-nie 1440w,https:\/\/a.allegroimg.com\/original\/110030\/e25e733449ddaef941cb2e5c3282\/Bezprzewodowy-Odkurzacz-Pionowy-VOKSAR-A11-LED-5w1-HEPA-reczny-cyklonowy-Praca-na-mokro-nie 2560w\" alt=\"Bezprzewodowy Odkurzacz Pionowy VOKSAR A11 LED 5w1 HEPA r\u0119czny cyklonowy Praca na mokro nie\" width=\"2560px\" \/><\/div>\n<\/div>\n<\/div>\n<\/div>\n<\/div>\n<div class=\"mpof_ki myre_zn myre_8v_l m389_6m_l\">\n<div class=\"mp4t_16_s mryx_16_s mr3m_1 mli2_1 mh85_56 mh85_0_l\">\n<div class=\"mgn2_16 _0d3bd_am0a-\">\n<p><b>H\u00f6hepunkte:<\/b><\/p>\n<ul>\n<li>Zustand: Neu<\/li>\n<li>Ansaugleistung: 20 000Pa<\/li>\n<li>Bearbeitungszeit: 45 Minuten<\/li>\n<li>Aufladezeit: 180 Minuten<\/li>\n<li>Filter: HEPA<\/li>\n<li>Fassungsverm\u00f6gen des Tanks: 1L<\/li>\n<li>Stromversorgung: wiederaufladbar<\/li>\n<\/ul>\n<p><b>Eingeschlossen:<\/b><\/p>\n<ul>\n<li>Geh\u00e4use einschlie\u00dflich Batterie<\/li>\n<li>Rohr<\/li>\n<li>Ladestation<\/li>\n<li>Ladekabel<\/li>\n<li>Elektrob\u00fcrste<\/li>\n<li>geschlitzte Spitze<\/li>\n<li>2in1-Tipp<\/li>\n<li>zus\u00e4tzlicher Filter<\/li>\n<\/ul>\n<\/div>\n<\/div>\n<div class=\"mp4t_16_s mryx_16_s mr3m_1 mli2_1 mh85_56 mh85_0_l\">\n<div class=\"mg9e_8 mj7a_8 mg9e_0_s mvrt_0_s mj7a_0_s mh36_0_s mzmg_6m munh_16_l m3h2_16_l\">\n<div class=\"mp4t_0 mryx_0 munh_56 m3h2_56\">\n<div class=\"mp7g_oh\"><img decoding=\"async\" class=\"msub_k4 mupj_5k mjru_k4 mse2_k4 mp7g_f6 mq1m_0 mj7u_0 m7er_k4 mqen_m6 m31c_d8 m0ux_fp lazyloaded\" src=\"https:\/\/a.allegroimg.com\/original\/110367\/e4af40a4408982decc9b6c90f2c4\/Bezprzewodowy-Odkurzacz-Pionowy-VOKSAR-A11-LED-5w1-HEPA-reczny-cyklonowy-Stan-opakowania-oryginalne\" sizes=\"(min-width: 1200px) 560px, (min-width: 992px) 50vw, 100vw\" srcset=\"https:\/\/a.allegroimg.com\/s360\/110367\/e4af40a4408982decc9b6c90f2c4\/Bezprzewodowy-Odkurzacz-Pionowy-VOKSAR-A11-LED-5w1-HEPA-reczny-cyklonowy-Stan-opakowania-oryginalne 360w,https:\/\/a.allegroimg.com\/s720\/110367\/e4af40a4408982decc9b6c90f2c4\/Bezprzewodowy-Odkurzacz-Pionowy-VOKSAR-A11-LED-5w1-HEPA-reczny-cyklonowy-Stan-opakowania-oryginalne 720w,https:\/\/a.allegroimg.com\/s1024\/110367\/e4af40a4408982decc9b6c90f2c4\/Bezprzewodowy-Odkurzacz-Pionowy-VOKSAR-A11-LED-5w1-HEPA-reczny-cyklonowy-Stan-opakowania-oryginalne 1024w,https:\/\/a.allegroimg.com\/s1440\/110367\/e4af40a4408982decc9b6c90f2c4\/Bezprzewodowy-Odkurzacz-Pionowy-VOKSAR-A11-LED-5w1-HEPA-reczny-cyklonowy-Stan-opakowania-oryginalne 1440w,https:\/\/a.allegroimg.com\/original\/110367\/e4af40a4408982decc9b6c90f2c4\/Bezprzewodowy-Odkurzacz-Pionowy-VOKSAR-A11-LED-5w1-HEPA-reczny-cyklonowy-Stan-opakowania-oryginalne 2560w\" alt=\"Bezprzewodowy Odkurzacz Pionowy VOKSAR A11 LED 5w1 HEPA r\u0119czny cyklonowy Stan opakowania oryginalne\" width=\"2560px\" \/><\/div>\n<\/div>\n<\/div>\n<\/div>\n<\/div>\n<\/div>\n<\/div>\n<\/div>\n<div data-box-name=\"links divider\" data-box-id=\"LUo64bt1RQOuwIphdVaomw==sx2lrxHNQUG4Wa7QQbUK8g==Wg1Mx-nWR2-fEiRkuhNZdA==\" data-prototype-id=\"allegro.divider\" data-prototype-version=\"1.0\" data-civ=\"ac9\" data-analytics-enabled=\"\" data-analytics-category=\"allegro.divider\" data-analytics-groups=\"%5B%22allegro.oferta.base%22%2C%22showproduct.content%22%5D\" data-fyyvasigtsna=\"\"><\/div>","protected":false},"excerpt":{"rendered":"<p>VOKSAR A11: Eine Revolution in der Reinigung. Dieser kabellose 5-in-1 Staubsauger mit einer Leistung von 20.000Pa und einer Akkulaufzeit von 45 Minuten bietet Ihnen eine nie dagewesene Freiheit. Ausgestattet mit einer praktischen Wandstation, einer Standfunktion, einer beleuchteten Elektrob\u00fcrste mit Anti-Tangle-Technologie und einem fortschrittlichen HEPA-Filter, wird er Ihre t\u00e4gliche Reinigung schnell, effizient und komfortabel machen.<\/p>","protected":false},"featured_media":954,"comment_status":"open","ping_status":"closed","template":"","meta":{"_bst_post_transparent":"default","_bst_post_title":"","_bst_post_layout":"default","_bst_post_sidebar_id":"","_bst_post_content_style":"default","_bst_post_vertical_padding":"default","_bst_post_feature":"","_bst_post_feature_position":"","_bst_post_header":false,"_bst_post_footer":false},"product_brand":[],"product_cat":[87],"product_tag":[],"class_list":{"0":"post-945","1":"product","2":"type-product","3":"status-publish","4":"has-post-thumbnail","6":"product_cat-odkurzacze-bezprzewodowe","8":"first","9":"instock","10":"shipping-taxable","11":"purchasable","12":"product-type-simple","13":"entry","14":"content-bg","15":"loop-entry"},"_links":{"self":[{"href":"https:\/\/voksar.pl\/de\/wp-json\/wp\/v2\/product\/945","targetHints":{"allow":["GET"]}}],"collection":[{"href":"https:\/\/voksar.pl\/de\/wp-json\/wp\/v2\/product"}],"about":[{"href":"https:\/\/voksar.pl\/de\/wp-json\/wp\/v2\/types\/product"}],"replies":[{"embeddable":true,"href":"https:\/\/voksar.pl\/de\/wp-json\/wp\/v2\/comments?post=945"}],"wp:featuredmedia":[{"embeddable":true,"href":"https:\/\/voksar.pl\/de\/wp-json\/wp\/v2\/media\/954"}],"wp:attachment":[{"href":"https:\/\/voksar.pl\/de\/wp-json\/wp\/v2\/media?parent=945"}],"wp:term":[{"taxonomy":"product_brand","embeddable":true,"href":"https:\/\/voksar.pl\/de\/wp-json\/wp\/v2\/product_brand?post=945"},{"taxonomy":"product_cat","embeddable":true,"href":"https:\/\/voksar.pl\/de\/wp-json\/wp\/v2\/product_cat?post=945"},{"taxonomy":"product_tag","embeddable":true,"href":"https:\/\/voksar.pl\/de\/wp-json\/wp\/v2\/product_tag?post=945"}],"curies":[{"name":"wp","href":"https:\/\/api.w.org\/{rel}","templated":true}]}}