{"id":912,"date":"2025-09-19T04:15:25","date_gmt":"2025-09-19T02:15:25","guid":{"rendered":"https:\/\/voksar.pl\/?post_type=product&#038;p=912"},"modified":"2026-04-01T02:18:16","modified_gmt":"2026-04-01T00:18:16","slug":"bezprzewodowy-odkurzacz-voksar-s11-led-5w1","status":"publish","type":"product","link":"https:\/\/voksar.pl\/de\/produkt\/bezprzewodowy-odkurzacz-voksar-s11-led-5w1\/","title":{"rendered":"Kabelloser Staubsauger VOKSAR S11 LED 5in1"},"content":{"rendered":"<div class=\"mgn2_14 mp0t_0a mqu1_21 mli8_k4 mgmw_wo msts_pt _0d3bd_K6Qpj\">\n<div class=\"mpof_ki myre_zn myre_8v_l m389_6m_l\">\n<div class=\"mp4t_16_s mryx_16_s mr3m_1 mli2_1 mh85_56 mh85_0_l\">\n<div class=\"mgn2_16 _0d3bd_am0a-\">\n<p><b>Kabelloser Staubsauger VOKSAR S11 LED 5in1 35000Pa 90min<\/b><\/p>\n<p><b>VOKSAR S11\u00a0<\/b>ist ein innovativer und ultraleichter Staubsauger, mit dem Sie Ihr ganzes Haus in noch k\u00fcrzerer Zeit reinigen k\u00f6nnen. Dieser handliche und leichte Staubsauger erm\u00f6glicht eine effiziente und dennoch komfortable Reinigung. Der S11 ist mit einer 2-in-1-B\u00fcrste ausgestattet, so dass die Reinigung unabh\u00e4ngig von der Art der zu saugenden Oberfl\u00e4che so gr\u00fcndlich wie m\u00f6glich erfolgt. Das Ger\u00e4t zeichnet sich durch seine hohe\u00a0<b>Saugleistung 35.000Pa\u00a0<\/b>und einer Arbeitszeit von\u00a0<b>90 Minuten<\/b>\u00a0- sehen Sie, was Sie sonst noch \u00fcberraschen wird.<\/p>\n<p><b>Touchscreen-Anzeige<\/b><\/p>\n<p>Das Display auf dem Akku erm\u00f6glicht eine intuitive Steuerung des Staubsaugers und die freie Einstellung der Saugleistung in 3 Stufen. Das Display zeigt auch Informationen wie den Betriebsmodus, die verbleibende Zeit bis zur Entladung der Batterie, die Anzeige der B\u00fcrstenverriegelung und die Anzeige des verschmutzten Filters an.<\/p>\n<\/div>\n<\/div>\n<div class=\"mp4t_16_s mryx_16_s mr3m_1 mli2_1 mh85_56 mh85_0_l\">\n<div class=\"mg9e_8 mj7a_8 mg9e_0_s mvrt_0_s mj7a_0_s mh36_0_s mzmg_6m munh_16_l m3h2_16_l\">\n<div class=\"mp4t_0 mryx_0 munh_56 m3h2_56\">\n<div class=\"mp7g_oh\"><img decoding=\"async\" class=\"msub_k4 mupj_5k mjru_k4 mse2_k4 mp7g_f6 mq1m_0 mj7u_0 m7er_k4 mqen_m6 m31c_d8 m0ux_fp lazyloaded\" src=\"https:\/\/a.allegroimg.com\/original\/110944\/0a1e553b4065ae4f7db5ce8c50fb\/Bezprzewodowy-Odkurzacz-Pionowy-reczny-VOKSAR-S11-LED-5w1-35000Pa-90min\" sizes=\"(min-width: 1200px) 560px, (min-width: 992px) 50vw, 100vw\" srcset=\"https:\/\/a.allegroimg.com\/s360\/110944\/0a1e553b4065ae4f7db5ce8c50fb\/Bezprzewodowy-Odkurzacz-Pionowy-reczny-VOKSAR-S11-LED-5w1-35000Pa-90min 337w,https:\/\/a.allegroimg.com\/s720\/110944\/0a1e553b4065ae4f7db5ce8c50fb\/Bezprzewodowy-Odkurzacz-Pionowy-reczny-VOKSAR-S11-LED-5w1-35000Pa-90min 675w,https:\/\/a.allegroimg.com\/s1024\/110944\/0a1e553b4065ae4f7db5ce8c50fb\/Bezprzewodowy-Odkurzacz-Pionowy-reczny-VOKSAR-S11-LED-5w1-35000Pa-90min 960w,https:\/\/a.allegroimg.com\/s1440\/110944\/0a1e553b4065ae4f7db5ce8c50fb\/Bezprzewodowy-Odkurzacz-Pionowy-reczny-VOKSAR-S11-LED-5w1-35000Pa-90min 1350w,https:\/\/a.allegroimg.com\/original\/110944\/0a1e553b4065ae4f7db5ce8c50fb\/Bezprzewodowy-Odkurzacz-Pionowy-reczny-VOKSAR-S11-LED-5w1-35000Pa-90min 2400w\" alt=\"Bezprzewodowy Odkurzacz Pionowy r\u0119czny VOKSAR S11 LED 5w1 35000Pa 90min\" width=\"2400px\" \/><\/div>\n<\/div>\n<\/div>\n<\/div>\n<\/div>\n<div class=\"mpof_ki myre_zn myre_8v_l m389_6m_l\">\n<div class=\"mp4t_16_s mryx_16_s mr3m_1 mli2_1 mh85_56 mh85_0_l\">\n<div class=\"mgn2_16 _0d3bd_am0a-\">\n<p><b>3 Leistungsmodi<\/b><\/p>\n<ul>\n<li><b>basic (ECO)-\u00a0<\/b>Der Sparmodus eignet sich f\u00fcr die Standardreinigung, vor allem von harten Oberfl\u00e4chen - er erm\u00f6glicht 90 Minuten Arbeit mit einer einzigen Ladung;<\/li>\n<li><b>automatisch (AUTO)-<\/b>\u00a0Der Automatikmodus passt die Saugleistung mithilfe von Sensoren automatisch an den aktuellen Bedarf an. Beim Saugen eines Teppichs oder wenn die Sensoren mehr Schmutz erkennen, erh\u00f6ht der Staubsauger automatisch die Leistung, und wenn kein Bedarf besteht, wird die Leistung proportional verringert, um den Akkuverbrauch zu optimieren;<\/li>\n<li><b>maximal (MAX)-\u00a0\u00a0<\/b>Der h\u00f6chste Leistungsmodus ist f\u00fcr die st\u00e4rksten Verschmutzungen ausgelegt. Die enorme Leistung von bis zu 35000Pa kann mit jeder Art von Schmutz sowie mit Oberfl\u00e4chen<\/li>\n<\/ul>\n<p><b>Beeindruckende Leistung<\/b><\/p>\n<p>Leistungsstarke Motoren sorgen f\u00fcr eine extrem leise, aber kraftvolle Absaugung, die bis zu\u00a0<b>35000 Pa<\/b>, Damit ist er um ein Vielfaches leistungsf\u00e4higer als kabellose Staubsauger zu diesem Preis.<\/p>\n<\/div>\n<\/div>\n<div class=\"mp4t_16_s mryx_16_s mr3m_1 mli2_1 mh85_56 mh85_0_l\">\n<div class=\"mg9e_8 mj7a_8 mg9e_0_s mvrt_0_s mj7a_0_s mh36_0_s mzmg_6m munh_16_l m3h2_16_l\">\n<div class=\"mp4t_0 mryx_0 munh_56 m3h2_56\">\n<div class=\"mp7g_oh\"><img decoding=\"async\" class=\"msub_k4 mupj_5k mjru_k4 mse2_k4 mp7g_f6 mq1m_0 mj7u_0 m7er_k4 mqen_m6 m31c_d8 m0ux_fp lazyloaded\" src=\"https:\/\/a.allegroimg.com\/original\/11dd10\/a7f6e3fe482db455fc3aa73bf2c7\/Bezprzewodowy-Odkurzacz-Pionowy-reczny-VOKSAR-S11-LED-5w1-35000Pa-90min-EAN-GTIN-5906846100209\" sizes=\"(min-width: 1200px) 560px, (min-width: 992px) 50vw, 100vw\" srcset=\"https:\/\/a.allegroimg.com\/s360\/11dd10\/a7f6e3fe482db455fc3aa73bf2c7\/Bezprzewodowy-Odkurzacz-Pionowy-reczny-VOKSAR-S11-LED-5w1-35000Pa-90min-EAN-GTIN-5906846100209 360w,https:\/\/a.allegroimg.com\/s720\/11dd10\/a7f6e3fe482db455fc3aa73bf2c7\/Bezprzewodowy-Odkurzacz-Pionowy-reczny-VOKSAR-S11-LED-5w1-35000Pa-90min-EAN-GTIN-5906846100209 720w,https:\/\/a.allegroimg.com\/s1024\/11dd10\/a7f6e3fe482db455fc3aa73bf2c7\/Bezprzewodowy-Odkurzacz-Pionowy-reczny-VOKSAR-S11-LED-5w1-35000Pa-90min-EAN-GTIN-5906846100209 1024w,https:\/\/a.allegroimg.com\/s1440\/11dd10\/a7f6e3fe482db455fc3aa73bf2c7\/Bezprzewodowy-Odkurzacz-Pionowy-reczny-VOKSAR-S11-LED-5w1-35000Pa-90min-EAN-GTIN-5906846100209 1440w,https:\/\/a.allegroimg.com\/original\/11dd10\/a7f6e3fe482db455fc3aa73bf2c7\/Bezprzewodowy-Odkurzacz-Pionowy-reczny-VOKSAR-S11-LED-5w1-35000Pa-90min-EAN-GTIN-5906846100209 2560w\" alt=\"Bezprzewodowy Odkurzacz Pionowy r\u0119czny VOKSAR S11 LED 5w1 35000Pa 90min EAN (GTIN) 5906846100209\" width=\"2560px\" \/><\/div>\n<\/div>\n<\/div>\n<\/div>\n<\/div>\n<div class=\"mpof_ki myre_zn myre_8v_l m389_6m_l\">\n<div class=\"mp4t_16_s mryx_16_s mr3m_1 mli2_1 mh85_56 mh85_0_l\">\n<div class=\"mgn2_16 _0d3bd_am0a-\">\n<p><b>Effiziente, austauschbare Batterie:<\/b><\/p>\n<p>Die S11 ist mit den fortschrittlichsten\u00a0<b>ADDS<\/b>\u00a0(Automatisches Stauberkennungssystem) +\u00a0<b>ABMS<\/b>\u00a0(Automatic Battery Management System), das eine m\u00f6gliche Betriebsdauer von bis zu\u00a0<b>90 Minuten<\/b>.<\/p>\n<\/div>\n<\/div>\n<div class=\"mp4t_16_s mryx_16_s mr3m_1 mli2_1 mh85_56 mh85_0_l\">\n<div class=\"mg9e_8 mj7a_8 mg9e_0_s mvrt_0_s mj7a_0_s mh36_0_s mzmg_6m munh_16_l m3h2_16_l\">\n<div class=\"mp4t_0 mryx_0 munh_56 m3h2_56\">\n<div class=\"mp7g_oh\"><img decoding=\"async\" class=\"msub_k4 mupj_5k mjru_k4 mse2_k4 mp7g_f6 mq1m_0 mj7u_0 m7er_k4 mqen_m6 m31c_d8 m0ux_fp lazyloaded\" src=\"https:\/\/a.allegroimg.com\/original\/11f095\/75d3b5ce40beb4f89498f4d9a2a8\/Bezprzewodowy-Odkurzacz-Pionowy-reczny-VOKSAR-S11-LED-5w1-35000Pa-90min-Marka-VOKSAR\" sizes=\"(min-width: 1200px) 560px, (min-width: 992px) 50vw, 100vw\" srcset=\"https:\/\/a.allegroimg.com\/s360\/11f095\/75d3b5ce40beb4f89498f4d9a2a8\/Bezprzewodowy-Odkurzacz-Pionowy-reczny-VOKSAR-S11-LED-5w1-35000Pa-90min-Marka-VOKSAR 360w,https:\/\/a.allegroimg.com\/s720\/11f095\/75d3b5ce40beb4f89498f4d9a2a8\/Bezprzewodowy-Odkurzacz-Pionowy-reczny-VOKSAR-S11-LED-5w1-35000Pa-90min-Marka-VOKSAR 720w,https:\/\/a.allegroimg.com\/s1024\/11f095\/75d3b5ce40beb4f89498f4d9a2a8\/Bezprzewodowy-Odkurzacz-Pionowy-reczny-VOKSAR-S11-LED-5w1-35000Pa-90min-Marka-VOKSAR 1024w,https:\/\/a.allegroimg.com\/s1440\/11f095\/75d3b5ce40beb4f89498f4d9a2a8\/Bezprzewodowy-Odkurzacz-Pionowy-reczny-VOKSAR-S11-LED-5w1-35000Pa-90min-Marka-VOKSAR 1440w,https:\/\/a.allegroimg.com\/original\/11f095\/75d3b5ce40beb4f89498f4d9a2a8\/Bezprzewodowy-Odkurzacz-Pionowy-reczny-VOKSAR-S11-LED-5w1-35000Pa-90min-Marka-VOKSAR 2560w\" alt=\"Bezprzewodowy Odkurzacz Pionowy r\u0119czny VOKSAR S11 LED 5w1 35000Pa 90min Marka VOKSAR\" width=\"2560px\" \/><\/div>\n<\/div>\n<\/div>\n<\/div>\n<\/div>\n<div class=\"mpof_ki myre_zn myre_8v_l m389_6m_l\">\n<div class=\"mp4t_16_s mryx_16_s mr3m_1 mli2_1 mh85_56 mh85_0_l\">\n<div class=\"mgn2_16 _0d3bd_am0a-\">\n<p><b>VOKSAR \u201eAir Force\u201d Zyklon-Filtertechnik<\/b><\/p>\n<p>Die \u201eAir Force\u201d-Zyklon-Multikonus-Technologie erzeugt eine starke Zentrifugalkraft, filtert Verunreinigungen effizient heraus und h\u00e4lt 99,9% im Staubbeh\u00e4lter fest, um Sekund\u00e4rverschmutzungen zu vermeiden. Die effizient aufgel\u00f6ste Filtration erm\u00f6glicht einen vollst\u00e4ndig durchl\u00e4ssigen Luftkanal f\u00fcr eine l\u00e4ngere und ununterbrochene starke Absaugung.<\/p>\n<\/div>\n<\/div>\n<div class=\"mp4t_16_s mryx_16_s mr3m_1 mli2_1 mh85_56 mh85_0_l\">\n<div class=\"mg9e_8 mj7a_8 mg9e_0_s mvrt_0_s mj7a_0_s mh36_0_s mzmg_6m munh_16_l m3h2_16_l\">\n<div class=\"mp4t_0 mryx_0 munh_56 m3h2_56\">\n<div class=\"mp7g_oh\"><img decoding=\"async\" class=\"msub_k4 mupj_5k mjru_k4 mse2_k4 mp7g_f6 mq1m_0 mj7u_0 m7er_k4 mqen_m6 m31c_d8 m0ux_fp lazyloaded\" src=\"https:\/\/a.allegroimg.com\/original\/11aaad\/9a9d82204b86be5d808e013f2203\/Bezprzewodowy-Odkurzacz-Pionowy-reczny-VOKSAR-S11-LED-5w1-35000Pa-90min-Model-S11\" sizes=\"(min-width: 1200px) 560px, (min-width: 992px) 50vw, 100vw\" srcset=\"https:\/\/a.allegroimg.com\/s360\/11aaad\/9a9d82204b86be5d808e013f2203\/Bezprzewodowy-Odkurzacz-Pionowy-reczny-VOKSAR-S11-LED-5w1-35000Pa-90min-Model-S11 360w,https:\/\/a.allegroimg.com\/s720\/11aaad\/9a9d82204b86be5d808e013f2203\/Bezprzewodowy-Odkurzacz-Pionowy-reczny-VOKSAR-S11-LED-5w1-35000Pa-90min-Model-S11 720w,https:\/\/a.allegroimg.com\/s1024\/11aaad\/9a9d82204b86be5d808e013f2203\/Bezprzewodowy-Odkurzacz-Pionowy-reczny-VOKSAR-S11-LED-5w1-35000Pa-90min-Model-S11 1024w,https:\/\/a.allegroimg.com\/s1440\/11aaad\/9a9d82204b86be5d808e013f2203\/Bezprzewodowy-Odkurzacz-Pionowy-reczny-VOKSAR-S11-LED-5w1-35000Pa-90min-Model-S11 1440w,https:\/\/a.allegroimg.com\/original\/11aaad\/9a9d82204b86be5d808e013f2203\/Bezprzewodowy-Odkurzacz-Pionowy-reczny-VOKSAR-S11-LED-5w1-35000Pa-90min-Model-S11 2560w\" alt=\"Bezprzewodowy Odkurzacz Pionowy r\u0119czny VOKSAR S11 LED 5w1 35000Pa 90min Model S11\" width=\"2560px\" \/><\/div>\n<\/div>\n<\/div>\n<\/div>\n<\/div>\n<div class=\"mpof_ki myre_zn myre_8v_l m389_6m_l\">\n<div class=\"mp4t_16_s mryx_16_s mr3m_1 mli2_1 mh85_56 mh85_0_l\">\n<div class=\"mgn2_16 _0d3bd_am0a-\">\n<p><b>Gro\u00dfe Elektrob\u00fcrste \u201eSpecial Force\u201d<\/b><\/p>\n<p>Der extrastarke Motor der Elektrob\u00fcrste bew\u00e4hrt sich beim Saugen von anspruchsvollen Oberfl\u00e4chen, z.B. auch von hohen Teppichen. Die \u201eSpecial Force\u201d-Technologie sorgt daf\u00fcr, dass tief eingebetteter Schmutz genauso leicht eingesaugt wird wie auf einer flachen und harten Oberfl\u00e4che. Das zus\u00e4tzliche LED-Licht an der Elektrob\u00fcrste hilft Ihnen, den Schmutz zu lokalisieren und erleichtert die Reinigung in dunklen Bereichen.<\/p>\n<p><b>Schutzfunktion der Bodenb\u00fcrste<\/b><\/p>\n<p>Wenn sich der Schaft der Bodenb\u00fcrste aufgrund zu langer Borsten verheddert, schaltet sich die Bodenb\u00fcrste automatisch ab und ein rotes Licht leuchtet auf, um das Problem anzuzeigen. Dadurch werden nicht nur Sch\u00e4den am B\u00fcrstenmotor vermieden, sondern auch die Lebensdauer der B\u00fcrste und des Staubsaugers selbst verl\u00e4ngert.<\/p>\n<\/div>\n<\/div>\n<div class=\"mp4t_16_s mryx_16_s mr3m_1 mli2_1 mh85_56 mh85_0_l\">\n<div class=\"mg9e_8 mj7a_8 mg9e_0_s mvrt_0_s mj7a_0_s mh36_0_s mzmg_6m munh_16_l m3h2_16_l\">\n<div class=\"mp4t_0 mryx_0 munh_56 m3h2_56\">\n<div class=\"mp7g_oh\"><img decoding=\"async\" class=\"msub_k4 mupj_5k mjru_k4 mse2_k4 mp7g_f6 mq1m_0 mj7u_0 m7er_k4 mqen_m6 m31c_d8 m0ux_fp lazyloaded\" src=\"https:\/\/a.allegroimg.com\/original\/11ef81\/d324196746b4850013fca49b5971\/Bezprzewodowy-Odkurzacz-Pionowy-reczny-VOKSAR-S11-LED-5w1-35000Pa-90min-Zasilanie-akumulatorowe\" sizes=\"(min-width: 1200px) 560px, (min-width: 992px) 50vw, 100vw\" srcset=\"https:\/\/a.allegroimg.com\/s360\/11ef81\/d324196746b4850013fca49b5971\/Bezprzewodowy-Odkurzacz-Pionowy-reczny-VOKSAR-S11-LED-5w1-35000Pa-90min-Zasilanie-akumulatorowe 360w,https:\/\/a.allegroimg.com\/s720\/11ef81\/d324196746b4850013fca49b5971\/Bezprzewodowy-Odkurzacz-Pionowy-reczny-VOKSAR-S11-LED-5w1-35000Pa-90min-Zasilanie-akumulatorowe 720w,https:\/\/a.allegroimg.com\/s1024\/11ef81\/d324196746b4850013fca49b5971\/Bezprzewodowy-Odkurzacz-Pionowy-reczny-VOKSAR-S11-LED-5w1-35000Pa-90min-Zasilanie-akumulatorowe 1024w,https:\/\/a.allegroimg.com\/s1440\/11ef81\/d324196746b4850013fca49b5971\/Bezprzewodowy-Odkurzacz-Pionowy-reczny-VOKSAR-S11-LED-5w1-35000Pa-90min-Zasilanie-akumulatorowe 1440w,https:\/\/a.allegroimg.com\/original\/11ef81\/d324196746b4850013fca49b5971\/Bezprzewodowy-Odkurzacz-Pionowy-reczny-VOKSAR-S11-LED-5w1-35000Pa-90min-Zasilanie-akumulatorowe 2560w\" alt=\"Bezprzewodowy Odkurzacz Pionowy r\u0119czny VOKSAR S11 LED 5w1 35000Pa 90min Zasilanie akumulatorowe\" width=\"2560px\" \/><\/div>\n<\/div>\n<\/div>\n<\/div>\n<\/div>\n<div class=\"mpof_ki myre_zn myre_8v_l m389_6m_l\">\n<div class=\"mp4t_16_s mryx_16_s mr3m_1 mli2_1 mh85_56 mh85_0_l\">\n<div class=\"mgn2_16 _0d3bd_am0a-\">\n<p><b>Intelligente Aufladung f\u00fcr langfristige Nutzung<\/b><\/p>\n<p>Das S11 ist mit einem intelligenten Ladeger\u00e4t ausgestattet, das die Ladezeit automatisch an die Batteriekapazit\u00e4t anpasst. Sobald die Batterie vollst\u00e4ndig geladen ist, unterbricht das Ladeger\u00e4t die Stromzufuhr und sch\u00fctzt die Batterie so vor \u00dcberladung. Mit dem intelligenten Ladeger\u00e4t k\u00f6nnen wir die Lebensdauer des Akkus erheblich verl\u00e4ngern und zudem Geld bei unseren Rechnungen sparen.<\/p>\n<p><b>Wandhalterung<\/b><\/p>\n<p>Der Staubsauger ist mit einer Wandstation ausgestattet, an der Sie den Staubsauger auch aufladen k\u00f6nnen, so dass er immer griffbereit und st\u00e4ndig wieder einsatzbereit ist.<\/p>\n<p><b>3 Lademethoden:<\/b><\/p>\n<ul>\n<li>Die erste ist nat\u00fcrlich, dass es an der Wandstation aufgeladen werden kann, was die bequemste Option ist - einfach in die Station stellen und warten, bis es aufgeladen ist,<\/li>\n<li>Der Staubsauger kann aufgeladen werden, indem das Ladekabel direkt an das Geh\u00e4use des Staubsaugers angeschlossen wird,<\/li>\n<li>Es ist m\u00f6glich, den Staubsauger aufzuladen, indem das Ladekabel direkt an die Batterie angeschlossen wird.<\/li>\n<\/ul>\n<\/div>\n<\/div>\n<div class=\"mp4t_16_s mryx_16_s mr3m_1 mli2_1 mh85_56 mh85_0_l\">\n<div class=\"mg9e_8 mj7a_8 mg9e_0_s mvrt_0_s mj7a_0_s mh36_0_s mzmg_6m munh_16_l m3h2_16_l\">\n<div class=\"mp4t_0 mryx_0 munh_56 m3h2_56\">\n<div class=\"mp7g_oh\"><img decoding=\"async\" class=\"msub_k4 mupj_5k mjru_k4 mse2_k4 mp7g_f6 mq1m_0 mj7u_0 m7er_k4 mqen_m6 m31c_d8 m0ux_fp lazyloaded\" src=\"https:\/\/a.allegroimg.com\/original\/112995\/5c15382c487a83276bb93919bc2d\/Bezprzewodowy-Odkurzacz-Pionowy-reczny-VOKSAR-S11-LED-5w1-35000Pa-90min-Kolor-dominujacy-fioletowy\" sizes=\"(min-width: 1200px) 560px, (min-width: 992px) 50vw, 100vw\" srcset=\"https:\/\/a.allegroimg.com\/s360\/112995\/5c15382c487a83276bb93919bc2d\/Bezprzewodowy-Odkurzacz-Pionowy-reczny-VOKSAR-S11-LED-5w1-35000Pa-90min-Kolor-dominujacy-fioletowy 360w,https:\/\/a.allegroimg.com\/s720\/112995\/5c15382c487a83276bb93919bc2d\/Bezprzewodowy-Odkurzacz-Pionowy-reczny-VOKSAR-S11-LED-5w1-35000Pa-90min-Kolor-dominujacy-fioletowy 720w,https:\/\/a.allegroimg.com\/s1024\/112995\/5c15382c487a83276bb93919bc2d\/Bezprzewodowy-Odkurzacz-Pionowy-reczny-VOKSAR-S11-LED-5w1-35000Pa-90min-Kolor-dominujacy-fioletowy 1024w,https:\/\/a.allegroimg.com\/s1440\/112995\/5c15382c487a83276bb93919bc2d\/Bezprzewodowy-Odkurzacz-Pionowy-reczny-VOKSAR-S11-LED-5w1-35000Pa-90min-Kolor-dominujacy-fioletowy 1440w,https:\/\/a.allegroimg.com\/original\/112995\/5c15382c487a83276bb93919bc2d\/Bezprzewodowy-Odkurzacz-Pionowy-reczny-VOKSAR-S11-LED-5w1-35000Pa-90min-Kolor-dominujacy-fioletowy 2560w\" alt=\"Bezprzewodowy Odkurzacz Pionowy r\u0119czny VOKSAR S11 LED 5w1 35000Pa 90min Kolor dominuj\u0105cy fioletowy\" width=\"2560px\" \/><\/div>\n<\/div>\n<\/div>\n<\/div>\n<\/div>\n<div class=\"mpof_ki myre_zn myre_8v_l m389_6m_l\">\n<div class=\"mp4t_16_s mryx_16_s mr3m_1 mli2_1 mh85_56 mh85_0_l\">\n<div class=\"mgn2_16 _0d3bd_am0a-\">\n<p><b>Selbstst\u00e4ndige Konstruktion<\/b><\/p>\n<p>Der Staubsauger ist mit einer Selbstaufstellungsfunktion ausgestattet, so dass Sie den Staubsauger jederzeit einfach irgendwo abstellen k\u00f6nnen, ohne ihn an andere Gegenst\u00e4nde anlehnen zu m\u00fcssen - der Staubsauger h\u00e4lt sich selbst aufrecht.<\/p>\n<p><b>Kompakte Gr\u00f6\u00dfe und geringes Gewicht<\/b><\/p>\n<p>Dank seiner kompakten Abmessungen<b>\u00a0<\/b>und geringes Gewicht\u00a0\u00a0<b>1,16 kg als Handstaubsauger und 2,3 kg als Stehsauger<\/b>\u00a0die Ger\u00e4te sind leicht zu lagern und zu handhaben.<\/p>\n<\/div>\n<\/div>\n<div class=\"mp4t_16_s mryx_16_s mr3m_1 mli2_1 mh85_56 mh85_0_l\">\n<div class=\"mg9e_8 mj7a_8 mg9e_0_s mvrt_0_s mj7a_0_s mh36_0_s mzmg_6m munh_16_l m3h2_16_l\">\n<div class=\"mp4t_0 mryx_0 munh_56 m3h2_56\">\n<div class=\"mp7g_oh\"><img decoding=\"async\" class=\"msub_k4 mupj_5k mjru_k4 mse2_k4 mp7g_f6 mq1m_0 mj7u_0 m7er_k4 mqen_m6 m31c_d8 m0ux_fp lazyloaded\" src=\"https:\/\/a.allegroimg.com\/original\/11027b\/679e30224daa98aa8181e86f299f\/Bezprzewodowy-Odkurzacz-Pionowy-reczny-VOKSAR-S11-LED-5w1-35000Pa-90min-Kod-producenta-S11\" sizes=\"(min-width: 1200px) 560px, (min-width: 992px) 50vw, 100vw\" srcset=\"https:\/\/a.allegroimg.com\/s360\/11027b\/679e30224daa98aa8181e86f299f\/Bezprzewodowy-Odkurzacz-Pionowy-reczny-VOKSAR-S11-LED-5w1-35000Pa-90min-Kod-producenta-S11 360w,https:\/\/a.allegroimg.com\/s720\/11027b\/679e30224daa98aa8181e86f299f\/Bezprzewodowy-Odkurzacz-Pionowy-reczny-VOKSAR-S11-LED-5w1-35000Pa-90min-Kod-producenta-S11 720w,https:\/\/a.allegroimg.com\/s1024\/11027b\/679e30224daa98aa8181e86f299f\/Bezprzewodowy-Odkurzacz-Pionowy-reczny-VOKSAR-S11-LED-5w1-35000Pa-90min-Kod-producenta-S11 1024w,https:\/\/a.allegroimg.com\/s1440\/11027b\/679e30224daa98aa8181e86f299f\/Bezprzewodowy-Odkurzacz-Pionowy-reczny-VOKSAR-S11-LED-5w1-35000Pa-90min-Kod-producenta-S11 1440w,https:\/\/a.allegroimg.com\/original\/11027b\/679e30224daa98aa8181e86f299f\/Bezprzewodowy-Odkurzacz-Pionowy-reczny-VOKSAR-S11-LED-5w1-35000Pa-90min-Kod-producenta-S11 2560w\" alt=\"Bezprzewodowy Odkurzacz Pionowy r\u0119czny VOKSAR S11 LED 5w1 35000Pa 90min Kod producenta S11\" width=\"2560px\" \/><\/div>\n<\/div>\n<\/div>\n<\/div>\n<\/div>\n<div class=\"mpof_ki myre_zn myre_8v_l m389_6m_l\">\n<div class=\"mp4t_16_s mryx_16_s mr3m_1 mli2_1 mh85_56 mh85_0_l\">\n<div class=\"mgn2_16 _0d3bd_am0a-\">\n<p><b>Vielseitigkeit<\/b><\/p>\n<p>Dank des Designs des S11 k\u00f6nnen Sie den Staubsauger leicht in eine handgehaltene Version umwandeln, um h\u00f6here Fl\u00e4chen schnell zu saugen und ihn an jedem Ort einzusetzen. Die Multifunktionsd\u00fcsen sind f\u00fcr die Reinigung von Sofas, Tischen, Decken usw. konzipiert, und die Fugend\u00fcse ist f\u00fcr die Reinigung von Autos, engen Spalten usw. gedacht.<\/p>\n<p><b>Einstellbare L\u00e4nge des Verbindungsrohrs<\/b><\/p>\n<p>Mit dem Teleskoprohr l\u00e4sst sich die H\u00f6he des Staubsaugers f\u00fcr jeden einstellen. Sie k\u00f6nnen ihn an Ihre Bed\u00fcrfnisse und Ihren aktuellen Bedarf anpassen, um die Reinigung noch bequemer zu machen.<\/p>\n<\/div>\n<\/div>\n<div class=\"mp4t_16_s mryx_16_s mr3m_1 mli2_1 mh85_56 mh85_0_l\">\n<div class=\"mg9e_8 mj7a_8 mg9e_0_s mvrt_0_s mj7a_0_s mh36_0_s mzmg_6m munh_16_l m3h2_16_l\">\n<div class=\"mp4t_0 mryx_0 munh_56 m3h2_56\">\n<div class=\"mp7g_oh\"><img decoding=\"async\" class=\"msub_k4 mupj_5k mjru_k4 mse2_k4 mp7g_f6 mq1m_0 mj7u_0 m7er_k4 mqen_m6 m31c_d8 m0ux_fp lazyloaded\" src=\"https:\/\/a.allegroimg.com\/original\/11b9f0\/0ec793c64d9dad8f3c1c81383224\/Bezprzewodowy-Odkurzacz-Pionowy-reczny-VOKSAR-S11-LED-5w1-35000Pa-90min-Pojemnosc-zbiornika-na-kurz-0-5-l\" sizes=\"(min-width: 1200px) 560px, (min-width: 992px) 50vw, 100vw\" srcset=\"https:\/\/a.allegroimg.com\/s360\/11b9f0\/0ec793c64d9dad8f3c1c81383224\/Bezprzewodowy-Odkurzacz-Pionowy-reczny-VOKSAR-S11-LED-5w1-35000Pa-90min-Pojemnosc-zbiornika-na-kurz-0-5-l 360w,https:\/\/a.allegroimg.com\/s720\/11b9f0\/0ec793c64d9dad8f3c1c81383224\/Bezprzewodowy-Odkurzacz-Pionowy-reczny-VOKSAR-S11-LED-5w1-35000Pa-90min-Pojemnosc-zbiornika-na-kurz-0-5-l 720w,https:\/\/a.allegroimg.com\/s1024\/11b9f0\/0ec793c64d9dad8f3c1c81383224\/Bezprzewodowy-Odkurzacz-Pionowy-reczny-VOKSAR-S11-LED-5w1-35000Pa-90min-Pojemnosc-zbiornika-na-kurz-0-5-l 1024w,https:\/\/a.allegroimg.com\/s1440\/11b9f0\/0ec793c64d9dad8f3c1c81383224\/Bezprzewodowy-Odkurzacz-Pionowy-reczny-VOKSAR-S11-LED-5w1-35000Pa-90min-Pojemnosc-zbiornika-na-kurz-0-5-l 1440w,https:\/\/a.allegroimg.com\/original\/11b9f0\/0ec793c64d9dad8f3c1c81383224\/Bezprzewodowy-Odkurzacz-Pionowy-reczny-VOKSAR-S11-LED-5w1-35000Pa-90min-Pojemnosc-zbiornika-na-kurz-0-5-l 2560w\" alt=\"Bezprzewodowy Odkurzacz Pionowy r\u0119czny VOKSAR S11 LED 5w1 35000Pa 90min Pojemno\u015b\u0107 zbiornika na kurz 0.5 l\" width=\"2560px\" \/><\/div>\n<\/div>\n<\/div>\n<\/div>\n<\/div>\n<div class=\"mpof_ki myre_zn myre_8v_l m389_6m_l\">\n<div class=\"mp4t_16_s mryx_16_s mr3m_1 mli2_1 mh85_56 mh85_0_l\">\n<div class=\"mgn2_16 _0d3bd_am0a-\">\n<p><b>Eingeschlossen:<\/b><\/p>\n<ul>\n<li>Geh\u00e4use einschlie\u00dflich Batterie<\/li>\n<li>Teleskoprohr<\/li>\n<li>Ladestation<\/li>\n<li>Stromzufuhr<\/li>\n<li>Elektrob\u00fcrste<\/li>\n<li>geschlitzte Spitze<\/li>\n<li>2in1-Tipp<\/li>\n<li>zus\u00e4tzlicher Filter<\/li>\n<\/ul>\n<\/div>\n<\/div>\n<div class=\"mp4t_16_s mryx_16_s mr3m_1 mli2_1 mh85_56 mh85_0_l\">\n<div class=\"mg9e_8 mj7a_8 mg9e_0_s mvrt_0_s mj7a_0_s mh36_0_s mzmg_6m munh_16_l m3h2_16_l\">\n<div class=\"mp4t_0 mryx_0 munh_56 m3h2_56\">\n<div class=\"mp7g_oh\"><img decoding=\"async\" class=\"msub_k4 mupj_5k mjru_k4 mse2_k4 mp7g_f6 mq1m_0 mj7u_0 m7er_k4 mqen_m6 m31c_d8 m0ux_fp lazyloaded\" src=\"https:\/\/a.allegroimg.com\/original\/11689e\/209823be4abba4204e06cadf997f\/Bezprzewodowy-Odkurzacz-Pionowy-reczny-VOKSAR-S11-LED-5w1-35000Pa-90min-Praca-na-mokro-nie\" sizes=\"(min-width: 1200px) 560px, (min-width: 992px) 50vw, 100vw\" srcset=\"https:\/\/a.allegroimg.com\/s360\/11689e\/209823be4abba4204e06cadf997f\/Bezprzewodowy-Odkurzacz-Pionowy-reczny-VOKSAR-S11-LED-5w1-35000Pa-90min-Praca-na-mokro-nie 360w,https:\/\/a.allegroimg.com\/s720\/11689e\/209823be4abba4204e06cadf997f\/Bezprzewodowy-Odkurzacz-Pionowy-reczny-VOKSAR-S11-LED-5w1-35000Pa-90min-Praca-na-mokro-nie 720w,https:\/\/a.allegroimg.com\/s1024\/11689e\/209823be4abba4204e06cadf997f\/Bezprzewodowy-Odkurzacz-Pionowy-reczny-VOKSAR-S11-LED-5w1-35000Pa-90min-Praca-na-mokro-nie 1024w,https:\/\/a.allegroimg.com\/s1440\/11689e\/209823be4abba4204e06cadf997f\/Bezprzewodowy-Odkurzacz-Pionowy-reczny-VOKSAR-S11-LED-5w1-35000Pa-90min-Praca-na-mokro-nie 1440w,https:\/\/a.allegroimg.com\/original\/11689e\/209823be4abba4204e06cadf997f\/Bezprzewodowy-Odkurzacz-Pionowy-reczny-VOKSAR-S11-LED-5w1-35000Pa-90min-Praca-na-mokro-nie 2560w\" alt=\"Bezprzewodowy Odkurzacz Pionowy r\u0119czny VOKSAR S11 LED 5w1 35000Pa 90min Praca na mokro nie\" width=\"2560px\" \/><\/div>\n<\/div>\n<\/div>\n<\/div>\n<\/div>\n<\/div>","protected":false},"excerpt":{"rendered":"<p>VOKSAR S11: Erleben Sie m\u00fchelose Reinigung mit diesem ultraleichten Staubsauger. Er bietet eine beeindruckende Saugkraft von 35.000 Pa und eine Betriebszeit von bis zu 90 Minuten mit einer einzigen Ladung. Das intuitive Touchscreen-Display, die 2-in-1-B\u00fcrste f\u00fcr alle Oberfl\u00e4chen und das kompakte Design machen ihn zum idealen Ger\u00e4t f\u00fcr die schnelle und gr\u00fcndliche Reinigung des gesamten Hauses.<\/p>","protected":false},"featured_media":935,"comment_status":"open","ping_status":"closed","template":"","meta":{"_bst_post_transparent":"default","_bst_post_title":"","_bst_post_layout":"default","_bst_post_sidebar_id":"","_bst_post_content_style":"default","_bst_post_vertical_padding":"default","_bst_post_feature":"","_bst_post_feature_position":"","_bst_post_header":false,"_bst_post_footer":false},"product_brand":[],"product_cat":[87],"product_tag":[],"class_list":{"0":"post-912","1":"product","2":"type-product","3":"status-publish","4":"has-post-thumbnail","6":"product_cat-odkurzacze-bezprzewodowe","8":"first","9":"instock","10":"shipping-taxable","11":"purchasable","12":"product-type-simple","13":"entry","14":"content-bg","15":"loop-entry"},"_links":{"self":[{"href":"https:\/\/voksar.pl\/de\/wp-json\/wp\/v2\/product\/912","targetHints":{"allow":["GET"]}}],"collection":[{"href":"https:\/\/voksar.pl\/de\/wp-json\/wp\/v2\/product"}],"about":[{"href":"https:\/\/voksar.pl\/de\/wp-json\/wp\/v2\/types\/product"}],"replies":[{"embeddable":true,"href":"https:\/\/voksar.pl\/de\/wp-json\/wp\/v2\/comments?post=912"}],"wp:featuredmedia":[{"embeddable":true,"href":"https:\/\/voksar.pl\/de\/wp-json\/wp\/v2\/media\/935"}],"wp:attachment":[{"href":"https:\/\/voksar.pl\/de\/wp-json\/wp\/v2\/media?parent=912"}],"wp:term":[{"taxonomy":"product_brand","embeddable":true,"href":"https:\/\/voksar.pl\/de\/wp-json\/wp\/v2\/product_brand?post=912"},{"taxonomy":"product_cat","embeddable":true,"href":"https:\/\/voksar.pl\/de\/wp-json\/wp\/v2\/product_cat?post=912"},{"taxonomy":"product_tag","embeddable":true,"href":"https:\/\/voksar.pl\/de\/wp-json\/wp\/v2\/product_tag?post=912"}],"curies":[{"name":"wp","href":"https:\/\/api.w.org\/{rel}","templated":true}]}}