{"id":667,"date":"2025-07-17T17:36:29","date_gmt":"2025-07-17T15:36:29","guid":{"rendered":"https:\/\/voksar.pl\/?post_type=product&#038;p=667"},"modified":"2026-04-01T02:20:23","modified_gmt":"2026-04-01T00:20:23","slug":"bezprzewodowy-odkurzacz-voksar-s11-pro-5w1-mop","status":"publish","type":"product","link":"https:\/\/voksar.pl\/de\/produkt\/bezprzewodowy-odkurzacz-voksar-s11-pro-5w1-mop\/","title":{"rendered":"Kabelloser Staubsauger VOKSAR S11 PRO 5in1 + MOP"},"content":{"rendered":"<div data-box-name=\"Description\" data-box-id=\"LUo64bt1RQOuwIphdVaomw==sx2lrxHNQUG4Wa7QQbUK8g==gbrCZxJ_RBSlSji1w8NOmA==\" data-prototype-id=\"allegro.showoffer.description\" data-prototype-version=\"0.8\" data-civ=\"009\" data-analytics-enabled=\"\" data-analytics-category=\"allegro.showoffer.description\" data-analytics-groups=\"%5B%22allegro.oferta.base%22%2C%22showproduct.content%22%5D\">\n<div class=\"app-container\">\n<div class=\"mgn2_14 mp0t_0a mqu1_21 mli8_k4 mgmw_wo msts_pt _0d3bd_K6Qpj\" style=\"gap: 40px; display: flex; flex-direction: column;\">\n<div class=\"mpof_ki myre_zn myre_8v_l m389_6m_l\">\n<div class=\"mp4t_16_s mryx_16_s mr3m_1 mli2_1 mh85_56 mh85_0_l\">\n<div class=\"mgn2_16 _0d3bd_am0a-\">\n<p><b>Kabelloser Handstaubsauger VOKSAR S11 PRO LED 5in1 35000Pa 90min<\/b><\/p>\n<p><b>VOKSAR S11 PRO\u00a0<\/b>ist ein innovativer und ultraleichter Staubsauger, mit dem Sie Ihr ganzes Haus in noch k\u00fcrzerer Zeit reinigen k\u00f6nnen. Dieser handliche und leichte Staubsauger erm\u00f6glicht eine effiziente und dennoch komfortable Reinigung. Der S11 PRO ist mit einer 2-in-1-B\u00fcrste ausgestattet, so dass die Reinigung unabh\u00e4ngig von der Art der gesaugten Oberfl\u00e4che so gr\u00fcndlich wie m\u00f6glich ist. Das Ger\u00e4t zeichnet sich durch seine hohe\u00a0<b>Saugleistung 35.000Pa\u00a0<\/b>und einer Arbeitszeit von\u00a0<b>90 Minuten<\/b>\u00a0- sehen Sie, was Sie sonst noch \u00fcberraschen wird.<b>Touchscreen-Anzeige:<\/b><\/p>\n<p>Das Display auf dem Akku erm\u00f6glicht eine intuitive Steuerung des Staubsaugers und die freie Einstellung der Saugleistung in 3 Stufen. Das Display zeigt auch Informationen wie den Betriebsmodus, die verbleibende Zeit bis zur Entladung der Batterie, die Anzeige der B\u00fcrstenverriegelung und die Anzeige des verschmutzten Filters an.<\/p>\n<\/div>\n<\/div>\n<div class=\"mp4t_16_s mryx_16_s mr3m_1 mli2_1 mh85_56 mh85_0_l\">\n<div class=\"mg9e_8 mj7a_8 mg9e_0_s mvrt_0_s mj7a_0_s mh36_0_s mzmg_6m munh_16_l m3h2_16_l\">\n<div class=\"mp4t_0 mryx_0 munh_56 m3h2_56\">\n<div class=\"mp7g_oh\"><img sizes=\"(min-width: 1200px) 560px, (min-width: 992px) 50vw, 100vw\" srcset=\"https:\/\/a.allegroimg.com\/s360\/11f4f7\/1b55f90e42169a6fc2f04460aa53 347w, https:\/\/a.allegroimg.com\/s720\/11f4f7\/1b55f90e42169a6fc2f04460aa53 695w, https:\/\/a.allegroimg.com\/s1024\/11f4f7\/1b55f90e42169a6fc2f04460aa53 989w, https:\/\/a.allegroimg.com\/s1440\/11f4f7\/1b55f90e42169a6fc2f04460aa53 1391w, https:\/\/a.allegroimg.com\/original\/11f4f7\/1b55f90e42169a6fc2f04460aa53 2474w\" width=\"2474px\" \/><\/div>\n<\/div>\n<\/div>\n<\/div>\n<\/div>\n<div class=\"mpof_ki myre_zn myre_8v_l m389_6m_l\">\n<div class=\"mp4t_16_s mryx_16_s mr3m_1 mli2_1 mh85_56 mh85_0_l\">\n<div class=\"mgn2_16 _0d3bd_am0a-\">\n<p><b>3 Leistungsmodi:<\/b><\/p>\n<ul>\n<li><b>basic (ECO)-\u00a0<\/b>Der Sparmodus eignet sich f\u00fcr die Standardreinigung, vor allem von harten Oberfl\u00e4chen - er erm\u00f6glicht 90 Minuten Arbeit mit einer einzigen Ladung;<\/li>\n<li><b>automatisch (AUTO)-<\/b>\u00a0Der Automatikmodus passt die Saugleistung mithilfe von Sensoren automatisch an den aktuellen Bedarf an. Beim Saugen eines Teppichs oder wenn die Sensoren mehr Schmutz erkennen, erh\u00f6ht der Staubsauger automatisch die Leistung, und wenn kein Bedarf besteht, wird die Leistung proportional verringert, um den Akkuverbrauch zu optimieren;<\/li>\n<li><b>maximal (MAX)-\u00a0\u00a0<\/b>Der h\u00f6chste Leistungsmodus ist f\u00fcr die st\u00e4rksten Verschmutzungen ausgelegt. Die enorme Leistung von bis zu 35000Pa kann mit jeder Art von Schmutz sowie mit Oberfl\u00e4chen<\/li>\n<\/ul>\n<p><b>Beeindruckende Leistung:<\/b><\/p>\n<p>Leistungsstarke Motoren sorgen f\u00fcr eine extrem leise, aber kraftvolle Absaugung, die bis zu\u00a0<b>35000 Pa<\/b>, Damit ist er um ein Vielfaches leistungsf\u00e4higer als kabellose Staubsauger zu diesem Preis.<\/p>\n<\/div>\n<\/div>\n<div class=\"mp4t_16_s mryx_16_s mr3m_1 mli2_1 mh85_56 mh85_0_l\">\n<div class=\"mg9e_8 mj7a_8 mg9e_0_s mvrt_0_s mj7a_0_s mh36_0_s mzmg_6m munh_16_l m3h2_16_l\">\n<div class=\"mp4t_0 mryx_0 munh_56 m3h2_56\">\n<div class=\"mp7g_oh\"><img sizes=\"(min-width: 1200px) 560px, (min-width: 992px) 50vw, 100vw\" srcset=\"https:\/\/a.allegroimg.com\/s360\/118aa0\/7a6f7cf54acd90b5a53892a04ef1 359w, https:\/\/a.allegroimg.com\/s720\/118aa0\/7a6f7cf54acd90b5a53892a04ef1 719w, https:\/\/a.allegroimg.com\/s1024\/118aa0\/7a6f7cf54acd90b5a53892a04ef1 1023w, https:\/\/a.allegroimg.com\/s1440\/118aa0\/7a6f7cf54acd90b5a53892a04ef1 1439w, https:\/\/a.allegroimg.com\/original\/118aa0\/7a6f7cf54acd90b5a53892a04ef1 2559w\" width=\"2559px\" \/><\/div>\n<\/div>\n<\/div>\n<\/div>\n<\/div>\n<div class=\"mpof_ki myre_zn myre_8v_l m389_6m_l\">\n<div class=\"mp4t_16_s mryx_16_s mr3m_1 mli2_1 mh85_56 mh85_0_l\">\n<div class=\"mgn2_16 _0d3bd_am0a-\"><b>2 in 1: Staubsaugen und Waschen:<\/b>Der 340-ml-Wassertank bietet genug Wasser f\u00fcr die Reinigung des gesamten Bodens, und mit der 180-Grad-Drehfunktion k\u00f6nnen Sie Hindernisse problemlos umgehen und beim Reinigen unter M\u00f6bel gelangen.<\/div>\n<\/div>\n<div class=\"mp4t_16_s mryx_16_s mr3m_1 mli2_1 mh85_56 mh85_0_l\">\n<div class=\"mg9e_8 mj7a_8 mg9e_0_s mvrt_0_s mj7a_0_s mh36_0_s mzmg_6m munh_16_l m3h2_16_l\">\n<div class=\"mp4t_0 mryx_0 munh_56 m3h2_56\">\n<div class=\"mp7g_oh\"><img sizes=\"(min-width: 1200px) 560px, (min-width: 992px) 50vw, 100vw\" srcset=\"https:\/\/a.allegroimg.com\/s360\/11edc7\/05701c5b47d9aaf5c45d5bc0fe64 360w, https:\/\/a.allegroimg.com\/s720\/11edc7\/05701c5b47d9aaf5c45d5bc0fe64 720w, https:\/\/a.allegroimg.com\/s1024\/11edc7\/05701c5b47d9aaf5c45d5bc0fe64 1024w, https:\/\/a.allegroimg.com\/s1440\/11edc7\/05701c5b47d9aaf5c45d5bc0fe64 1440w\" width=\"2560px\" \/><\/div>\n<\/div>\n<\/div>\n<\/div>\n<\/div>\n<div class=\"mpof_ki myre_zn myre_8v_l m389_6m_l\">\n<div class=\"mp4t_16_s mryx_16_s mr3m_1 mli2_1 mh85_56 mh85_0_l\">\n<div class=\"mgn2_16 _0d3bd_am0a-\"><b>Gebrochenes Rohr (FLEX):<\/b>Auf Knopfdruck l\u00e4sst sich das klappbare Saugrohr entriegeln, so dass schwer zug\u00e4ngliche Stellen wie unter M\u00f6beln, Betten usw. leichter erreicht werden k\u00f6nnen. Dank des schwenkbaren Rohrs m\u00fcssen Sie sich beim Saugen nicht b\u00fccken. Wenn Sie die Reinigung mit dem Schwenkrohr beendet haben, k\u00f6nnen Sie es jederzeit arretieren, um unter normalen Bedingungen mit dem geraden Rohr zu saugen.<\/div>\n<\/div>\n<div class=\"mp4t_16_s mryx_16_s mr3m_1 mli2_1 mh85_56 mh85_0_l\">\n<div class=\"mg9e_8 mj7a_8 mg9e_0_s mvrt_0_s mj7a_0_s mh36_0_s mzmg_6m munh_16_l m3h2_16_l\">\n<div class=\"mp4t_0 mryx_0 munh_56 m3h2_56\">\n<div class=\"mp7g_oh\"><img sizes=\"(min-width: 1200px) 560px, (min-width: 992px) 50vw, 100vw\" srcset=\"https:\/\/a.allegroimg.com\/s360\/11bc6a\/150bd65342beb5169adb3e1ea4fd 360w, https:\/\/a.allegroimg.com\/s720\/11bc6a\/150bd65342beb5169adb3e1ea4fd 720w, https:\/\/a.allegroimg.com\/s1024\/11bc6a\/150bd65342beb5169adb3e1ea4fd 1024w, https:\/\/a.allegroimg.com\/s1440\/11bc6a\/150bd65342beb5169adb3e1ea4fd 1440w\" width=\"2560px\" \/><\/div>\n<\/div>\n<\/div>\n<\/div>\n<\/div>\n<div class=\"mpof_ki myre_zn myre_8v_l m389_6m_l\">\n<div class=\"mp4t_16_s mryx_16_s mr3m_1 mli2_1 mh85_56 mh85_0_l\">\n<div class=\"mgn2_16 _0d3bd_am0a-\"><b>Effiziente, austauschbare Batterie:<\/b>Die S11 ist mit den fortschrittlichsten\u00a0<b>ADDS<\/b>\u00a0(Automatisches Stauberkennungssystem) +\u00a0<b>ABMS<\/b>\u00a0(Automatic Battery Management System), das eine m\u00f6gliche Betriebsdauer von bis zu\u00a0<b>90 Minuten<\/b>.<\/div>\n<\/div>\n<div class=\"mp4t_16_s mryx_16_s mr3m_1 mli2_1 mh85_56 mh85_0_l\">\n<div class=\"mg9e_8 mj7a_8 mg9e_0_s mvrt_0_s mj7a_0_s mh36_0_s mzmg_6m munh_16_l m3h2_16_l\">\n<div class=\"mp4t_0 mryx_0 munh_56 m3h2_56\">\n<div class=\"mp7g_oh\"><img sizes=\"(min-width: 1200px) 560px, (min-width: 992px) 50vw, 100vw\" srcset=\"https:\/\/a.allegroimg.com\/s360\/117848\/398222764411985660dafb45dfa6 360w, https:\/\/a.allegroimg.com\/s720\/117848\/398222764411985660dafb45dfa6 720w, https:\/\/a.allegroimg.com\/s1024\/117848\/398222764411985660dafb45dfa6 1024w, https:\/\/a.allegroimg.com\/s1440\/117848\/398222764411985660dafb45dfa6 1440w\" width=\"2560px\" \/><\/div>\n<\/div>\n<\/div>\n<\/div>\n<\/div>\n<div class=\"mpof_ki myre_zn myre_8v_l m389_6m_l\">\n<div class=\"mp4t_16_s mryx_16_s mr3m_1 mli2_1 mh85_56 mh85_0_l\">\n<div class=\"mgn2_16 _0d3bd_am0a-\"><b>FOKSIER \u201eAir Force\u201d Zyklon-Filtertechnologie:<\/b>Die \u201eAir Force\u201d-Zyklon-Multikonus-Technologie erzeugt eine starke Zentrifugalkraft, filtert Verunreinigungen effizient heraus und h\u00e4lt 99,9% im Staubbeh\u00e4lter fest, um Sekund\u00e4rverschmutzungen zu vermeiden. Die effizient aufgel\u00f6ste Filtration erm\u00f6glicht einen vollst\u00e4ndig durchl\u00e4ssigen Luftkanal f\u00fcr eine l\u00e4ngere und ununterbrochene starke Absaugung.<\/div>\n<\/div>\n<div class=\"mp4t_16_s mryx_16_s mr3m_1 mli2_1 mh85_56 mh85_0_l\">\n<div class=\"mg9e_8 mj7a_8 mg9e_0_s mvrt_0_s mj7a_0_s mh36_0_s mzmg_6m munh_16_l m3h2_16_l\">\n<div class=\"mp4t_0 mryx_0 munh_56 m3h2_56\">\n<div class=\"mp7g_oh\"><img sizes=\"(min-width: 1200px) 560px, (min-width: 992px) 50vw, 100vw\" srcset=\"https:\/\/a.allegroimg.com\/s360\/11013c\/a7a094374f8ab887c62ab5cd2b7d 360w, https:\/\/a.allegroimg.com\/s720\/11013c\/a7a094374f8ab887c62ab5cd2b7d 720w, https:\/\/a.allegroimg.com\/s1024\/11013c\/a7a094374f8ab887c62ab5cd2b7d 1024w, https:\/\/a.allegroimg.com\/s1440\/11013c\/a7a094374f8ab887c62ab5cd2b7d 1440w\" width=\"2560px\" \/><\/div>\n<\/div>\n<\/div>\n<\/div>\n<\/div>\n<div class=\"mpof_ki myre_zn myre_8v_l m389_6m_l\">\n<div class=\"mp4t_16_s mryx_16_s mr3m_1 mli2_1 mh85_56 mh85_0_l\">\n<div class=\"mgn2_16 _0d3bd_am0a-\">\n<p><b>Gro\u00dfe Elektro-B\u00fcrste \u201eSpecial Force\u201d:<\/b>Der extrastarke Motor der Elektrob\u00fcrste bew\u00e4hrt sich beim Saugen von anspruchsvollen Oberfl\u00e4chen, z.B. auch von hohen Teppichen. Die \u201eSpecial Force\u201d-Technologie sorgt daf\u00fcr, dass tief eingebetteter Schmutz genauso leicht eingesaugt wird wie auf einer flachen und harten Oberfl\u00e4che. Das zus\u00e4tzliche LED-Licht an der Elektrob\u00fcrste hilft Ihnen, den Schmutz zu lokalisieren und erleichtert die Reinigung in dunklen Bereichen.<b>Schutzfunktion der Bodenb\u00fcrste:<\/b><\/p>\n<p>Wenn sich der Schaft der Bodenb\u00fcrste aufgrund zu langer Borsten verheddert, schaltet sich die Bodenb\u00fcrste automatisch ab und ein rotes Licht leuchtet auf, um das Problem anzuzeigen. Dadurch werden nicht nur Sch\u00e4den am B\u00fcrstenmotor vermieden, sondern auch die Lebensdauer der B\u00fcrste und des Staubsaugers selbst verl\u00e4ngert.<\/p>\n<\/div>\n<\/div>\n<div class=\"mp4t_16_s mryx_16_s mr3m_1 mli2_1 mh85_56 mh85_0_l\">\n<div class=\"mg9e_8 mj7a_8 mg9e_0_s mvrt_0_s mj7a_0_s mh36_0_s mzmg_6m munh_16_l m3h2_16_l\">\n<div class=\"mp4t_0 mryx_0 munh_56 m3h2_56\">\n<div class=\"mp7g_oh\"><img sizes=\"(min-width: 1200px) 560px, (min-width: 992px) 50vw, 100vw\" srcset=\"https:\/\/a.allegroimg.com\/s360\/1159c5\/289f2a5c4f7abf9be3818a9f869c 360w, https:\/\/a.allegroimg.com\/s720\/1159c5\/289f2a5c4f7abf9be3818a9f869c 720w, https:\/\/a.allegroimg.com\/s1024\/1159c5\/289f2a5c4f7abf9be3818a9f869c 1024w, https:\/\/a.allegroimg.com\/s1440\/1159c5\/289f2a5c4f7abf9be3818a9f869c 1440w\" width=\"2560px\" \/><\/div>\n<\/div>\n<\/div>\n<\/div>\n<\/div>\n<div class=\"mpof_ki myre_zn myre_8v_l m389_6m_l\">\n<div class=\"mp4t_16_s mryx_16_s mr3m_1 mli2_1 mh85_56 mh85_0_l\">\n<div class=\"mgn2_16 _0d3bd_am0a-\">\n<p><b>Wandstation:<\/b>Der Staubsauger ist mit einer Wandstation ausgestattet, an der Sie den Staubsauger auch aufladen k\u00f6nnen, so dass er immer griffbereit und st\u00e4ndig wieder einsatzbereit ist.<b>Intelligente Aufladung f\u00fcr langfristige Nutzung:<\/b><\/p>\n<p>Das S11 PRO ist mit einem intelligenten Ladeger\u00e4t ausgestattet, das die Ladezeit automatisch an die Batteriekapazit\u00e4t anpasst. Wenn die Batterie vollst\u00e4ndig geladen ist, unterbricht das Ladeger\u00e4t die Stromzufuhr, um die Batterie vor \u00dcberladung zu sch\u00fctzen. Mit dem intelligenten Ladeger\u00e4t k\u00f6nnen wir die Lebensdauer des Akkus erheblich verl\u00e4ngern und zudem Geld bei unseren Rechnungen sparen.<\/p>\n<p><b>3 Lademethoden:<\/b><\/p>\n<ul>\n<li>Die erste ist nat\u00fcrlich, dass es an der Wandstation aufgeladen werden kann, was die bequemste Option ist - einfach in die Station stellen und warten, bis es aufgeladen ist,<\/li>\n<li>Der Staubsauger kann aufgeladen werden, indem das Ladekabel direkt an das Geh\u00e4use des Staubsaugers angeschlossen wird,<\/li>\n<li>Es ist m\u00f6glich, den Staubsauger aufzuladen, indem das Ladekabel direkt an die Batterie angeschlossen wird.<\/li>\n<\/ul>\n<\/div>\n<\/div>\n<div class=\"mp4t_16_s mryx_16_s mr3m_1 mli2_1 mh85_56 mh85_0_l\">\n<div class=\"mg9e_8 mj7a_8 mg9e_0_s mvrt_0_s mj7a_0_s mh36_0_s mzmg_6m munh_16_l m3h2_16_l\">\n<div class=\"mp4t_0 mryx_0 munh_56 m3h2_56\">\n<div class=\"mp7g_oh\"><img sizes=\"(min-width: 1200px) 560px, (min-width: 992px) 50vw, 100vw\" srcset=\"https:\/\/a.allegroimg.com\/s360\/115e04\/3fbf7b9f4ac6b0a530192b3ba493 360w, https:\/\/a.allegroimg.com\/s720\/115e04\/3fbf7b9f4ac6b0a530192b3ba493 720w, https:\/\/a.allegroimg.com\/s1024\/115e04\/3fbf7b9f4ac6b0a530192b3ba493 1024w, https:\/\/a.allegroimg.com\/s1440\/115e04\/3fbf7b9f4ac6b0a530192b3ba493 1440w\" width=\"2560px\" \/><\/div>\n<\/div>\n<\/div>\n<\/div>\n<\/div>\n<div class=\"mpof_ki myre_zn myre_8v_l m389_6m_l\">\n<div class=\"mp4t_16_s mryx_16_s mr3m_1 mli2_1 mh85_56 mh85_0_l\">\n<div class=\"mgn2_16 _0d3bd_am0a-\"><b>Selbstst\u00e4ndige Konstruktion:<\/b>Der Staubsauger ist mit einer Selbstaufstellungsfunktion ausgestattet, so dass Sie den Staubsauger jederzeit einfach irgendwo abstellen k\u00f6nnen, ohne ihn an andere Gegenst\u00e4nde anlehnen zu m\u00fcssen - der Staubsauger h\u00e4lt sich selbst aufrecht.<\/div>\n<\/div>\n<div class=\"mp4t_16_s mryx_16_s mr3m_1 mli2_1 mh85_56 mh85_0_l\">\n<div class=\"mg9e_8 mj7a_8 mg9e_0_s mvrt_0_s mj7a_0_s mh36_0_s mzmg_6m munh_16_l m3h2_16_l\">\n<div class=\"mp4t_0 mryx_0 munh_56 m3h2_56\">\n<div class=\"mp7g_oh\"><img sizes=\"(min-width: 1200px) 560px, (min-width: 992px) 50vw, 100vw\" srcset=\"https:\/\/a.allegroimg.com\/s360\/11b8a8\/dc7b92bb49628a77a59d16fc1fdf 360w, https:\/\/a.allegroimg.com\/s720\/11b8a8\/dc7b92bb49628a77a59d16fc1fdf 720w, https:\/\/a.allegroimg.com\/s1024\/11b8a8\/dc7b92bb49628a77a59d16fc1fdf 1024w, https:\/\/a.allegroimg.com\/s1440\/11b8a8\/dc7b92bb49628a77a59d16fc1fdf 1440w\" width=\"2560px\" \/><\/div>\n<\/div>\n<\/div>\n<\/div>\n<\/div>\n<div class=\"mpof_ki myre_zn myre_8v_l m389_6m_l\">\n<div class=\"mp4t_16_s mryx_16_s mr3m_1 mli2_1 mh85_56 mh85_0_l\">\n<div class=\"mgn2_16 _0d3bd_am0a-\">\n<p><b>Vielseitigkeit:<\/b>Dank des Designs des S11 PRO k\u00f6nnen Sie den Staubsauger leicht in eine handgehaltene Version umwandeln, um schnell h\u00f6here Fl\u00e4chen zu saugen und \u00fcberall einsetzen zu k\u00f6nnen. Die Multifunktionsd\u00fcsen sind f\u00fcr die Reinigung von Sofas, Tischen, Decken usw. konzipiert, w\u00e4hrend die Fugend\u00fcse f\u00fcr die Reinigung von Autos, engen Ritzen usw. gedacht ist.<b>Kompakte Gr\u00f6\u00dfe und geringes Gewicht:<\/b><\/p>\n<p>Dank seiner kompakten Abmessungen<b>\u00a0<\/b>und geringes Gewicht\u00a0\u00a0<b>1,16 kg als Handstaubsauger und 2,3 kg als Stehsauger<\/b>\u00a0die Ger\u00e4te sind leicht zu lagern und zu handhaben.<\/p>\n<\/div>\n<\/div>\n<div class=\"mp4t_16_s mryx_16_s mr3m_1 mli2_1 mh85_56 mh85_0_l\">\n<div class=\"mg9e_8 mj7a_8 mg9e_0_s mvrt_0_s mj7a_0_s mh36_0_s mzmg_6m munh_16_l m3h2_16_l\">\n<div class=\"mp4t_0 mryx_0 munh_56 m3h2_56\">\n<div class=\"mp7g_oh\"><img sizes=\"(min-width: 1200px) 560px, (min-width: 992px) 50vw, 100vw\" srcset=\"https:\/\/a.allegroimg.com\/s360\/1149c2\/f504c2274eaa87904c3115605ed2 360w, https:\/\/a.allegroimg.com\/s720\/1149c2\/f504c2274eaa87904c3115605ed2 720w, https:\/\/a.allegroimg.com\/s1024\/1149c2\/f504c2274eaa87904c3115605ed2 1024w, https:\/\/a.allegroimg.com\/s1440\/1149c2\/f504c2274eaa87904c3115605ed2 1440w\" width=\"2560px\" \/><\/div>\n<\/div>\n<\/div>\n<\/div>\n<\/div>\n<div class=\"mpof_ki myre_zn myre_8v_l m389_6m_l\">\n<div class=\"mp4t_16_s mryx_16_s mr3m_1 mli2_1 mh85_56 mh85_0_l\">\n<div class=\"mgn2_16 _0d3bd_am0a-\">\n<p><b>Eingeschlossen:<\/b><\/p>\n<ul>\n<li>Geh\u00e4use einschlie\u00dflich Batterie<\/li>\n<li>Rohr<\/li>\n<li>Ladestation<\/li>\n<li>Wassertank<\/li>\n<li>Mikrofaser<\/li>\n<li>Stromzufuhr<\/li>\n<li>Elektrob\u00fcrste<\/li>\n<li>geschlitzte Spitze<\/li>\n<li>2in1-Tipp<\/li>\n<li>zus\u00e4tzlicher Filter<\/li>\n<\/ul>\n<\/div>\n<\/div>\n<div class=\"mp4t_16_s mryx_16_s mr3m_1 mli2_1 mh85_56 mh85_0_l\">\n<div class=\"mg9e_8 mj7a_8 mg9e_0_s mvrt_0_s mj7a_0_s mh36_0_s mzmg_6m munh_16_l m3h2_16_l\">\n<div class=\"mp4t_0 mryx_0 munh_56 m3h2_56\">\n<div class=\"mp7g_oh\"><img sizes=\"(min-width: 1200px) 560px, (min-width: 992px) 50vw, 100vw\" srcset=\"https:\/\/a.allegroimg.com\/s360\/119a35\/06098f214349bca790ffd1bc7bb5 360w, https:\/\/a.allegroimg.com\/s720\/119a35\/06098f214349bca790ffd1bc7bb5 720w, https:\/\/a.allegroimg.com\/s1024\/119a35\/06098f214349bca790ffd1bc7bb5 1024w, https:\/\/a.allegroimg.com\/s1440\/119a35\/06098f214349bca790ffd1bc7bb5 1440w\" width=\"2560px\" \/><\/div>\n<\/div>\n<\/div>\n<\/div>\n<\/div>\n<\/div>\n<\/div>\n<\/div>","protected":false},"excerpt":{"rendered":"<div>\n<div class=\"chat-turn-container code-block-aligner model render cdk-focused cdk-mouse-focused\" tabindex=\"-1\">\n<div class=\"model-prompt-container\" data-turn-role=\"Model\">\n<div class=\"turn-content\">\n<p class=\"ng-star-inserted\"><span class=\"ng-star-inserted\">VOXAR S11 PRO: Entdecken Sie eine neue Dimension der Sauberkeit mit diesem innovativen und extrem leichten Staubsauger. Er bietet eine beeindruckende Saugleistung von 35.000 Pa und eine Betriebsdauer von bis zu 90 Minuten, w\u00e4hrend das Touchscreen-Display Ihnen die volle Kontrolle erm\u00f6glicht. Dank der 2-in-1-Funktion (Saugen und Waschen), dem abbrechbaren FLEX-Schlauch und der fortschrittlichen Filterung wird die Reinigung schnell, bequem und umfassend.<\/span><\/p>\n<div class=\"turn-information ng-star-inserted\"><\/div>\n<\/div>\n<\/div>\n<div class=\"turn-footer ng-star-inserted\"><\/div>\n<\/div>\n<\/div>","protected":false},"featured_media":669,"comment_status":"open","ping_status":"closed","template":"","meta":{"_bst_post_transparent":"default","_bst_post_title":"","_bst_post_layout":"default","_bst_post_sidebar_id":"","_bst_post_content_style":"default","_bst_post_vertical_padding":"default","_bst_post_feature":"","_bst_post_feature_position":"","_bst_post_header":false,"_bst_post_footer":false},"product_brand":[],"product_cat":[87],"product_tag":[],"class_list":{"0":"post-667","1":"product","2":"type-product","3":"status-publish","4":"has-post-thumbnail","6":"product_cat-odkurzacze-bezprzewodowe","8":"first","9":"instock","10":"shipping-taxable","11":"purchasable","12":"product-type-simple","13":"entry","14":"content-bg","15":"loop-entry"},"_links":{"self":[{"href":"https:\/\/voksar.pl\/de\/wp-json\/wp\/v2\/product\/667","targetHints":{"allow":["GET"]}}],"collection":[{"href":"https:\/\/voksar.pl\/de\/wp-json\/wp\/v2\/product"}],"about":[{"href":"https:\/\/voksar.pl\/de\/wp-json\/wp\/v2\/types\/product"}],"replies":[{"embeddable":true,"href":"https:\/\/voksar.pl\/de\/wp-json\/wp\/v2\/comments?post=667"}],"wp:featuredmedia":[{"embeddable":true,"href":"https:\/\/voksar.pl\/de\/wp-json\/wp\/v2\/media\/669"}],"wp:attachment":[{"href":"https:\/\/voksar.pl\/de\/wp-json\/wp\/v2\/media?parent=667"}],"wp:term":[{"taxonomy":"product_brand","embeddable":true,"href":"https:\/\/voksar.pl\/de\/wp-json\/wp\/v2\/product_brand?post=667"},{"taxonomy":"product_cat","embeddable":true,"href":"https:\/\/voksar.pl\/de\/wp-json\/wp\/v2\/product_cat?post=667"},{"taxonomy":"product_tag","embeddable":true,"href":"https:\/\/voksar.pl\/de\/wp-json\/wp\/v2\/product_tag?post=667"}],"curies":[{"name":"wp","href":"https:\/\/api.w.org\/{rel}","templated":true}]}}