{"id":1382,"date":"2026-01-14T16:12:55","date_gmt":"2026-01-14T15:12:55","guid":{"rendered":"https:\/\/voksar.pl\/?post_type=product&#038;p=1382"},"modified":"2026-04-01T02:06:43","modified_gmt":"2026-04-01T00:06:43","slug":"frytkownica-beztluszczowa-bezolejowa-airfryer-voksar-w11-5l-12w1","status":"publish","type":"product","link":"https:\/\/voksar.pl\/de\/produkt\/frytkownica-beztluszczowa-bezolejowa-airfryer-voksar-w11-5l-12w1\/","title":{"rendered":"Frytkownica Bezt\u0142uszczowa Bezolejowa AirFryer VOKSAR W11 5L 12w1"},"content":{"rendered":"<div class=\"mpof_ki myre_zn myre_8v_l m389_6m_l\">\n<div class=\"mp4t_16_s mryx_16_s mr3m_1 mli2_1 mh85_56 mh85_0_l\">\n<div class=\"mgn2_16 _0d3bd_am0a-\">\n<p><b>Bezt\u0142uszczowa Frytkownica VOKSAR W11 AirFryer 5L 12w1 1500W<\/b><\/p>\n<ul>\n<li><b>Innovative Hei\u00dfluft-Zirkulationstechnik<\/b> w frytkownicy bezt\u0142uszczowej Voksar W11 pozwala na przygotowanie potraw praktycznie bez oleju. Teraz mo\u017cesz rozkoszowa\u0107 si\u0119 ulubionymi frytkami, soczystym kurczakiem i innymi przysmakami, bez zb\u0119dnych t\u0142uszcz\u00f3w i kalorii, co jest korzystne dla Twojego zdrowia.<\/li>\n<li><b>Geschwindigkeit und Wirtschaftlichkeit<\/b> to kluczowe zalety frytkownicy Voksar W11 w por\u00f3wnaniu do tradycyjnych piekarnik\u00f3w. Dzi\u0119ki r\u00f3wnomiernemu rozprowadzaniu gor\u0105cego powietrza, Twoje potrawy b\u0119d\u0105 gotowe w mgnieniu oka, idealne na szybki obiad.<\/li>\n<li><b>Einfache Handhabung und Reinigung<\/b> to atuty frytkownicy Voksar W11. Wyjmowany kosz na potrawy mo\u017cna \u0142atwo umy\u0107, co sprawia, \u017ce utrzymanie urz\u0105dzenia w czysto\u015bci jest banalnie proste. Pami\u0119taj, aby zawsze my\u0107 ostudzone cz\u0119\u015bci urz\u0105dzenia i unika\u0107 mycia nagrzanych element\u00f3w.<\/li>\n<li><b>AIR FRYER<\/b> to prawdziwie wszechstronne urz\u0105dzenie kuchenne, oferuj\u0105ce funkcje takie jak grillowanie, pieczenie czy podgrzewanie. Z 12 r\u00f3\u017cnymi programami, masz mo\u017cliwo\u015b\u0107 przygotowywania r\u00f3\u017cnorodnych potraw, nie tylko frytek, co czyni go nieocenionym narz\u0119dziem w Twojej kuchni.<\/li>\n<\/ul>\n<\/div>\n<\/div>\n<div class=\"mp4t_16_s mryx_16_s mr3m_1 mli2_1 mh85_56 mh85_0_l\">\n<div class=\"mg9e_8 mj7a_8 mg9e_0_s mvrt_0_s mj7a_0_s mh36_0_s mzmg_6m munh_16_l m3h2_16_l\">\n<div class=\"mp4t_0 mryx_0 munh_56 m3h2_56\">\n<div class=\"mp7g_oh\"><img decoding=\"async\" class=\"msub_k4 mupj_5k mjru_k4 mse2_k4 mp7g_f6 mq1m_0 mj7u_0 m7er_k4 mqen_m6 m31c_d8 m0ux_fp lazyloaded\" src=\"https:\/\/a.allegroimg.com\/original\/11a654\/c39ceded49229bbfd9b554b993fe\/Frytkownica-Beztluszczowa-Bezolejowa-AirFryer-VOKSAR-W11-5L-12w1-PRZEPISY\" sizes=\"(min-width: 1200px) 560px, (min-width: 992px) 50vw, 100vw\" srcset=\"https:\/\/a.allegroimg.com\/s360\/11a654\/c39ceded49229bbfd9b554b993fe\/Frytkownica-Beztluszczowa-Bezolejowa-AirFryer-VOKSAR-W11-5L-12w1-PRZEPISY 346w,https:\/\/a.allegroimg.com\/s720\/11a654\/c39ceded49229bbfd9b554b993fe\/Frytkownica-Beztluszczowa-Bezolejowa-AirFryer-VOKSAR-W11-5L-12w1-PRZEPISY 693w,https:\/\/a.allegroimg.com\/s1024\/11a654\/c39ceded49229bbfd9b554b993fe\/Frytkownica-Beztluszczowa-Bezolejowa-AirFryer-VOKSAR-W11-5L-12w1-PRZEPISY 985w,https:\/\/a.allegroimg.com\/s1440\/11a654\/c39ceded49229bbfd9b554b993fe\/Frytkownica-Beztluszczowa-Bezolejowa-AirFryer-VOKSAR-W11-5L-12w1-PRZEPISY 1386w,https:\/\/a.allegroimg.com\/original\/11a654\/c39ceded49229bbfd9b554b993fe\/Frytkownica-Beztluszczowa-Bezolejowa-AirFryer-VOKSAR-W11-5L-12w1-PRZEPISY 1989w\" alt=\"Frytkownica Bezt\u0142uszczowa Bezolejowa AirFryer VOKSAR W11 5L 12w1 + PRZEPISY\" width=\"1989px\" \/><\/div>\n<\/div>\n<\/div>\n<\/div>\n<\/div>\n<div class=\"mpof_ki myre_zn myre_8v_l m389_6m_l\">\n<div class=\"mp4t_16_s mryx_16_s mr3m_1 mli2_1 mh85_56 mh85_0_l\">\n<div class=\"mgn2_16 _0d3bd_am0a-\">\n<p><b>12 GOTOWYCH PROGRAM\u00d3W NA WY\u015aWIETLACZU LCD<\/b><\/p>\n<p>Automatische Fritteusen-Garprogramme<b> W11<\/b> erm\u00f6glichen die Zubereitung einer breiten Palette von Gerichten:<\/p>\n<ul>\n<li>Chips<\/li>\n<li>Stek<\/li>\n<li>N\u00f3\u017cki z kurczaka<\/li>\n<li>Skrzyde\u0142ka<\/li>\n<li>Garnelen<\/li>\n<li>Babeczki jajeczne<\/li>\n<li>Torte<\/li>\n<li>Orzeszki<\/li>\n<li>Ryby<\/li>\n<li>Kebab<\/li>\n<li>Ziemniaki<\/li>\n<\/ul>\n<p><b>Das gew\u00e4hlte Programm reduziert den Energieverbrauch um bis zu 80%<\/b>, bei gleichzeitigem Erhalt eines h\u00f6heren N\u00e4hrwerts.<\/p>\n<p><b>Eingebauter Timer<\/b><\/p>\n<ul>\n<li><b>Sie wissen immer, wann das Essen fertig ist:<\/b> Nach Ablauf der eingestellten Zeit schaltet sich die Fritteuse automatisch ab und informiert Sie mit einem Signalton, dass der Garvorgang beendet ist. Stellen Sie die Temperatur gem\u00e4\u00df der Tabelle in der Anleitung ein, f\u00fcgen Sie die Zeit in Minuten hinzu (bis zu einer Stunde) und schon sind Sie fertig!<\/li>\n<li><b>Ohne die Notwendigkeit einer st\u00e4ndigen Kontrolle:<\/b> Sie m\u00fcssen es nur einmal einstellen und nicht immer wieder nachsehen, ob das Gericht fertig ist. Genie\u00dfen Sie den Komfort und sparen Sie Zeit!<\/li>\n<\/ul>\n<\/div>\n<\/div>\n<div class=\"mp4t_16_s mryx_16_s mr3m_1 mli2_1 mh85_56 mh85_0_l\">\n<div class=\"mg9e_8 mj7a_8 mg9e_0_s mvrt_0_s mj7a_0_s mh36_0_s mzmg_6m munh_16_l m3h2_16_l\">\n<div class=\"mp4t_0 mryx_0 munh_56 m3h2_56\">\n<div class=\"mp7g_oh\"><img decoding=\"async\" class=\"msub_k4 mupj_5k mjru_k4 mse2_k4 mp7g_f6 mq1m_0 mj7u_0 m7er_k4 mqen_m6 m31c_d8 m0ux_fp lazyloaded\" src=\"https:\/\/a.allegroimg.com\/original\/11d551\/be343a424b4bbff04bb435b986f6\/Frytkownica-Beztluszczowa-Bezolejowa-AirFryer-VOKSAR-W11-5L-12w1-PRZEPISY-Kolor-dominujacy-bialy\" sizes=\"(min-width: 1200px) 560px, (min-width: 992px) 50vw, 100vw\" srcset=\"https:\/\/a.allegroimg.com\/s360\/11d551\/be343a424b4bbff04bb435b986f6\/Frytkownica-Beztluszczowa-Bezolejowa-AirFryer-VOKSAR-W11-5L-12w1-PRZEPISY-Kolor-dominujacy-bialy 360w,https:\/\/a.allegroimg.com\/s720\/11d551\/be343a424b4bbff04bb435b986f6\/Frytkownica-Beztluszczowa-Bezolejowa-AirFryer-VOKSAR-W11-5L-12w1-PRZEPISY-Kolor-dominujacy-bialy 720w,https:\/\/a.allegroimg.com\/s1024\/11d551\/be343a424b4bbff04bb435b986f6\/Frytkownica-Beztluszczowa-Bezolejowa-AirFryer-VOKSAR-W11-5L-12w1-PRZEPISY-Kolor-dominujacy-bialy 1024w,https:\/\/a.allegroimg.com\/s1440\/11d551\/be343a424b4bbff04bb435b986f6\/Frytkownica-Beztluszczowa-Bezolejowa-AirFryer-VOKSAR-W11-5L-12w1-PRZEPISY-Kolor-dominujacy-bialy 1440w,https:\/\/a.allegroimg.com\/original\/11d551\/be343a424b4bbff04bb435b986f6\/Frytkownica-Beztluszczowa-Bezolejowa-AirFryer-VOKSAR-W11-5L-12w1-PRZEPISY-Kolor-dominujacy-bialy 2560w\" alt=\"Frytkownica Bezt\u0142uszczowa Bezolejowa AirFryer VOKSAR W11 5L 12w1 + PRZEPISY Kolor dominuj\u0105cy bia\u0142y\" width=\"2560px\" \/><\/div>\n<\/div>\n<\/div>\n<\/div>\n<\/div>\n<div class=\"mpof_ki myre_zn myre_8v_l m389_6m_l\">\n<div class=\"mp4t_16_s mryx_16_s mr3m_1 mli2_1 mh85_56 mh85_0_l\">\n<div class=\"mgn2_16 _0d3bd_am0a-\">\n<p><b>Rauch- und geruchsfrei<\/b><\/p>\n<ul>\n<li><b>Saubere Luft nach der Zubereitung von Snacks:<\/b> Dzi\u0119ki zaawansowanej technologii, frytkownica Voksar W11 nie wytwarza nieprzyjemnych zapach\u00f3w podczas pracy, jak to ma miejsce przy tradycyjnym sma\u017ceniu na patelni. Mo\u017cesz cieszy\u0107 si\u0119 smacznymi daniami bez konieczno\u015bci w\u0142\u0105czania okapu lub wietrzenia pomieszczenia.<\/li>\n<li><b>Perfekt knusprige Gerichte:<\/b> Die Fritteuse verf\u00fcgt \u00fcber ein oberes Heizelement und einen optimierten Hei\u00dfluftstrom, der daf\u00fcr sorgt, dass die Speisen trotz wenig oder gar keinem \u00d6l au\u00dfen immer knusprig sind.<\/li>\n<\/ul>\n<\/div>\n<\/div>\n<div class=\"mp4t_16_s mryx_16_s mr3m_1 mli2_1 mh85_56 mh85_0_l\">\n<div class=\"mg9e_8 mj7a_8 mg9e_0_s mvrt_0_s mj7a_0_s mh36_0_s mzmg_6m munh_16_l m3h2_16_l\">\n<div class=\"mp4t_0 mryx_0 munh_56 m3h2_56\">\n<div class=\"mp7g_oh\"><img decoding=\"async\" class=\"msub_k4 mupj_5k mjru_k4 mse2_k4 mp7g_f6 mq1m_0 mj7u_0 m7er_k4 mqen_m6 m31c_d8 m0ux_fp lazyloaded\" src=\"https:\/\/a.allegroimg.com\/original\/117a72\/8a1da2004bac9db28d2419b9b527\/Frytkownica-Beztluszczowa-Bezolejowa-AirFryer-VOKSAR-W11-5L-12w1-PRZEPISY-Marka-VOKSAR\" sizes=\"(min-width: 1200px) 560px, (min-width: 992px) 50vw, 100vw\" srcset=\"https:\/\/a.allegroimg.com\/s360\/117a72\/8a1da2004bac9db28d2419b9b527\/Frytkownica-Beztluszczowa-Bezolejowa-AirFryer-VOKSAR-W11-5L-12w1-PRZEPISY-Marka-VOKSAR 360w,https:\/\/a.allegroimg.com\/s720\/117a72\/8a1da2004bac9db28d2419b9b527\/Frytkownica-Beztluszczowa-Bezolejowa-AirFryer-VOKSAR-W11-5L-12w1-PRZEPISY-Marka-VOKSAR 720w,https:\/\/a.allegroimg.com\/s1024\/117a72\/8a1da2004bac9db28d2419b9b527\/Frytkownica-Beztluszczowa-Bezolejowa-AirFryer-VOKSAR-W11-5L-12w1-PRZEPISY-Marka-VOKSAR 1024w,https:\/\/a.allegroimg.com\/s1440\/117a72\/8a1da2004bac9db28d2419b9b527\/Frytkownica-Beztluszczowa-Bezolejowa-AirFryer-VOKSAR-W11-5L-12w1-PRZEPISY-Marka-VOKSAR 1440w,https:\/\/a.allegroimg.com\/original\/117a72\/8a1da2004bac9db28d2419b9b527\/Frytkownica-Beztluszczowa-Bezolejowa-AirFryer-VOKSAR-W11-5L-12w1-PRZEPISY-Marka-VOKSAR 2560w\" alt=\"Frytkownica Bezt\u0142uszczowa Bezolejowa AirFryer VOKSAR W11 5L 12w1 + PRZEPISY Marka VOKSAR\" width=\"2560px\" \/><\/div>\n<\/div>\n<\/div>\n<\/div>\n<\/div>\n<div class=\"mpof_ki myre_zn myre_8v_l m389_6m_l\">\n<div class=\"mp4t_16_s mryx_16_s mr3m_1 mli2_1 mh85_56 mh85_0_l\">\n<div class=\"mgn2_16 _0d3bd_am0a-\">\n<p><b>Breiter Temperaturbereich: 76-200\u00b0C<\/b><\/p>\n<ul>\n<li>Frytkownica Voksar W11 pozwala na przygotowanie r\u00f3\u017cnorodnych potraw w zakresie temperatur od 76 do 200\u00b0C. Dzi\u0119ki tak szerokiemu zakresowi temperatur masz mo\u017cliwo\u015b\u0107 przygotowania niemal ka\u017cdego dania, jakie tylko przyjdzie Ci do g\u0142owy.<\/li>\n<\/ul>\n<ul>\n<li>Die Zubereitung von Bratkartoffeln ist jetzt eine Sache von Augenblicken. Legen Sie einfach die in Scheiben geschnittenen Kartoffeln in den Garraum des Ger\u00e4ts, f\u00fcgen Sie Ihre Lieblingsgew\u00fcrze f\u00fcr einen einzigartigen Geschmack hinzu, schieben Sie den Garraum ein, stellen Sie Zeit und Temperatur ein. Und das war's! Sie m\u00fcssen nicht mehr 20 Minuten warten, bis der Ofen aufgeheizt ist.<\/li>\n<\/ul>\n<\/div>\n<\/div>\n<div class=\"mp4t_16_s mryx_16_s mr3m_1 mli2_1 mh85_56 mh85_0_l\">\n<div class=\"mg9e_8 mj7a_8 mg9e_0_s mvrt_0_s mj7a_0_s mh36_0_s mzmg_6m munh_16_l m3h2_16_l\">\n<div class=\"mp4t_0 mryx_0 munh_56 m3h2_56\">\n<div class=\"mp7g_oh\"><img decoding=\"async\" class=\"msub_k4 mupj_5k mjru_k4 mse2_k4 mp7g_f6 mq1m_0 mj7u_0 m7er_k4 mqen_m6 m31c_d8 m0ux_fp lazyloaded\" src=\"https:\/\/a.allegroimg.com\/original\/11fdba\/ba87ff594014ae375824f894e41c\/Frytkownica-Beztluszczowa-Bezolejowa-AirFryer-VOKSAR-W11-5L-12w1-PRZEPISY-Model-W11\" sizes=\"(min-width: 1200px) 560px, (min-width: 992px) 50vw, 100vw\" srcset=\"https:\/\/a.allegroimg.com\/s360\/11fdba\/ba87ff594014ae375824f894e41c\/Frytkownica-Beztluszczowa-Bezolejowa-AirFryer-VOKSAR-W11-5L-12w1-PRZEPISY-Model-W11 360w,https:\/\/a.allegroimg.com\/s720\/11fdba\/ba87ff594014ae375824f894e41c\/Frytkownica-Beztluszczowa-Bezolejowa-AirFryer-VOKSAR-W11-5L-12w1-PRZEPISY-Model-W11 720w,https:\/\/a.allegroimg.com\/s1024\/11fdba\/ba87ff594014ae375824f894e41c\/Frytkownica-Beztluszczowa-Bezolejowa-AirFryer-VOKSAR-W11-5L-12w1-PRZEPISY-Model-W11 1024w,https:\/\/a.allegroimg.com\/s1440\/11fdba\/ba87ff594014ae375824f894e41c\/Frytkownica-Beztluszczowa-Bezolejowa-AirFryer-VOKSAR-W11-5L-12w1-PRZEPISY-Model-W11 1440w,https:\/\/a.allegroimg.com\/original\/11fdba\/ba87ff594014ae375824f894e41c\/Frytkownica-Beztluszczowa-Bezolejowa-AirFryer-VOKSAR-W11-5L-12w1-PRZEPISY-Model-W11 2560w\" alt=\"Frytkownica Bezt\u0142uszczowa Bezolejowa AirFryer VOKSAR W11 5L 12w1 + PRZEPISY Model W11\" width=\"2560px\" \/><\/div>\n<\/div>\n<\/div>\n<\/div>\n<\/div>\n<div class=\"mpof_ki myre_zn myre_8v_l m389_6m_l\">\n<div class=\"mp4t_16_s mryx_16_s mr3m_1 mli2_1 mh85_56 mh85_0_l\">\n<div class=\"mgn2_16 _0d3bd_am0a-\">\n<p><b>Kosz o Pojemno\u015bci a\u017c 5 L<\/b><\/p>\n<ul>\n<li><b>Ideal f\u00fcr die Zubereitung von Mahlzeiten f\u00fcr die ganze Familie!<\/b> VOKSAR W11 to frytkownica, kt\u00f3ra sprosta wymaganiom najbardziej wymagaj\u0105cych u\u017cytkownik\u00f3w!<\/li>\n<\/ul>\n<ul>\n<li><b>Leckeres Essen mit geringem Fettgehalt:<\/b> Fettabbau von bis zu 80%! Gesunde und schmackhafte Mahlzeiten ohne Kompromisse.<\/li>\n<\/ul>\n<ul>\n<li><b>Perfekter Geschmack und Aroma der Speisen:<\/b> Ohne den unangenehmen Geruch von verbranntem Fett! Genie\u00dfen Sie aromatische Gerichte, die Ihre K\u00fcche immer besonders duften lassen.<\/li>\n<\/ul>\n<ul>\n<li><b>Eine kosteneffiziente L\u00f6sung:<\/b> Sie brauchen keine Hektoliter \u00d6l zu verwenden! Sparen Sie Geld und genie\u00dfen Sie gesunde Mahlzeiten.<\/li>\n<\/ul>\n<ul>\n<li><b>Einfach zu bedienen und multifunktional:<\/b> Ein einfach und intuitiv zu bedienendes Ger\u00e4t, das eine Vielzahl von Zubereitungsm\u00f6glichkeiten bietet.<\/li>\n<\/ul>\n<ul>\n<li><b>Schnelle Vorbereitung:<\/b> Extrem kurze Garzeiten sparen Ihnen wertvolle Zeit.<\/li>\n<\/ul>\n<ul>\n<li><b>Ges\u00fcnder als herk\u00f6mmliche Friteusen:<\/b> Genie\u00dfen Sie gesunde und schmackhafte Gerichte ohne \u00fcbersch\u00fcssiges Fett und Kalorien.<\/li>\n<\/ul>\n<\/div>\n<\/div>\n<div class=\"mp4t_16_s mryx_16_s mr3m_1 mli2_1 mh85_56 mh85_0_l\">\n<div class=\"mg9e_8 mj7a_8 mg9e_0_s mvrt_0_s mj7a_0_s mh36_0_s mzmg_6m munh_16_l m3h2_16_l\">\n<div class=\"mp4t_0 mryx_0 munh_56 m3h2_56\">\n<div class=\"mp7g_oh\"><img decoding=\"async\" class=\"msub_k4 mupj_5k mjru_k4 mse2_k4 mp7g_f6 mq1m_0 mj7u_0 m7er_k4 mqen_m6 m31c_d8 m0ux_fp lazyloaded\" src=\"https:\/\/a.allegroimg.com\/original\/11e35b\/6a996d2f4cd189ac7a5fb9961188\/Frytkownica-Beztluszczowa-Bezolejowa-AirFryer-VOKSAR-W11-5L-12w1-PRZEPISY-Kod-producenta-W11\" sizes=\"(min-width: 1200px) 560px, (min-width: 992px) 50vw, 100vw\" srcset=\"https:\/\/a.allegroimg.com\/s360\/11e35b\/6a996d2f4cd189ac7a5fb9961188\/Frytkownica-Beztluszczowa-Bezolejowa-AirFryer-VOKSAR-W11-5L-12w1-PRZEPISY-Kod-producenta-W11 360w,https:\/\/a.allegroimg.com\/s720\/11e35b\/6a996d2f4cd189ac7a5fb9961188\/Frytkownica-Beztluszczowa-Bezolejowa-AirFryer-VOKSAR-W11-5L-12w1-PRZEPISY-Kod-producenta-W11 720w,https:\/\/a.allegroimg.com\/s1024\/11e35b\/6a996d2f4cd189ac7a5fb9961188\/Frytkownica-Beztluszczowa-Bezolejowa-AirFryer-VOKSAR-W11-5L-12w1-PRZEPISY-Kod-producenta-W11 1024w,https:\/\/a.allegroimg.com\/s1440\/11e35b\/6a996d2f4cd189ac7a5fb9961188\/Frytkownica-Beztluszczowa-Bezolejowa-AirFryer-VOKSAR-W11-5L-12w1-PRZEPISY-Kod-producenta-W11 1440w,https:\/\/a.allegroimg.com\/original\/11e35b\/6a996d2f4cd189ac7a5fb9961188\/Frytkownica-Beztluszczowa-Bezolejowa-AirFryer-VOKSAR-W11-5L-12w1-PRZEPISY-Kod-producenta-W11 2560w\" alt=\"Frytkownica Bezt\u0142uszczowa Bezolejowa AirFryer VOKSAR W11 5L 12w1 + PRZEPISY Kod producenta W11\" width=\"2560px\" \/><\/div>\n<\/div>\n<\/div>\n<\/div>\n<\/div>\n<div class=\"mpof_ki myre_zn myre_8v_l m389_6m_l\">\n<div class=\"mp4t_16_s mryx_16_s mr3m_1 mli2_1 mh85_56 mh85_0_l\">\n<div class=\"mgn2_16 _0d3bd_am0a-\">\n<p><b>Leicht zu reinigen<\/b><\/p>\n<ul>\n<li><b>Einfache und schnelle Reinigung:<\/b> Wenn Sie fertig sind, k\u00f6nnen Sie das Tablett einfach herausnehmen und unter flie\u00dfendem Wasser abwaschen. In wenigen Augenblicken nach dem Essen ist alles sauber und Sie k\u00f6nnen sich Gedanken \u00fcber Ihr n\u00e4chstes ph\u00e4nomenales Gericht machen. Wie w\u00e4re es dieses Mal mit einem knusprigen H\u00e4hnchen?<\/li>\n<\/ul>\n<ul>\n<li><b>Sp\u00fclmaschinenfest:<\/b> Komponenten wie das Tablett k\u00f6nnen in der Sp\u00fclmaschine gereinigt werden, was es noch einfacher macht, die Fritteuse perfekt sauber zu halten.<\/li>\n<\/ul>\n<\/div>\n<\/div>\n<div class=\"mp4t_16_s mryx_16_s mr3m_1 mli2_1 mh85_56 mh85_0_l\">\n<div class=\"mg9e_8 mj7a_8 mg9e_0_s mvrt_0_s mj7a_0_s mh36_0_s mzmg_6m munh_16_l m3h2_16_l\">\n<div class=\"mp4t_0 mryx_0 munh_56 m3h2_56\">\n<div class=\"mp7g_oh\"><img decoding=\"async\" class=\"msub_k4 mupj_5k mjru_k4 mse2_k4 mp7g_f6 mq1m_0 mj7u_0 m7er_k4 mqen_m6 m31c_d8 m0ux_fp lazyloaded\" src=\"https:\/\/a.allegroimg.com\/original\/114c9a\/5844cddb4a52a51880fd2c08e6cf\/Frytkownica-Beztluszczowa-Bezolejowa-AirFryer-VOKSAR-W11-5L-12w1-PRZEPISY-Typ-beztluszczowa\" sizes=\"(min-width: 1200px) 560px, (min-width: 992px) 50vw, 100vw\" srcset=\"https:\/\/a.allegroimg.com\/s360\/114c9a\/5844cddb4a52a51880fd2c08e6cf\/Frytkownica-Beztluszczowa-Bezolejowa-AirFryer-VOKSAR-W11-5L-12w1-PRZEPISY-Typ-beztluszczowa 240w,https:\/\/a.allegroimg.com\/s720\/114c9a\/5844cddb4a52a51880fd2c08e6cf\/Frytkownica-Beztluszczowa-Bezolejowa-AirFryer-VOKSAR-W11-5L-12w1-PRZEPISY-Typ-beztluszczowa 480w,https:\/\/a.allegroimg.com\/s1024\/114c9a\/5844cddb4a52a51880fd2c08e6cf\/Frytkownica-Beztluszczowa-Bezolejowa-AirFryer-VOKSAR-W11-5L-12w1-PRZEPISY-Typ-beztluszczowa 682w,https:\/\/a.allegroimg.com\/s1440\/114c9a\/5844cddb4a52a51880fd2c08e6cf\/Frytkownica-Beztluszczowa-Bezolejowa-AirFryer-VOKSAR-W11-5L-12w1-PRZEPISY-Typ-beztluszczowa 960w,https:\/\/a.allegroimg.com\/original\/114c9a\/5844cddb4a52a51880fd2c08e6cf\/Frytkownica-Beztluszczowa-Bezolejowa-AirFryer-VOKSAR-W11-5L-12w1-PRZEPISY-Typ-beztluszczowa 1024w\" alt=\"Frytkownica Bezt\u0142uszczowa Bezolejowa AirFryer VOKSAR W11 5L 12w1 + PRZEPISY Typ bezt\u0142uszczowa\" width=\"1024px\" \/><\/div>\n<\/div>\n<\/div>\n<\/div>\n<\/div>\n<div class=\"mpof_ki myre_zn myre_8v_l m389_6m_l\">\n<div class=\"mp4t_16_s mryx_16_s mr3m_1 mli2_1 mh85_56 mh85_0_l\">\n<div class=\"mgn2_16 _0d3bd_am0a-\">\n<p><b>Piecz bez t\u0142uszczu, wybierz frytkownic\u0119 Voksar K11 ju\u017c teraz!<\/b><\/p>\n<p><b>Ges\u00fcndere und knackigere Gerichte:<\/b> Beim Erhitzungsprozess <b>Voksar K11<\/b> Es wird nur Hei\u00dfluft verwendet. Dadurch werden Ihre Gerichte ges\u00fcnder, knuspriger und behalten ihren vollen Geschmack, ohne unn\u00f6tiges Fett. Sie werden nicht nur Pommes frites zubereiten, sondern auch neue kulinarische Abenteuer entdecken!<\/p>\n<p><b>Innovatives Design:<\/b> Schnelles Erhitzen, ein erh\u00f6hter Luftstrom und eine effiziente W\u00e4rme\u00fcbertragung ergeben zusammen eine hochmoderne L\u00f6sung, die die Benutzererfahrung verbessert und die Standards f\u00fcr die Zubereitung schmackhafter, gesunder Speisen erh\u00f6ht.<\/p>\n<\/div>\n<\/div>\n<div class=\"mp4t_16_s mryx_16_s mr3m_1 mli2_1 mh85_56 mh85_0_l\">\n<div class=\"mg9e_8 mj7a_8 mg9e_0_s mvrt_0_s mj7a_0_s mh36_0_s mzmg_6m munh_16_l m3h2_16_l\">\n<div class=\"mp4t_0 mryx_0 munh_56 m3h2_56\">\n<div class=\"mp7g_oh\"><img decoding=\"async\" class=\"msub_k4 mupj_5k mjru_k4 mse2_k4 mp7g_f6 mq1m_0 mj7u_0 m7er_k4 mqen_m6 m31c_d8 m0ux_fp lazyloaded\" src=\"https:\/\/a.allegroimg.com\/original\/11c095\/936d826344ff8cb92d97cb7693eb\/Frytkownica-Beztluszczowa-Bezolejowa-AirFryer-VOKSAR-W11-5L-12w1-PRZEPISY-Szerokosc-produktu-26-5-cm\" sizes=\"(min-width: 1200px) 560px, (min-width: 992px) 50vw, 100vw\" srcset=\"https:\/\/a.allegroimg.com\/s360\/11c095\/936d826344ff8cb92d97cb7693eb\/Frytkownica-Beztluszczowa-Bezolejowa-AirFryer-VOKSAR-W11-5L-12w1-PRZEPISY-Szerokosc-produktu-26-5-cm 323w,https:\/\/a.allegroimg.com\/s720\/11c095\/936d826344ff8cb92d97cb7693eb\/Frytkownica-Beztluszczowa-Bezolejowa-AirFryer-VOKSAR-W11-5L-12w1-PRZEPISY-Szerokosc-produktu-26-5-cm 647w,https:\/\/a.allegroimg.com\/s1024\/11c095\/936d826344ff8cb92d97cb7693eb\/Frytkownica-Beztluszczowa-Bezolejowa-AirFryer-VOKSAR-W11-5L-12w1-PRZEPISY-Szerokosc-produktu-26-5-cm 920w,https:\/\/a.allegroimg.com\/s1440\/11c095\/936d826344ff8cb92d97cb7693eb\/Frytkownica-Beztluszczowa-Bezolejowa-AirFryer-VOKSAR-W11-5L-12w1-PRZEPISY-Szerokosc-produktu-26-5-cm 1023w,https:\/\/a.allegroimg.com\/original\/11c095\/936d826344ff8cb92d97cb7693eb\/Frytkownica-Beztluszczowa-Bezolejowa-AirFryer-VOKSAR-W11-5L-12w1-PRZEPISY-Szerokosc-produktu-26-5-cm 1023w\" alt=\"Frytkownica Bezt\u0142uszczowa Bezolejowa AirFryer VOKSAR W11 5L 12w1 + PRZEPISY Szeroko\u015b\u0107 produktu 26.5 cm\" width=\"1023px\" \/><\/div>\n<\/div>\n<\/div>\n<\/div>\n<\/div>\n<div class=\"mpof_ki myre_zn myre_8v_l m389_6m_l\">\n<div class=\"mp4t_16_s mryx_16_s mr3m_1 mli2_1 mh85_56 mh85_0_l\">\n<div class=\"mgn2_16 _0d3bd_am0a-\">\n<h2>Specyfikacja:<\/h2>\n<ul>\n<li><b>Maksymalna moc grzewcza ca\u0142kowita:<\/b> 1500W<\/li>\n<li><b>Zakres temperatury:<\/b> 76\u00b0-200\u00b0<\/li>\n<li><b>Maksymalny czas timera:<\/b> 60 min<\/li>\n<li><b>Minimalny czas timera:<\/b> 1 min<\/li>\n<li><b>D\u0142ugo\u015b\u0107 przewodu:<\/b> 1m<\/li>\n<li><b>Programator:<\/b> 12 program\u00f3w<\/li>\n<li><b>Elektroniczny termostat<\/b>: tak<\/li>\n<li><b>Programy automatyczne:<\/b> tak<\/li>\n<li><b>Sygna\u0142 d\u017awi\u0119kowy:<\/b> tak<\/li>\n<li><b>Typ wy\u015bwietlacza:<\/b> dotykowy<\/li>\n<li><b>Materia\u0142 wykonania tacki:<\/b> pokryte silikonow\u0105 warstw\u0105 nieprzywieraj\u0105c\u0105<\/li>\n<\/ul>\n<\/div>\n<\/div>\n<div class=\"mp4t_16_s mryx_16_s mr3m_1 mli2_1 mh85_56 mh85_0_l\">\n<div class=\"mg9e_8 mj7a_8 mg9e_0_s mvrt_0_s mj7a_0_s mh36_0_s mzmg_6m munh_16_l m3h2_16_l\">\n<div class=\"mp4t_0 mryx_0 munh_56 m3h2_56\">\n<div class=\"mp7g_oh\"><img decoding=\"async\" class=\"msub_k4 mupj_5k mjru_k4 mse2_k4 mp7g_f6 mq1m_0 mj7u_0 m7er_k4 mqen_m6 m31c_d8 m0ux_fp lazyloaded\" src=\"https:\/\/a.allegroimg.com\/original\/117a65\/65a68b2f4f33b8282616cd884f98\/Frytkownica-Beztluszczowa-Bezolejowa-AirFryer-VOKSAR-W11-5L-12w1-PRZEPISY-EAN-GTIN-5907274454698\" sizes=\"(min-width: 1200px) 560px, (min-width: 992px) 50vw, 100vw\" srcset=\"https:\/\/a.allegroimg.com\/s360\/117a65\/65a68b2f4f33b8282616cd884f98\/Frytkownica-Beztluszczowa-Bezolejowa-AirFryer-VOKSAR-W11-5L-12w1-PRZEPISY-EAN-GTIN-5907274454698 360w,https:\/\/a.allegroimg.com\/s720\/117a65\/65a68b2f4f33b8282616cd884f98\/Frytkownica-Beztluszczowa-Bezolejowa-AirFryer-VOKSAR-W11-5L-12w1-PRZEPISY-EAN-GTIN-5907274454698 720w,https:\/\/a.allegroimg.com\/s1024\/117a65\/65a68b2f4f33b8282616cd884f98\/Frytkownica-Beztluszczowa-Bezolejowa-AirFryer-VOKSAR-W11-5L-12w1-PRZEPISY-EAN-GTIN-5907274454698 1024w,https:\/\/a.allegroimg.com\/s1440\/117a65\/65a68b2f4f33b8282616cd884f98\/Frytkownica-Beztluszczowa-Bezolejowa-AirFryer-VOKSAR-W11-5L-12w1-PRZEPISY-EAN-GTIN-5907274454698 1440w,https:\/\/a.allegroimg.com\/original\/117a65\/65a68b2f4f33b8282616cd884f98\/Frytkownica-Beztluszczowa-Bezolejowa-AirFryer-VOKSAR-W11-5L-12w1-PRZEPISY-EAN-GTIN-5907274454698 2560w\" alt=\"Frytkownica Bezt\u0142uszczowa Bezolejowa AirFryer VOKSAR W11 5L 12w1 + PRZEPISY EAN (GTIN) 5907274454698\" width=\"2560px\" \/><\/div>\n<\/div>\n<\/div>\n<\/div>\n<\/div>","protected":false},"excerpt":{"rendered":"<p>VOKSAR W11 AirFryer: Zdrowe gotowanie w kompaktowym wydaniu! Ta wszechstronna frytkownica bezt\u0142uszczowa o mocy 1500W i pojemno\u015bci 5L oferuje 12 automatycznych program\u00f3w, dotykowy panel oraz szeroki zakres temperatur (76-200\u00b0C). Idealna do codziennego u\u017cytku \u2013 zapewnia szybkie przyrz\u0105dzanie chrupi\u0105cych potraw bez dymu i t\u0142uszczu, a \u0142atwe czyszczenie zaoszcz\u0119dzi Tw\u00f3j cenny czas.<\/p>","protected":false},"featured_media":1380,"comment_status":"open","ping_status":"closed","template":"","meta":{"_bst_post_transparent":"default","_bst_post_title":"","_bst_post_layout":"default","_bst_post_sidebar_id":"","_bst_post_content_style":"default","_bst_post_vertical_padding":"default","_bst_post_feature":"","_bst_post_feature_position":"","_bst_post_header":false,"_bst_post_footer":false},"product_brand":[],"product_cat":[88],"product_tag":[],"class_list":{"0":"post-1382","1":"product","2":"type-product","3":"status-publish","4":"has-post-thumbnail","6":"product_cat-frytkownice","8":"first","9":"instock","10":"shipping-taxable","11":"purchasable","12":"product-type-simple","13":"entry","14":"content-bg","15":"loop-entry"},"_links":{"self":[{"href":"https:\/\/voksar.pl\/de\/wp-json\/wp\/v2\/product\/1382","targetHints":{"allow":["GET"]}}],"collection":[{"href":"https:\/\/voksar.pl\/de\/wp-json\/wp\/v2\/product"}],"about":[{"href":"https:\/\/voksar.pl\/de\/wp-json\/wp\/v2\/types\/product"}],"replies":[{"embeddable":true,"href":"https:\/\/voksar.pl\/de\/wp-json\/wp\/v2\/comments?post=1382"}],"wp:featuredmedia":[{"embeddable":true,"href":"https:\/\/voksar.pl\/de\/wp-json\/wp\/v2\/media\/1380"}],"wp:attachment":[{"href":"https:\/\/voksar.pl\/de\/wp-json\/wp\/v2\/media?parent=1382"}],"wp:term":[{"taxonomy":"product_brand","embeddable":true,"href":"https:\/\/voksar.pl\/de\/wp-json\/wp\/v2\/product_brand?post=1382"},{"taxonomy":"product_cat","embeddable":true,"href":"https:\/\/voksar.pl\/de\/wp-json\/wp\/v2\/product_cat?post=1382"},{"taxonomy":"product_tag","embeddable":true,"href":"https:\/\/voksar.pl\/de\/wp-json\/wp\/v2\/product_tag?post=1382"}],"curies":[{"name":"wp","href":"https:\/\/api.w.org\/{rel}","templated":true}]}}