{"id":1272,"date":"2025-11-12T13:51:52","date_gmt":"2025-11-12T12:51:52","guid":{"rendered":"https:\/\/voksar.pl\/?page_id=1272"},"modified":"2026-04-09T15:07:23","modified_gmt":"2026-04-09T13:07:23","slug":"regulamin-sklepu","status":"publish","type":"page","link":"https:\/\/voksar.pl\/de\/regulamin-sklepu\/","title":{"rendered":"Shop-Regeln"},"content":{"rendered":"<p>Niniejszy regulamin okre\u015bla zasady korzystania ze sklepu internetowego voksar.pl, w tym zawierania um\u00f3w sprzeda\u017cy, prawa i obowi\u0105zki kupuj\u0105cych, a tak\u017ce najwa\u017cniejsze informacje o sprzedawcy i sklepie.<\/p>\n\n\n\n<h2 class=\"wp-block-heading\"><strong>SPIS TRE\u015aCI<\/strong><\/h2>\n\n\n\n<ol class=\"wp-block-list\">\n<li>Definicje<\/li>\n\n\n\n<li>Kontakt ze sprzedawc\u0105<\/li>\n\n\n\n<li>Wymagania techniczne<\/li>\n\n\n\n<li>Zasady zakup\u00f3w<\/li>\n\n\n\n<li>Metody p\u0142atno\u015bci<\/li>\n\n\n\n<li>Realizacja zam\u00f3wienia<\/li>\n\n\n\n<li>Prawo do odst\u0105pienia od umowy<\/li>\n\n\n\n<li>Wyj\u0105tki od prawa odst\u0105pienia<\/li>\n\n\n\n<li>Procedura reklamacyjna<\/li>\n\n\n\n<li>Ochrona danych osobowych<\/li>\n\n\n\n<li>Postanowienia ko\u0144cowe<\/li>\n<\/ol>\n\n\n\n<h2 class=\"wp-block-heading\"><strong>1. DEFINICJE<\/strong><\/h2>\n\n\n\n<ol class=\"wp-block-list\">\n<li>Dni robocze: dni od poniedzia\u0142ku do pi\u0105tku, wy\u0142\u0105czaj\u0105c dni ustawowo wolne od pracy.<\/li>\n\n\n\n<li>Konto: bezp\u0142atna funkcjonalno\u015b\u0107 sklepu, umo\u017cliwiaj\u0105ca kupuj\u0105cemu stworzenie<br>indywidualnego konta i przechowywanie danych do przysz\u0142ych zakup\u00f3w.<\/li>\n\n\n\n<li>Konsument: osoba fizyczna dokonuj\u0105ca zakupu na potrzeby niezwi\u0105zane bezpo\u015brednio z dzia\u0142alno\u015bci\u0105 gospodarcz\u0105.<\/li>\n\n\n\n<li>Kupuj\u0105cy: ka\u017cdy klient dokonuj\u0105cy zakupu w sklepie, zar\u00f3wno konsument, jak i<br>przedsi\u0119biorca.<\/li>\n\n\n\n<li>Regulamin: niniejszy dokument okre\u015blaj\u0105cy zasady zakup\u00f3w w sklepie voksar.pl<\/li>\n\n\n\n<li>Sklep: sklep internetowy prowadzony przez Sprzedawc\u0119 pod adresem voksar.pl.<\/li>\n\n\n\n<li>Sprzedawca: FOKSER SP\u00d3\u0141KA Z OGRANICZON\u0104 ODPOWIEDZIALNO\u015aCI\u0104, ul. Marii Sk\u0142odowskiej-Curie 37\/3 41-103 Siemianowice \u015al\u0105skie o numerze NIP: 6431781703<\/li>\n<\/ol>\n\n\n\n<h2 class=\"wp-block-heading\"><strong>2. KONTAKT ZE SPRZEDAWC\u0104<\/strong><\/h2>\n\n\n\n<ol class=\"wp-block-list\">\n<li>Adres korespondencyjny: ul. Marii Sk\u0142odowskiej-Curie 37\/3 41-103 Siemianowice \u015al\u0105skie<\/li>\n\n\n\n<li>Adres e-mail: kontakt@voksar.pl<\/li>\n<\/ol>\n\n\n\n<h2 class=\"wp-block-heading\"><strong>3. WYMAGANIA TECHNICZNE<\/strong><\/h2>\n\n\n\n<ol class=\"wp-block-list\">\n<li>Aby korzysta\u0107 z pe\u0142nej funkcjonalno\u015bci sklepu voksar.pl, niezb\u0119dne jest urz\u0105dzenie z<br>dost\u0119pem do internetu oraz przegl\u0105darka internetowa obs\u0142uguj\u0105ca pliki cookies.<\/li>\n\n\n\n<li>Kupuj\u0105cy musi posiada\u0107 aktywny adres e-mail, aby z\u0142o\u017cy\u0107 zam\u00f3wienie w sklepie.<\/li>\n<\/ol>\n\n\n\n<h2 class=\"wp-block-heading\"><strong>4. ZASADY ZAKUP\u00d3W<\/strong><\/h2>\n\n\n\n<ol class=\"wp-block-list\">\n<li>Wszystkie ceny podane w sklepie s\u0105 cenami brutto (Sprzedawca korzysta ze zwolnienia z podatku VAT na podstawie art. 113 ust. 1 ustawy o podatku od towar\u00f3w i us\u0142ug).<\/li>\n\n\n\n<li>Ostateczna kwota zam\u00f3wienia obejmuje cen\u0119 towaru oraz koszty dostawy, kt\u00f3re s\u0105<br>widoczne w trakcie sk\u0142adania zam\u00f3wienia.<\/li>\n\n\n\n<li>Aby zakupi\u0107 produkt, kupuj\u0105cy musi doda\u0107 go do koszyka, wybra\u0107 spos\u00f3b dostawy i<br>metod\u0119 p\u0142atno\u015bci, a nast\u0119pnie wprowadzi\u0107 wymagane dane.<\/li>\n\n\n\n<li>Potwierdzenie zam\u00f3wienia i akceptacja regulaminu przez kupuj\u0105cego oznacza zawarcie umowy sprzeda\u017cy.<\/li>\n\n\n\n<li>Potwierdzenie zawarcia umowy sprzeda\u017cy zostanie przes\u0142ane kupuj\u0105cemu na trwa\u0142ym no\u015bniku (np. e-mailem) przed dostarczeniem towaru.<\/li>\n\n\n\n<li>Zakupy w sklepie mo\u017cna dokonywa\u0107 zar\u00f3wno z za\u0142o\u017ceniem konta, jak i bez jego rejestracji.<\/li>\n<\/ol>\n\n\n\n<h2 class=\"wp-block-heading\"><strong>5. METODY P\u0141ATNO\u015aCI<\/strong><\/h2>\n\n\n\n<ol class=\"wp-block-list\">\n<li>Dost\u0119pne s\u0105 nast\u0119puj\u0105ce metody p\u0142atno\u015bci:\n<ol class=\"wp-block-list\">\n<li>Przelew bankowy<\/li>\n\n\n\n<li>P\u0142atno\u015b\u0107 kart\u0105: Visa, MasterCard<\/li>\n\n\n\n<li>BLIK<\/li>\n\n\n\n<li>Klarna<\/li>\n\n\n\n<li>Apple Pay<\/li>\n\n\n\n<li>Google Pay<\/li>\n<\/ol>\n<\/li>\n\n\n\n<li>W przypadku wyboru p\u0142atno\u015bci z g\u00f3ry, kupuj\u0105cy musi ui\u015bci\u0107 op\u0142at\u0119 w ci\u0105gu 24 godzin<br>od z\u0142o\u017cenia zam\u00f3wienia. W przypadku braku wp\u0142aty w ci\u0105gu 24 godzin od momentu z\u0142o\u017cenia<br>zam\u00f3wienia, zam\u00f3wienie zostanie anulowane.<\/li>\n<\/ol>\n\n\n\n<h2 class=\"wp-block-heading\"><strong>6. REALIZACJA ZAM\u00d3WIENIA<\/strong><\/h2>\n\n\n\n<ol class=\"wp-block-list\">\n<li>Sprzedawca zobowi\u0105zuje si\u0119 do dostarczenia produkt\u00f3w nowych oraz bez wad.<\/li>\n\n\n\n<li>Czas realizacji zam\u00f3wienia wynosi do 2 dni roboczych<\/li>\n\n\n\n<li>Zam\u00f3wienia realizowane s\u0105 po zaksi\u0119gowaniu wp\u0142aty, je\u015bli wybrana zosta\u0142a p\u0142atno\u015b\u0107 z g\u00f3ry.<\/li>\n\n\n\n<li>Wysy\u0142ka odbywa si\u0119 na terenie Polski za po\u015brednictwem platformy wysy\u0142kowej<br>www.furgonetka.pl<\/li>\n<\/ol>\n\n\n\n<h2 class=\"wp-block-heading\"><strong>7. PRAWO DO ODST\u0104PIENIA OD UMOWY<\/strong><\/h2>\n\n\n\n<ol class=\"wp-block-list\">\n<li>Konsument ma prawo odst\u0105pi\u0107 od umowy w terminie 14 dni od dnia otrzymania<br>towaru, bez podania przyczyny.<\/li>\n\n\n\n<li>Klient pokrywa koszty zwrotu towaru.<\/li>\n\n\n\n<li>Czas rozpatrzenia reklamacji wynosi do 14 dni kalendarzowych.<\/li>\n\n\n\n<li>Aby skorzysta\u0107 z prawa odst\u0105pienia od umowy, nale\u017cy przes\u0142a\u0107 o\u015bwiadczenie drog\u0105<br>elektroniczn\u0105 na adres: kontakt@voksar.pl<\/li>\n\n\n\n<li>Adres do zwrot\u00f3w: Fokser Sp. z o.o. Legnicka 84\/86, 41-500 Chorz\u00f3w<\/li>\n<\/ol>\n\n\n\n<h2 class=\"wp-block-heading\"><strong>8. WYJ\u0104TKI OD PRAWA ODST\u0104PIENIA<\/strong><\/h2>\n\n\n\n<ol class=\"wp-block-list\">\n<li>Prawo odst\u0105pienia nie przys\u0142uguje, gdy towar nie nadaje si\u0119 do zwrotu z powod\u00f3w higienicznych np. po otwarciu fabrycznego opakowania.<\/li>\n<\/ol>\n\n\n\n<h2 class=\"wp-block-heading\"><strong><em>9. PROCEDURA REKLAMACYJNA<\/em><\/strong><\/h2>\n\n\n\n<ol class=\"wp-block-list\">\n<li>Reklamacje dotycz\u0105ce wad towaru mo\u017cna sk\u0142ada\u0107 na podstawie r\u0119kojmi lub gwarancji.<\/li>\n\n\n\n<li>Reklamacje s\u0105 rozpatrywane w przeci\u0105gu 14 dni roboczych.<\/li>\n\n\n\n<li>W przypadku r\u0119kojmi, kupuj\u0105cy ma prawo \u017c\u0105da\u0107 naprawy, wymiany towaru na nowy,<br>obni\u017cenia ceny lub odst\u0105pienia od umowy.<\/li>\n\n\n\n<li>Reklamacje mo\u017cna sk\u0142ada\u0107 pisemnie na adres siedziby sprzedawcy lub elektronicznie na<br>adres e-mail kontakt@metalsolution-1.local<\/li>\n<\/ol>\n\n\n\n<h2 class=\"wp-block-heading\"><strong>10. OCHRONA DANYCH OSOBOWYCH<\/strong><\/h2>\n\n\n\n<ol class=\"wp-block-list\">\n<li>Administratorem danych osobowych jest FOKSER SP\u00d3\u0141KA Z OGRANICZON\u0104 ODPOWIEDZIALNO\u015aCI\u0104, ul. Marii Sk\u0142odowskiej-Curie 37\/3 41-103 Siemianowice \u015al\u0105skie<\/li>\n\n\n\n<li>Dane osobowe przetwarzane s\u0105 w celu realizacji umowy sprzeda\u017cy, zgodnie z przepisami RODO.<\/li>\n\n\n\n<li>Szczeg\u00f3\u0142y dotycz\u0105ce przetwarzania danych osobowych, w tym przys\u0142uguj\u0105cych praw<br>kupuj\u0105cego, zawarte s\u0105 w Polityce Prywatno\u015bci dost\u0119pnej na stronie internetowej sklepu.<\/li>\n<\/ol>\n\n\n\n<h2 class=\"wp-block-heading\"><strong>11. POSTANOWIENIA KO\u0143COWE<\/strong><\/h2>\n\n\n\n<ol class=\"wp-block-list\">\n<li>Sklep zastrzega sobie prawo do dokonywania zmian w niniejszym regulaminie. Zmiany nie b\u0119d\u0105 narusza\u0107 praw klient\u00f3w, kt\u00f3rzy z\u0142o\u017cyli zam\u00f3wienia przed dat\u0105 wprowadzenia zmian.<\/li>\n\n\n\n<li>Regulamin wchodzi w \u017cycie z dniem opublikowania na stronie internetowej sklepu.<\/li>\n<\/ol>","protected":false},"excerpt":{"rendered":"<p>Niniejszy regulamin okre\u015bla zasady korzystania ze sklepu internetowego voksar.pl, w tym zawierania um\u00f3w sprzeda\u017cy, prawa i obowi\u0105zki kupuj\u0105cych, a tak\u017ce najwa\u017cniejsze informacje o sprzedawcy i sklepie. SPIS TRE\u015aCI 1. DEFINICJE 2. KONTAKT ZE SPRZEDAWC\u0104 3. WYMAGANIA TECHNICZNE 4. ZASADY ZAKUP\u00d3W 5. METODY P\u0141ATNO\u015aCI 6. REALIZACJA ZAM\u00d3WIENIA 7. PRAWO DO ODST\u0104PIENIA OD UMOWY 8. WYJ\u0104TKI OD&#8230;<\/p>","protected":false},"author":1,"featured_media":0,"parent":0,"menu_order":0,"comment_status":"closed","ping_status":"closed","template":"","meta":{"_bst_post_transparent":"","_bst_post_title":"","_bst_post_layout":"","_bst_post_sidebar_id":"","_bst_post_content_style":"","_bst_post_vertical_padding":"","_bst_post_feature":"","_bst_post_feature_position":"","_bst_post_header":false,"_bst_post_footer":false,"footnotes":""},"class_list":["post-1272","page","type-page","status-publish","hentry"],"_links":{"self":[{"href":"https:\/\/voksar.pl\/de\/wp-json\/wp\/v2\/pages\/1272","targetHints":{"allow":["GET"]}}],"collection":[{"href":"https:\/\/voksar.pl\/de\/wp-json\/wp\/v2\/pages"}],"about":[{"href":"https:\/\/voksar.pl\/de\/wp-json\/wp\/v2\/types\/page"}],"author":[{"embeddable":true,"href":"https:\/\/voksar.pl\/de\/wp-json\/wp\/v2\/users\/1"}],"replies":[{"embeddable":true,"href":"https:\/\/voksar.pl\/de\/wp-json\/wp\/v2\/comments?post=1272"}],"version-history":[{"count":3,"href":"https:\/\/voksar.pl\/de\/wp-json\/wp\/v2\/pages\/1272\/revisions"}],"predecessor-version":[{"id":1621,"href":"https:\/\/voksar.pl\/de\/wp-json\/wp\/v2\/pages\/1272\/revisions\/1621"}],"wp:attachment":[{"href":"https:\/\/voksar.pl\/de\/wp-json\/wp\/v2\/media?parent=1272"}],"curies":[{"name":"wp","href":"https:\/\/api.w.org\/{rel}","templated":true}]}}